{"id":1026,"date":"2017-06-18T14:39:59","date_gmt":"2017-06-18T13:39:59","guid":{"rendered":"https:\/\/saborbio.com\/sb\/?post_type=product&#038;p=1026"},"modified":"2026-04-06T18:23:26","modified_gmt":"2026-04-06T17:23:26","slug":"piri-piri-em-aguardente-de-fruta","status":"publish","type":"product","link":"https:\/\/saborbio.com\/sb\/en\/loja\/piri-piri-em-aguardente-de-fruta\/","title":{"rendered":"Chili Peppers in Fruit Brandy"},"content":{"rendered":"<div id=\"gap-192288190\" class=\"gap-element clearfix\" style=\"display:block; height:auto;\">\n\t\t\n<style>\n#gap-192288190 {\n  padding-top: 30px;\n}\n<\/style>\n\t<\/div>\n\t\n<p style=\"text-align: justify;\">Originating from Mozambique, piri-piri was introduced to Portugal and became common in Portuguese cuisine. Versatile, it can be used in various recipes, even in desserts, especially when paired with chocolate, but it should be used in moderation.<\/p>\n<p style=\"text-align: justify;\">With the potential to reach 175,000 units on the Scoville scale, it is spicier than cayenne pepper or Tabasco sauce, so it should be used with caution. Just one or two drops in a dish, or a small spoonful added during cooking, may be sufficient for those who are not accustomed to it.<\/p>\n<p style=\"text-align: justify;\">The piri-piris we use are exclusively produced for us in the West or <em>Oeste<\/em> region of Portugal, and are available fresh, dried, ground, and in fruit brandy.<\/p>\n\t<div id=\"gap-1146116335\" class=\"gap-element clearfix\" style=\"display:block; height:auto;\">\n\t\t\n<style>\n#gap-1146116335 {\n  padding-top: 30px;\n}\n<\/style>\n\t<\/div>\n\t\n<h4>Production process<\/h4>\n<div class=\"is-divider divider clearfix\" ><\/div>\n<p style=\"text-align: justify;\">The process of producing our fruit brandy-based chili sauce is simple. We select some of our fruit brandy, and add chili peppers to it. The alcohol absorbs the color, flavor, and spiciness of the chili peppers, and the longer they macerate, the spicier the sauce becomes. We highlight the production year on the bottles to indicate intensity, but the color of the chili peppers is also a good indicator - the less colorful they are, the spicier the sauce.<\/p>\n<p style=\"text-align: justify;\">When it comes to using our chili peppers in fruit brandy in cooking, the possibilities are endless. It is essentially used the same way as chili peppers in olive oil, but with some additional advantages. One of them is its long shelf life: as long as the alcohol does not evaporate, the sauce can last for years. This is ideal for those who use spicy sauce occasionally.<\/p>\n<p style=\"text-align: justify;\">Another advantage is its pure flavor. The alcohol is virtually imperceptible in terms of taste and smell - only the spiciness stands out. This makes it an excellent option for dishes where the taste of olive oil is not desired - such as in a spicy chocolate mousse, for example.<\/p>\n<p style=\"text-align: justify;\">Of all the forms in which we offer our chili peppers, the version in fruit brandy is the most versatile in terms of usage. You can add a dessert spoon while cooking, or a few drops directly onto the dish for an extra spicy touch. It's a great option when not everyone has the same preferences.<\/p>\n<p style=\"text-align: justify;\">And best of all, there is no waste - in addition to the sauce, you can also enjoy the chili peppers inside the bottle, adding even more flavor to your dishes.<\/p>","protected":false},"excerpt":{"rendered":"<p style=\"text-align: justify;\">The piri-piri peppers we use are produced exclusively for us in the West region of Portugal. We offer them in various ways to optimize their use. For this product, we select some of our fruit brandy, and add small piri-piri peppers, resulting in a versatile spicy sauce.<\/p>\n\t\t<div class=\"wccs-bulk-pricing-table-container\">\n\t\t\t\t\r\n\r\n<table>\r\n<thead>\r\n<tr>\r\n<th>quantity<sup>(1)<\/sup><\/th>\r\n<th>discount<\/th>\r\n<th>price<sup>(2)<\/sup><\/th>\r\n<th>price<sup>(3)<\/sup><\/th>\r\n<\/tr>\r\n<\/thead>\r\n<tbody>\r\n<tr>\r\n<td>2 - 3<\/td>\r\n<td>39%<\/td>\r\n<td><span class=\"woocommerce-Price-amount amount\">6,64<span class=\"woocommerce-Price-currencySymbol\">\u20ac<\/span><\/span><\/td>\r\n<td rowspan=\"7\"><span class=\"woocommerce-Price-amount amount\">4,34<span class=\"woocommerce-Price-currencySymbol\">\u20ac<\/span><\/span><\/td>\r\n<\/tr>\r\n<tr>\r\n<td>4<\/td>\r\n<td>43%<\/td>\r\n<td><span class=\"woocommerce-Price-amount amount\">6,21<span class=\"woocommerce-Price-currencySymbol\">\u20ac<\/span><\/span><\/td>\r\n<\/tr>\r\n<tr>\r\n<td>5 - 6<\/td>\r\n<td>45%<\/td>\r\n<td><span class=\"woocommerce-Price-amount amount\">5,99<span class=\"woocommerce-Price-currencySymbol\">\u20ac<\/span><\/span><\/td>\r\n<\/tr>\r\n<tr>\r\n<td>7 - 9<\/td>\r\n<td>47%<\/td>\r\n<td><span class=\"woocommerce-Price-amount amount\">5,77<span class=\"woocommerce-Price-currencySymbol\">\u20ac<\/span><\/span><\/td>\r\n<\/tr>\r\n<tr>\r\n<td>10 - 14<\/td>\r\n<td>49%<\/td>\r\n<td><span class=\"woocommerce-Price-amount amount\">5,55<span class=\"woocommerce-Price-currencySymbol\">\u20ac<\/span><\/span><\/td>\r\n<\/tr>\r\n<tr>\r\n<td>15 - 32<\/td>\r\n<td>50%<\/td>\r\n<td><span class=\"woocommerce-Price-amount amount\">5,45<span class=\"woocommerce-Price-currencySymbol\">\u20ac<\/span><\/span><\/td>\r\n<\/tr>\r\n<tr>\r\n<td>33 +<\/td>\r\n<td>51%<\/td>\r\n<td><span class=\"woocommerce-Price-amount amount\">5,34<span class=\"woocommerce-Price-currencySymbol\">\u20ac<\/span><\/span><\/td>\r\n<\/tr>\r\n<\/tbody>\r\n<\/table>\r\n\t\t<\/div>\n\t\r\n\t<div id=\"text-471511871\" class=\"text\">\n\t\t\r\n\r\n<p><sup>(1)<\/sup> total items in cart <br \/><sup>(2)<\/sup> shipping by courier <br \/><sup>(3)<\/sup> pickup at SB<\/p>\r\n\r\n\t\t\n<style>\n#text-471511871 {\n  font-size: 0.8rem;\n  text-align: left;\n}\n<\/style>\n\t<\/div>","protected":false},"featured_media":1027,"comment_status":"open","ping_status":"closed","template":"","meta":[],"product_brand":[],"product_cat":[85],"product_tag":[94,108,114],"class_list":{"0":"post-1026","1":"product","2":"type-product","3":"status-publish","4":"has-post-thumbnail","6":"product_cat-piri-piri","7":"product_tag-10cl","8":"product_tag-condimentos","9":"product_tag-piri-piri","10":"product_shipping_class-chilli","12":"first","13":"instock","14":"taxable","15":"shipping-taxable","16":"purchasable","17":"product-type-simple"},"yoast_head":"<!-- This site is optimized with the Yoast SEO plugin v27.3 - https:\/\/yoast.com\/product\/yoast-seo-wordpress\/ -->\n<title>Piri-Piri em Aguardente de Fruta | SABOR BIO<\/title>\n<meta name=\"robots\" content=\"index, follow, max-snippet:-1, max-image-preview:large, max-video-preview:-1\" \/>\n<link rel=\"canonical\" href=\"https:\/\/saborbio.com\/sb\/en\/loja\/piri-piri-em-aguardente-de-fruta\/\" \/>\n<meta property=\"og:locale\" content=\"en_US\" \/>\n<meta property=\"og:type\" content=\"article\" \/>\n<meta property=\"og:title\" content=\"Piri-Piri em Aguardente de Fruta | SABOR BIO\" \/>\n<meta property=\"og:description\" content=\"O Piri-Piri que usamos \u00e9 produzido exclusivamente para n\u00f3s na regi\u00e3o Oeste. Oferecemos-o de v\u00e1rias maneiras para otimizar a sua utiliza\u00e7\u00e3o. Para este produto, selecionamos parte da nossa aguardente de fruta, e adicionamos pequenos piri-piris, resultando num molho picante vers\u00e1til.\" \/>\n<meta property=\"og:url\" content=\"https:\/\/saborbio.com\/sb\/en\/loja\/piri-piri-em-aguardente-de-fruta\/\" \/>\n<meta property=\"og:site_name\" content=\"SABOR BIO\" \/>\n<meta property=\"article:publisher\" content=\"http:\/\/www.facebook.com\/saborbio\" \/>\n<meta property=\"article:modified_time\" content=\"2026-04-06T17:23:26+00:00\" \/>\n<meta property=\"og:image\" content=\"https:\/\/saborbio.com\/sb\/wp-content\/uploads\/2024\/05\/5608604000140PiripiriAguardente.jpg\" \/>\n\t<meta property=\"og:image:width\" content=\"1100\" \/>\n\t<meta property=\"og:image:height\" content=\"1100\" \/>\n\t<meta property=\"og:image:type\" content=\"image\/jpeg\" \/>\n<meta name=\"twitter:card\" content=\"summary_large_image\" \/>\n<meta name=\"twitter:label1\" content=\"Est. reading time\" \/>\n\t<meta name=\"twitter:data1\" content=\"3 minutes\" \/>\n<script type=\"application\/ld+json\" class=\"yoast-schema-graph\">{\"@context\":\"https:\\\/\\\/schema.org\",\"@graph\":[{\"@type\":\"WebPage\",\"@id\":\"https:\\\/\\\/saborbio.com\\\/sb\\\/loja\\\/piri-piri-em-aguardente-de-fruta\\\/\",\"url\":\"https:\\\/\\\/saborbio.com\\\/sb\\\/loja\\\/piri-piri-em-aguardente-de-fruta\\\/\",\"name\":\"Piri-Piri em Aguardente de Fruta | SABOR BIO\",\"isPartOf\":{\"@id\":\"https:\\\/\\\/saborbio.com\\\/sb\\\/en\\\/#website\"},\"primaryImageOfPage\":{\"@id\":\"https:\\\/\\\/saborbio.com\\\/sb\\\/loja\\\/piri-piri-em-aguardente-de-fruta\\\/#primaryimage\"},\"image\":{\"@id\":\"https:\\\/\\\/saborbio.com\\\/sb\\\/loja\\\/piri-piri-em-aguardente-de-fruta\\\/#primaryimage\"},\"thumbnailUrl\":\"https:\\\/\\\/saborbio.com\\\/sb\\\/wp-content\\\/uploads\\\/2024\\\/05\\\/5608604000140PiripiriAguardente.jpg\",\"datePublished\":\"2017-06-18T13:39:59+00:00\",\"dateModified\":\"2026-04-06T17:23:26+00:00\",\"breadcrumb\":{\"@id\":\"https:\\\/\\\/saborbio.com\\\/sb\\\/loja\\\/piri-piri-em-aguardente-de-fruta\\\/#breadcrumb\"},\"inLanguage\":\"en-US\",\"potentialAction\":[{\"@type\":\"ReadAction\",\"target\":[\"https:\\\/\\\/saborbio.com\\\/sb\\\/loja\\\/piri-piri-em-aguardente-de-fruta\\\/\"]}]},{\"@type\":\"ImageObject\",\"inLanguage\":\"en-US\",\"@id\":\"https:\\\/\\\/saborbio.com\\\/sb\\\/loja\\\/piri-piri-em-aguardente-de-fruta\\\/#primaryimage\",\"url\":\"https:\\\/\\\/saborbio.com\\\/sb\\\/wp-content\\\/uploads\\\/2024\\\/05\\\/5608604000140PiripiriAguardente.jpg\",\"contentUrl\":\"https:\\\/\\\/saborbio.com\\\/sb\\\/wp-content\\\/uploads\\\/2024\\\/05\\\/5608604000140PiripiriAguardente.jpg\",\"width\":1100,\"height\":1100,\"caption\":\"Garrafa de Piri-Piri em Aguardente 10cl\"},{\"@type\":\"BreadcrumbList\",\"@id\":\"https:\\\/\\\/saborbio.com\\\/sb\\\/loja\\\/piri-piri-em-aguardente-de-fruta\\\/#breadcrumb\",\"itemListElement\":[{\"@type\":\"ListItem\",\"position\":1,\"name\":\"Home\",\"item\":\"https:\\\/\\\/saborbio.com\\\/sb\\\/\"},{\"@type\":\"ListItem\",\"position\":2,\"name\":\"Loja\",\"item\":\"https:\\\/\\\/saborbio.com\\\/sb\\\/\"},{\"@type\":\"ListItem\",\"position\":3,\"name\":\"Piri-Piri em Aguardente de Fruta\"}]},{\"@type\":\"WebSite\",\"@id\":\"https:\\\/\\\/saborbio.com\\\/sb\\\/en\\\/#website\",\"url\":\"https:\\\/\\\/saborbio.com\\\/sb\\\/en\\\/\",\"name\":\"SABOR BIO\",\"description\":\"O melhor sabor da fruta\",\"publisher\":{\"@id\":\"https:\\\/\\\/saborbio.com\\\/sb\\\/en\\\/#organization\"},\"potentialAction\":[{\"@type\":\"SearchAction\",\"target\":{\"@type\":\"EntryPoint\",\"urlTemplate\":\"https:\\\/\\\/saborbio.com\\\/sb\\\/en\\\/?s={search_term_string}\"},\"query-input\":{\"@type\":\"PropertyValueSpecification\",\"valueRequired\":true,\"valueName\":\"search_term_string\"}}],\"inLanguage\":\"en-US\"},{\"@type\":\"Organization\",\"@id\":\"https:\\\/\\\/saborbio.com\\\/sb\\\/en\\\/#organization\",\"name\":\"SABOR BIO\",\"url\":\"https:\\\/\\\/saborbio.com\\\/sb\\\/en\\\/\",\"logo\":{\"@type\":\"ImageObject\",\"inLanguage\":\"en-US\",\"@id\":\"https:\\\/\\\/saborbio.com\\\/sb\\\/en\\\/#\\\/schema\\\/logo\\\/image\\\/\",\"url\":\"https:\\\/\\\/saborbio.com\\\/sb\\\/wp-content\\\/uploads\\\/2023\\\/11\\\/SaborbioWeb.png\",\"contentUrl\":\"https:\\\/\\\/saborbio.com\\\/sb\\\/wp-content\\\/uploads\\\/2023\\\/11\\\/SaborbioWeb.png\",\"width\":488,\"height\":137,\"caption\":\"SABOR BIO\"},\"image\":{\"@id\":\"https:\\\/\\\/saborbio.com\\\/sb\\\/en\\\/#\\\/schema\\\/logo\\\/image\\\/\"},\"sameAs\":[\"http:\\\/\\\/www.facebook.com\\\/saborbio\",\"https:\\\/\\\/www.linkedin.com\\\/company\\\/sabor-bio\",\"http:\\\/\\\/www.pinterest.com\\\/saborbio\\\/\"]}]}<\/script>\n<!-- \/ Yoast SEO plugin. -->","yoast_head_json":{"title":"Piri-Piri em Aguardente de Fruta | SABOR BIO","robots":{"index":"index","follow":"follow","max-snippet":"max-snippet:-1","max-image-preview":"max-image-preview:large","max-video-preview":"max-video-preview:-1"},"canonical":"https:\/\/saborbio.com\/sb\/en\/loja\/piri-piri-em-aguardente-de-fruta\/","og_locale":"en_US","og_type":"article","og_title":"Piri-Piri em Aguardente de Fruta | SABOR BIO","og_description":"O Piri-Piri que usamos \u00e9 produzido exclusivamente para n\u00f3s na regi\u00e3o Oeste. Oferecemos-o de v\u00e1rias maneiras para otimizar a sua utiliza\u00e7\u00e3o. Para este produto, selecionamos parte da nossa aguardente de fruta, e adicionamos pequenos piri-piris, resultando num molho picante vers\u00e1til.","og_url":"https:\/\/saborbio.com\/sb\/en\/loja\/piri-piri-em-aguardente-de-fruta\/","og_site_name":"SABOR BIO","article_publisher":"http:\/\/www.facebook.com\/saborbio","article_modified_time":"2026-04-06T17:23:26+00:00","og_image":[{"width":1100,"height":1100,"url":"https:\/\/saborbio.com\/sb\/wp-content\/uploads\/2024\/05\/5608604000140PiripiriAguardente.jpg","type":"image\/jpeg"}],"twitter_card":"summary_large_image","twitter_misc":{"Est. reading time":"3 minutes"},"schema":{"@context":"https:\/\/schema.org","@graph":[{"@type":"WebPage","@id":"https:\/\/saborbio.com\/sb\/loja\/piri-piri-em-aguardente-de-fruta\/","url":"https:\/\/saborbio.com\/sb\/loja\/piri-piri-em-aguardente-de-fruta\/","name":"Piri-Piri em Aguardente de Fruta | SABOR BIO","isPartOf":{"@id":"https:\/\/saborbio.com\/sb\/en\/#website"},"primaryImageOfPage":{"@id":"https:\/\/saborbio.com\/sb\/loja\/piri-piri-em-aguardente-de-fruta\/#primaryimage"},"image":{"@id":"https:\/\/saborbio.com\/sb\/loja\/piri-piri-em-aguardente-de-fruta\/#primaryimage"},"thumbnailUrl":"https:\/\/saborbio.com\/sb\/wp-content\/uploads\/2024\/05\/5608604000140PiripiriAguardente.jpg","datePublished":"2017-06-18T13:39:59+00:00","dateModified":"2026-04-06T17:23:26+00:00","breadcrumb":{"@id":"https:\/\/saborbio.com\/sb\/loja\/piri-piri-em-aguardente-de-fruta\/#breadcrumb"},"inLanguage":"en-US","potentialAction":[{"@type":"ReadAction","target":["https:\/\/saborbio.com\/sb\/loja\/piri-piri-em-aguardente-de-fruta\/"]}]},{"@type":"ImageObject","inLanguage":"en-US","@id":"https:\/\/saborbio.com\/sb\/loja\/piri-piri-em-aguardente-de-fruta\/#primaryimage","url":"https:\/\/saborbio.com\/sb\/wp-content\/uploads\/2024\/05\/5608604000140PiripiriAguardente.jpg","contentUrl":"https:\/\/saborbio.com\/sb\/wp-content\/uploads\/2024\/05\/5608604000140PiripiriAguardente.jpg","width":1100,"height":1100,"caption":"Garrafa de Piri-Piri em Aguardente 10cl"},{"@type":"BreadcrumbList","@id":"https:\/\/saborbio.com\/sb\/loja\/piri-piri-em-aguardente-de-fruta\/#breadcrumb","itemListElement":[{"@type":"ListItem","position":1,"name":"Home","item":"https:\/\/saborbio.com\/sb\/"},{"@type":"ListItem","position":2,"name":"Loja","item":"https:\/\/saborbio.com\/sb\/"},{"@type":"ListItem","position":3,"name":"Piri-Piri em Aguardente de Fruta"}]},{"@type":"WebSite","@id":"https:\/\/saborbio.com\/sb\/en\/#website","url":"https:\/\/saborbio.com\/sb\/en\/","name":"SABOR BIO","description":"O melhor sabor da fruta","publisher":{"@id":"https:\/\/saborbio.com\/sb\/en\/#organization"},"potentialAction":[{"@type":"SearchAction","target":{"@type":"EntryPoint","urlTemplate":"https:\/\/saborbio.com\/sb\/en\/?s={search_term_string}"},"query-input":{"@type":"PropertyValueSpecification","valueRequired":true,"valueName":"search_term_string"}}],"inLanguage":"en-US"},{"@type":"Organization","@id":"https:\/\/saborbio.com\/sb\/en\/#organization","name":"SABOR BIO","url":"https:\/\/saborbio.com\/sb\/en\/","logo":{"@type":"ImageObject","inLanguage":"en-US","@id":"https:\/\/saborbio.com\/sb\/en\/#\/schema\/logo\/image\/","url":"https:\/\/saborbio.com\/sb\/wp-content\/uploads\/2023\/11\/SaborbioWeb.png","contentUrl":"https:\/\/saborbio.com\/sb\/wp-content\/uploads\/2023\/11\/SaborbioWeb.png","width":488,"height":137,"caption":"SABOR BIO"},"image":{"@id":"https:\/\/saborbio.com\/sb\/en\/#\/schema\/logo\/image\/"},"sameAs":["http:\/\/www.facebook.com\/saborbio","https:\/\/www.linkedin.com\/company\/sabor-bio","http:\/\/www.pinterest.com\/saborbio\/"]}]}},"_links":{"self":[{"href":"https:\/\/saborbio.com\/sb\/en\/wp-json\/wp\/v2\/product\/1026","targetHints":{"allow":["GET"]}}],"collection":[{"href":"https:\/\/saborbio.com\/sb\/en\/wp-json\/wp\/v2\/product"}],"about":[{"href":"https:\/\/saborbio.com\/sb\/en\/wp-json\/wp\/v2\/types\/product"}],"replies":[{"embeddable":true,"href":"https:\/\/saborbio.com\/sb\/en\/wp-json\/wp\/v2\/comments?post=1026"}],"wp:featuredmedia":[{"embeddable":true,"href":"https:\/\/saborbio.com\/sb\/en\/wp-json\/wp\/v2\/media\/1027"}],"wp:attachment":[{"href":"https:\/\/saborbio.com\/sb\/en\/wp-json\/wp\/v2\/media?parent=1026"}],"wp:term":[{"taxonomy":"product_brand","embeddable":true,"href":"https:\/\/saborbio.com\/sb\/en\/wp-json\/wp\/v2\/product_brand?post=1026"},{"taxonomy":"product_cat","embeddable":true,"href":"https:\/\/saborbio.com\/sb\/en\/wp-json\/wp\/v2\/product_cat?post=1026"},{"taxonomy":"product_tag","embeddable":true,"href":"https:\/\/saborbio.com\/sb\/en\/wp-json\/wp\/v2\/product_tag?post=1026"}],"curies":[{"name":"wp","href":"https:\/\/api.w.org\/{rel}","templated":true}]}}