{"id":1053,"date":"2017-06-18T16:09:46","date_gmt":"2017-06-18T15:09:46","guid":{"rendered":"https:\/\/saborbio.com\/sb\/?post_type=product&#038;p=1053"},"modified":"2025-12-31T22:51:19","modified_gmt":"2025-12-31T22:51:19","slug":"piri-piri-desidratado","status":"publish","type":"product","link":"https:\/\/saborbio.com\/sb\/en\/loja\/piri-piri-desidratado\/","title":{"rendered":"Dried Chili Peppers"},"content":{"rendered":"<div id=\"gap-1836547152\" class=\"gap-element clearfix\" style=\"display:block; height:auto;\">\n\t\t\n<style>\n#gap-1836547152 {\n  padding-top: 30px;\n}\n<\/style>\n\t<\/div>\n\t\n<p style=\"text-align: justify;\">Originating from Mozambique, piri-piri was introduced to Portugal and became common in Portuguese cuisine. Versatile, it can be used in various recipes, even in desserts, especially when paired with chocolate, but it should be used in moderation.<\/p>\n<p style=\"text-align: justify;\">With the potential to reach 175,000 units on the Scoville scale, it is spicier than cayenne pepper or Tabasco sauce, so it should be used with caution. Just one or two drops in a dish, or a small spoonful added during cooking, may be sufficient for those who are not accustomed to it.<\/p>\n<p style=\"text-align: justify;\">The piri-piris we use are exclusively produced for us in the West or <em>Oeste<\/em> region of Portugal, and are available fresh, dried, ground, and in fruit brandy.<\/p>\n\t<div id=\"gap-1033819987\" class=\"gap-element clearfix\" style=\"display:block; height:auto;\">\n\t\t\n<style>\n#gap-1033819987 {\n  padding-top: 30px;\n}\n<\/style>\n\t<\/div>\n\t\n<h4>Production process<\/h4>\n<div class=\"is-divider divider clearfix\" ><\/div>\n<p style=\"text-align: justify;\">The process to produce our dried chili peppers is simple. We select the best chili peppers and sun-dry them in solar dryers designed for this purpose, protecting them from dust and other elements. We then finish the process slowly in a wood-fired oven for complete drying.<\/p>\n<p style=\"text-align: justify;\">In terms of usage, dried chili peppers are used like any other spice. They can be ground before use - for a more intense flavor - crumbled, or used whole.<\/p>\n<p style=\"text-align: justify;\">They are ideal for use out of season, preserving well, making them great for those who use chili peppers occasionally.<\/p>","protected":false},"excerpt":{"rendered":"<p style=\"text-align: justify;\">The piri-piri peppers we use are produced exclusively for us in the West region of Portugal. We offer them in various ways to optimize their use. For this product, we select the best chili peppers and dry them for preservation. It's ideal for those who want to use chili peppers out of season.<\/p>\n\t<div id=\"text-4284368856\" class=\"text hidden\">\n\t\t\n\n<h4 class=\"uppercase\">Descontos<\/h4>\n\t\t\n<style>\n#text-4284368856 {\n  text-align: left;\n}\n<\/style>\n\t<\/div>\n\t\n\t<div id=\"gap-2132141171\" class=\"gap-element clearfix hidden\" style=\"display:block; height:auto;\">\n\t\t\n<style>\n#gap-2132141171 {\n  padding-top: 30px;\n}\n<\/style>\n\t<\/div>\n\t\n\n\t\t<div class=\"wccs-bulk-pricing-table-container\">\n\t\t\t\t\n\n<table>\n<thead>\n<tr>\n<th>quantity<sup>(1)<\/sup><\/th>\n<th>discount<\/th>\n<th>price<sup>(2)<\/sup><\/th>\n<th>price<sup>(3)<\/sup><\/th>\n<\/tr>\n<\/thead>\n<tbody>\n<tr>\n<td>2 - 12<\/td>\n<td>49%<\/td>\n<td><span class=\"woocommerce-Price-amount amount\">2,54<span class=\"woocommerce-Price-currencySymbol\">\u20ac<\/span><\/span><\/td>\n<td rowspan=\"6\"><span class=\"woocommerce-Price-amount amount\">1,96<span class=\"woocommerce-Price-currencySymbol\">\u20ac<\/span><\/span><\/td>\n<\/tr>\n<tr>\n<td>13 - 15<\/td>\n<td>51%<\/td>\n<td><span class=\"woocommerce-Price-amount amount\">2,45<span class=\"woocommerce-Price-currencySymbol\">\u20ac<\/span><\/span><\/td>\n<\/tr>\n<tr>\n<td>16 - 22<\/td>\n<td>53%<\/td>\n<td><span class=\"woocommerce-Price-amount amount\">2,35<span class=\"woocommerce-Price-currencySymbol\">\u20ac<\/span><\/span><\/td>\n<\/tr>\n<tr>\n<td>23 - 45<\/td>\n<td>55%<\/td>\n<td><span class=\"woocommerce-Price-amount amount\">2,25<span class=\"woocommerce-Price-currencySymbol\">\u20ac<\/span><\/span><\/td>\n<\/tr>\n<tr>\n<td>46 - 79<\/td>\n<td>56%<\/td>\n<td><span class=\"woocommerce-Price-amount amount\">2,20<span class=\"woocommerce-Price-currencySymbol\">\u20ac<\/span><\/span><\/td>\n<\/tr>\n<tr>\n<td>80 +<\/td>\n<td>57%<\/td>\n<td><span class=\"woocommerce-Price-amount amount\">2,15<span class=\"woocommerce-Price-currencySymbol\">\u20ac<\/span><\/span><\/td>\n<\/tr>\n<\/tbody>\n<\/table>\n\t\t<\/div>\n\t\n\t<div id=\"text-1282265841\" class=\"text\">\n\t\t\n\n<p><sup>(1)<\/sup> total items in cart <br \/><sup>(2)<\/sup> shipping by courier <br \/><sup>(3)<\/sup> pickup at SB<\/p>\n\n\t\t\n<style>\n#text-1282265841 {\n  font-size: 0.8rem;\n  text-align: left;\n}\n<\/style>\n\t<\/div>","protected":false},"featured_media":1054,"comment_status":"open","ping_status":"closed","template":"","meta":[],"product_brand":[],"product_cat":[85],"product_tag":[98,108,114],"class_list":{"0":"post-1053","1":"product","2":"type-product","3":"status-publish","4":"has-post-thumbnail","6":"product_cat-piri-piri","7":"product_tag-20gr","8":"product_tag-condimentos","9":"product_tag-piri-piri","10":"product_shipping_class-dried-fruit","12":"first","13":"outofstock","14":"taxable","15":"shipping-taxable","16":"purchasable","17":"product-type-simple"},"yoast_head":"<!-- This site is optimized with the Yoast SEO plugin v27.3 - https:\/\/yoast.com\/product\/yoast-seo-wordpress\/ -->\n<title>Piri-Piri Desidratado | SABOR BIO<\/title>\n<meta name=\"robots\" content=\"index, follow, max-snippet:-1, max-image-preview:large, max-video-preview:-1\" \/>\n<link rel=\"canonical\" href=\"https:\/\/saborbio.com\/sb\/en\/loja\/piri-piri-desidratado\/\" \/>\n<meta property=\"og:locale\" content=\"en_US\" \/>\n<meta property=\"og:type\" content=\"article\" \/>\n<meta property=\"og:title\" content=\"Piri-Piri Desidratado | SABOR BIO\" \/>\n<meta property=\"og:description\" content=\"O Piri-Piri que usamos \u00e9 produzido exclusivamente para n\u00f3s na regi\u00e3o Oeste. Disponibilizamo-lo de v\u00e1rias formas para otimizar a sua utiliza\u00e7\u00e3o. Para este produto, selecionamos os melhores piri-piris e secamo-los para conserva\u00e7\u00e3o. \u00c9 ideal para quem deseja usar piri-piris fora da \u00e9poca.\" \/>\n<meta property=\"og:url\" content=\"https:\/\/saborbio.com\/sb\/en\/loja\/piri-piri-desidratado\/\" \/>\n<meta property=\"og:site_name\" content=\"SABOR BIO\" \/>\n<meta property=\"article:publisher\" content=\"http:\/\/www.facebook.com\/saborbio\" \/>\n<meta property=\"article:modified_time\" content=\"2025-12-31T22:51:19+00:00\" \/>\n<meta property=\"og:image\" content=\"https:\/\/saborbio.com\/sb\/wp-content\/uploads\/2024\/05\/5608604000133PiripiriDesidratado.jpg\" \/>\n\t<meta property=\"og:image:width\" content=\"1100\" \/>\n\t<meta property=\"og:image:height\" content=\"1100\" \/>\n\t<meta property=\"og:image:type\" content=\"image\/jpeg\" \/>\n<meta name=\"twitter:card\" content=\"summary_large_image\" \/>\n<meta name=\"twitter:label1\" content=\"Est. reading time\" \/>\n\t<meta name=\"twitter:data1\" content=\"2 minutes\" \/>\n<script type=\"application\/ld+json\" class=\"yoast-schema-graph\">{\"@context\":\"https:\\\/\\\/schema.org\",\"@graph\":[{\"@type\":\"WebPage\",\"@id\":\"https:\\\/\\\/saborbio.com\\\/sb\\\/loja\\\/piri-piri-desidratado\\\/\",\"url\":\"https:\\\/\\\/saborbio.com\\\/sb\\\/loja\\\/piri-piri-desidratado\\\/\",\"name\":\"Piri-Piri Desidratado | SABOR BIO\",\"isPartOf\":{\"@id\":\"https:\\\/\\\/saborbio.com\\\/sb\\\/en\\\/#website\"},\"primaryImageOfPage\":{\"@id\":\"https:\\\/\\\/saborbio.com\\\/sb\\\/loja\\\/piri-piri-desidratado\\\/#primaryimage\"},\"image\":{\"@id\":\"https:\\\/\\\/saborbio.com\\\/sb\\\/loja\\\/piri-piri-desidratado\\\/#primaryimage\"},\"thumbnailUrl\":\"https:\\\/\\\/saborbio.com\\\/sb\\\/wp-content\\\/uploads\\\/2024\\\/05\\\/5608604000133PiripiriDesidratado.jpg\",\"datePublished\":\"2017-06-18T15:09:46+00:00\",\"dateModified\":\"2025-12-31T22:51:19+00:00\",\"breadcrumb\":{\"@id\":\"https:\\\/\\\/saborbio.com\\\/sb\\\/loja\\\/piri-piri-desidratado\\\/#breadcrumb\"},\"inLanguage\":\"en-US\",\"potentialAction\":[{\"@type\":\"ReadAction\",\"target\":[\"https:\\\/\\\/saborbio.com\\\/sb\\\/loja\\\/piri-piri-desidratado\\\/\"]}]},{\"@type\":\"ImageObject\",\"inLanguage\":\"en-US\",\"@id\":\"https:\\\/\\\/saborbio.com\\\/sb\\\/loja\\\/piri-piri-desidratado\\\/#primaryimage\",\"url\":\"https:\\\/\\\/saborbio.com\\\/sb\\\/wp-content\\\/uploads\\\/2024\\\/05\\\/5608604000133PiripiriDesidratado.jpg\",\"contentUrl\":\"https:\\\/\\\/saborbio.com\\\/sb\\\/wp-content\\\/uploads\\\/2024\\\/05\\\/5608604000133PiripiriDesidratado.jpg\",\"width\":1100,\"height\":1100,\"caption\":\"Saco de piri-piri desidratado 20gr\"},{\"@type\":\"BreadcrumbList\",\"@id\":\"https:\\\/\\\/saborbio.com\\\/sb\\\/loja\\\/piri-piri-desidratado\\\/#breadcrumb\",\"itemListElement\":[{\"@type\":\"ListItem\",\"position\":1,\"name\":\"Home\",\"item\":\"https:\\\/\\\/saborbio.com\\\/sb\\\/\"},{\"@type\":\"ListItem\",\"position\":2,\"name\":\"Loja\",\"item\":\"https:\\\/\\\/saborbio.com\\\/sb\\\/\"},{\"@type\":\"ListItem\",\"position\":3,\"name\":\"Piri-Piri Desidratado\"}]},{\"@type\":\"WebSite\",\"@id\":\"https:\\\/\\\/saborbio.com\\\/sb\\\/en\\\/#website\",\"url\":\"https:\\\/\\\/saborbio.com\\\/sb\\\/en\\\/\",\"name\":\"SABOR BIO\",\"description\":\"O melhor sabor da fruta\",\"publisher\":{\"@id\":\"https:\\\/\\\/saborbio.com\\\/sb\\\/en\\\/#organization\"},\"potentialAction\":[{\"@type\":\"SearchAction\",\"target\":{\"@type\":\"EntryPoint\",\"urlTemplate\":\"https:\\\/\\\/saborbio.com\\\/sb\\\/en\\\/?s={search_term_string}\"},\"query-input\":{\"@type\":\"PropertyValueSpecification\",\"valueRequired\":true,\"valueName\":\"search_term_string\"}}],\"inLanguage\":\"en-US\"},{\"@type\":\"Organization\",\"@id\":\"https:\\\/\\\/saborbio.com\\\/sb\\\/en\\\/#organization\",\"name\":\"SABOR BIO\",\"url\":\"https:\\\/\\\/saborbio.com\\\/sb\\\/en\\\/\",\"logo\":{\"@type\":\"ImageObject\",\"inLanguage\":\"en-US\",\"@id\":\"https:\\\/\\\/saborbio.com\\\/sb\\\/en\\\/#\\\/schema\\\/logo\\\/image\\\/\",\"url\":\"https:\\\/\\\/saborbio.com\\\/sb\\\/wp-content\\\/uploads\\\/2023\\\/11\\\/SaborbioWeb.png\",\"contentUrl\":\"https:\\\/\\\/saborbio.com\\\/sb\\\/wp-content\\\/uploads\\\/2023\\\/11\\\/SaborbioWeb.png\",\"width\":488,\"height\":137,\"caption\":\"SABOR BIO\"},\"image\":{\"@id\":\"https:\\\/\\\/saborbio.com\\\/sb\\\/en\\\/#\\\/schema\\\/logo\\\/image\\\/\"},\"sameAs\":[\"http:\\\/\\\/www.facebook.com\\\/saborbio\",\"https:\\\/\\\/www.linkedin.com\\\/company\\\/sabor-bio\",\"http:\\\/\\\/www.pinterest.com\\\/saborbio\\\/\"]}]}<\/script>\n<!-- \/ Yoast SEO plugin. -->","yoast_head_json":{"title":"Piri-Piri Desidratado | SABOR BIO","robots":{"index":"index","follow":"follow","max-snippet":"max-snippet:-1","max-image-preview":"max-image-preview:large","max-video-preview":"max-video-preview:-1"},"canonical":"https:\/\/saborbio.com\/sb\/en\/loja\/piri-piri-desidratado\/","og_locale":"en_US","og_type":"article","og_title":"Piri-Piri Desidratado | SABOR BIO","og_description":"O Piri-Piri que usamos \u00e9 produzido exclusivamente para n\u00f3s na regi\u00e3o Oeste. Disponibilizamo-lo de v\u00e1rias formas para otimizar a sua utiliza\u00e7\u00e3o. Para este produto, selecionamos os melhores piri-piris e secamo-los para conserva\u00e7\u00e3o. \u00c9 ideal para quem deseja usar piri-piris fora da \u00e9poca.","og_url":"https:\/\/saborbio.com\/sb\/en\/loja\/piri-piri-desidratado\/","og_site_name":"SABOR BIO","article_publisher":"http:\/\/www.facebook.com\/saborbio","article_modified_time":"2025-12-31T22:51:19+00:00","og_image":[{"width":1100,"height":1100,"url":"https:\/\/saborbio.com\/sb\/wp-content\/uploads\/2024\/05\/5608604000133PiripiriDesidratado.jpg","type":"image\/jpeg"}],"twitter_card":"summary_large_image","twitter_misc":{"Est. reading time":"2 minutes"},"schema":{"@context":"https:\/\/schema.org","@graph":[{"@type":"WebPage","@id":"https:\/\/saborbio.com\/sb\/loja\/piri-piri-desidratado\/","url":"https:\/\/saborbio.com\/sb\/loja\/piri-piri-desidratado\/","name":"Piri-Piri Desidratado | SABOR BIO","isPartOf":{"@id":"https:\/\/saborbio.com\/sb\/en\/#website"},"primaryImageOfPage":{"@id":"https:\/\/saborbio.com\/sb\/loja\/piri-piri-desidratado\/#primaryimage"},"image":{"@id":"https:\/\/saborbio.com\/sb\/loja\/piri-piri-desidratado\/#primaryimage"},"thumbnailUrl":"https:\/\/saborbio.com\/sb\/wp-content\/uploads\/2024\/05\/5608604000133PiripiriDesidratado.jpg","datePublished":"2017-06-18T15:09:46+00:00","dateModified":"2025-12-31T22:51:19+00:00","breadcrumb":{"@id":"https:\/\/saborbio.com\/sb\/loja\/piri-piri-desidratado\/#breadcrumb"},"inLanguage":"en-US","potentialAction":[{"@type":"ReadAction","target":["https:\/\/saborbio.com\/sb\/loja\/piri-piri-desidratado\/"]}]},{"@type":"ImageObject","inLanguage":"en-US","@id":"https:\/\/saborbio.com\/sb\/loja\/piri-piri-desidratado\/#primaryimage","url":"https:\/\/saborbio.com\/sb\/wp-content\/uploads\/2024\/05\/5608604000133PiripiriDesidratado.jpg","contentUrl":"https:\/\/saborbio.com\/sb\/wp-content\/uploads\/2024\/05\/5608604000133PiripiriDesidratado.jpg","width":1100,"height":1100,"caption":"Saco de piri-piri desidratado 20gr"},{"@type":"BreadcrumbList","@id":"https:\/\/saborbio.com\/sb\/loja\/piri-piri-desidratado\/#breadcrumb","itemListElement":[{"@type":"ListItem","position":1,"name":"Home","item":"https:\/\/saborbio.com\/sb\/"},{"@type":"ListItem","position":2,"name":"Loja","item":"https:\/\/saborbio.com\/sb\/"},{"@type":"ListItem","position":3,"name":"Piri-Piri Desidratado"}]},{"@type":"WebSite","@id":"https:\/\/saborbio.com\/sb\/en\/#website","url":"https:\/\/saborbio.com\/sb\/en\/","name":"SABOR BIO","description":"O melhor sabor da fruta","publisher":{"@id":"https:\/\/saborbio.com\/sb\/en\/#organization"},"potentialAction":[{"@type":"SearchAction","target":{"@type":"EntryPoint","urlTemplate":"https:\/\/saborbio.com\/sb\/en\/?s={search_term_string}"},"query-input":{"@type":"PropertyValueSpecification","valueRequired":true,"valueName":"search_term_string"}}],"inLanguage":"en-US"},{"@type":"Organization","@id":"https:\/\/saborbio.com\/sb\/en\/#organization","name":"SABOR BIO","url":"https:\/\/saborbio.com\/sb\/en\/","logo":{"@type":"ImageObject","inLanguage":"en-US","@id":"https:\/\/saborbio.com\/sb\/en\/#\/schema\/logo\/image\/","url":"https:\/\/saborbio.com\/sb\/wp-content\/uploads\/2023\/11\/SaborbioWeb.png","contentUrl":"https:\/\/saborbio.com\/sb\/wp-content\/uploads\/2023\/11\/SaborbioWeb.png","width":488,"height":137,"caption":"SABOR BIO"},"image":{"@id":"https:\/\/saborbio.com\/sb\/en\/#\/schema\/logo\/image\/"},"sameAs":["http:\/\/www.facebook.com\/saborbio","https:\/\/www.linkedin.com\/company\/sabor-bio","http:\/\/www.pinterest.com\/saborbio\/"]}]}},"_links":{"self":[{"href":"https:\/\/saborbio.com\/sb\/en\/wp-json\/wp\/v2\/product\/1053","targetHints":{"allow":["GET"]}}],"collection":[{"href":"https:\/\/saborbio.com\/sb\/en\/wp-json\/wp\/v2\/product"}],"about":[{"href":"https:\/\/saborbio.com\/sb\/en\/wp-json\/wp\/v2\/types\/product"}],"replies":[{"embeddable":true,"href":"https:\/\/saborbio.com\/sb\/en\/wp-json\/wp\/v2\/comments?post=1053"}],"wp:featuredmedia":[{"embeddable":true,"href":"https:\/\/saborbio.com\/sb\/en\/wp-json\/wp\/v2\/media\/1054"}],"wp:attachment":[{"href":"https:\/\/saborbio.com\/sb\/en\/wp-json\/wp\/v2\/media?parent=1053"}],"wp:term":[{"taxonomy":"product_brand","embeddable":true,"href":"https:\/\/saborbio.com\/sb\/en\/wp-json\/wp\/v2\/product_brand?post=1053"},{"taxonomy":"product_cat","embeddable":true,"href":"https:\/\/saborbio.com\/sb\/en\/wp-json\/wp\/v2\/product_cat?post=1053"},{"taxonomy":"product_tag","embeddable":true,"href":"https:\/\/saborbio.com\/sb\/en\/wp-json\/wp\/v2\/product_tag?post=1053"}],"curies":[{"name":"wp","href":"https:\/\/api.w.org\/{rel}","templated":true}]}}