{"id":1126,"date":"2017-06-18T21:10:04","date_gmt":"2017-06-18T20:10:04","guid":{"rendered":"https:\/\/saborbio.com\/sb\/?post_type=product&#038;p=1126"},"modified":"2025-08-04T12:35:59","modified_gmt":"2025-08-04T11:35:59","slug":"sumo-de-pera-rocha-75cl","status":"publish","type":"product","link":"https:\/\/saborbio.com\/sb\/en\/loja\/sumo-de-pera-rocha-75cl\/","title":{"rendered":"Rocha Pear Juice 75cl"},"content":{"rendered":"<div id=\"gap-844824757\" class=\"gap-element clearfix\" style=\"display:block; height:auto;\">\n\t\t\n<style>\n#gap-844824757 {\n  padding-top: 30px;\n}\n<\/style>\n\t<\/div>\n\t\n<p style=\"text-align: justify;\">This juice is made entirely from Rocha pears.<\/p>\n<p style=\"text-align: justify;\" class=\" translation-block\">Rocha pears are typically <strong> yellowish<\/strong>, and originated from Portugal. Recognized for their juicy, pleasant, and <strong>sweet<\/strong> flavor, they are enjoyed both domestically and internationally. Also known as Portuguese pears, they are one of the main fruits exported by the country - 98% of the world's Rocha pear production happens in Portugal, with 95% of that production concentrated in the West region, which includes Cadaval, Bombarral, Torres Vedras, Caldas da Rainha, Alcoba\u00e7a, Lourinh\u00e3, \u00d3bidos, and Mafra.<\/p>\n<p style=\"text-align: justify;\">All the fruit we use comes from local fruit growers. If interested, you can check who produced the fruit on each bottle.<\/p>\n<p style=\"text-align: justify;\">\t<div id=\"gap-755321286\" class=\"gap-element clearfix\" style=\"display:block; height:auto;\">\n\t\t\n<style>\n#gap-755321286 {\n  padding-top: 30px;\n}\n<\/style>\n\t<\/div>\n\t\n<h4>Production process<\/h4>\n<div class=\"is-divider divider clearfix\" ><\/div>\n<p style=\"text-align: justify;\">Our fruit juice production process is simple and traditional.<\/p>\n<p style=\"text-align: justify;\">We grind the apples and press the resulting pulp to extract the juice. Then, we pasteurize and bottle it.<\/p>\n<p style=\"text-align: justify;\">Recently, we found that pasteurization alone wasn't sufficient to preserve the juice, so we started adding a small amount of citric acid to regulate acidity and improve preservation. The amount added varies from batch to batch, depending on the original acidity of the juice, but it's always less than 0.03%, sometimes even reaching 0% in some batches and for certain fruits.<\/p>\n<p style=\"text-align: justify;\">Generally, we avoid using additives in our products - we prefer them to be as simple as possible - but in this particular product, it's not always possible. Nevertheless, we always limit the amount used to the minimum necessary to fulfill its function.<\/p>\n<p style=\"text-align: justify;\">Additionally, we don't add water to our juice, resulting in a pulpy consistency. For a more liquid juice, we recommend adding a bit of water before drinking. We also don't add sugar - the sweet taste of the juice comes from the fruit itself.<\/p>","protected":false},"excerpt":{"rendered":"<p style=\"text-align: justify;\">This juice is made from organic rocha pears - also known as Portuguese Pears - grown in the Oeste region of Portugal. With a sweet and intense pear flavor, it is our sweetest juice. We do not add sugar or water, resulting in a pulpy juice. For a more liquid juice, simply add water. This is our 75cl bottle.<\/p>\n\t\t<div class=\"wccs-bulk-pricing-table-container\">\n\t\t\t\t\r\n\r\n<table>\r\n<thead>\r\n<tr>\r\n<th>quantity<sup>(1)<\/sup><\/th>\r\n<th>discount<\/th>\r\n<th>price<sup>(2)<\/sup><\/th>\r\n<th>price<sup>(3)<\/sup><\/th>\r\n<\/tr>\r\n<\/thead>\r\n<tbody>\r\n<tr>\r\n<td>2 - 3<\/td>\r\n<td>12%<\/td>\r\n<td><span class=\"woocommerce-Price-amount amount\">5,54<span class=\"woocommerce-Price-currencySymbol\">\u20ac<\/span><\/span><\/td>\r\n<td rowspan=\"6\"><span class=\"woocommerce-Price-amount amount\">2,49<span class=\"woocommerce-Price-currencySymbol\">\u20ac<\/span><\/span><\/td>\r\n<\/tr>\r\n<tr>\r\n<td>4 - 5<\/td>\r\n<td>20%<\/td>\r\n<td><span class=\"woocommerce-Price-amount amount\">5,03<span class=\"woocommerce-Price-currencySymbol\">\u20ac<\/span><\/span><\/td>\r\n<\/tr>\r\n<tr>\r\n<td>6 - 7<\/td>\r\n<td>26%<\/td>\r\n<td><span class=\"woocommerce-Price-amount amount\">4,65<span class=\"woocommerce-Price-currencySymbol\">\u20ac<\/span><\/span><\/td>\r\n<\/tr>\r\n<tr>\r\n<td>8 - 12<\/td>\r\n<td>30%<\/td>\r\n<td><span class=\"woocommerce-Price-amount amount\">4,40<span class=\"woocommerce-Price-currencySymbol\">\u20ac<\/span><\/span><\/td>\r\n<\/tr>\r\n<tr>\r\n<td>13 - 30<\/td>\r\n<td>32%<\/td>\r\n<td><span class=\"woocommerce-Price-amount amount\">4,28<span class=\"woocommerce-Price-currencySymbol\">\u20ac<\/span><\/span><\/td>\r\n<\/tr>\r\n<tr>\r\n<td>31 +<\/td>\r\n<td>33%<\/td>\r\n<td><span class=\"woocommerce-Price-amount amount\">4,21<span class=\"woocommerce-Price-currencySymbol\">\u20ac<\/span><\/span><\/td>\r\n<\/tr>\r\n<\/tbody>\r\n<\/table>\r\n\t\t<\/div>\n\t\r\n\t<div id=\"text-1317689830\" class=\"text\">\n\t\t\r\n\r\n<p><sup>(1)<\/sup> total items in cart <br \/><sup>(2)<\/sup> shipping by courier <br \/><sup>(3)<\/sup> pickup at SB<\/p>\r\n\r\n\t\t\n<style>\n#text-1317689830 {\n  font-size: 0.8rem;\n  text-align: left;\n}\n<\/style>\n\t<\/div>","protected":false},"featured_media":1123,"comment_status":"open","ping_status":"closed","template":"","meta":[],"product_brand":[],"product_cat":[78,93],"product_tag":[104,113,116],"class_list":{"0":"post-1126","1":"product","2":"type-product","3":"status-publish","4":"has-post-thumbnail","6":"product_cat-pera","7":"product_cat-sumos","8":"product_tag-75cl","9":"product_tag-pera","10":"product_tag-sumos","11":"product_shipping_class-juices75cl","13":"first","14":"outofstock","15":"taxable","16":"shipping-taxable","17":"purchasable","18":"product-type-simple"},"yoast_head":"<!-- This site is optimized with the Yoast SEO plugin v27.3 - https:\/\/yoast.com\/product\/yoast-seo-wordpress\/ -->\n<title>Sumo de Pera Rocha 75cl | SABOR BIO<\/title>\n<meta name=\"robots\" content=\"index, follow, max-snippet:-1, max-image-preview:large, max-video-preview:-1\" \/>\n<link rel=\"canonical\" href=\"https:\/\/saborbio.com\/sb\/en\/loja\/sumo-de-pera-rocha-75cl\/\" \/>\n<meta property=\"og:locale\" content=\"en_US\" \/>\n<meta property=\"og:type\" content=\"article\" \/>\n<meta property=\"og:title\" content=\"Sumo de Pera Rocha 75cl | SABOR BIO\" \/>\n<meta property=\"og:description\" content=\"Este sumo \u00e9 produzido com peras rocha biol\u00f3gicas cultivadas na regi\u00e3o Oeste de Portugal. Com um sabor doce e intenso a p\u00eara, \u00e9 o nosso sumo mais doce. N\u00e3o adicionamos a\u00e7\u00facar ou \u00e1gua, o que resulta num sumo polposo. Para um sumo mais l\u00edquido, basta adicionar \u00e1gua. Esta \u00e9 a nossa garrafa de 75cl.\" \/>\n<meta property=\"og:url\" content=\"https:\/\/saborbio.com\/sb\/en\/loja\/sumo-de-pera-rocha-75cl\/\" \/>\n<meta property=\"og:site_name\" content=\"SABOR BIO\" \/>\n<meta property=\"article:publisher\" content=\"http:\/\/www.facebook.com\/saborbio\" \/>\n<meta property=\"article:modified_time\" content=\"2025-08-04T11:35:59+00:00\" \/>\n<meta property=\"og:image\" content=\"https:\/\/saborbio.com\/sb\/wp-content\/uploads\/2024\/05\/5608604000416SumoRocha75-1.jpg\" \/>\n\t<meta property=\"og:image:width\" content=\"1100\" \/>\n\t<meta property=\"og:image:height\" content=\"1100\" \/>\n\t<meta property=\"og:image:type\" content=\"image\/jpeg\" \/>\n<meta name=\"twitter:card\" content=\"summary_large_image\" \/>\n<meta name=\"twitter:label1\" content=\"Est. reading time\" \/>\n\t<meta name=\"twitter:data1\" content=\"2 minutes\" \/>\n<script type=\"application\/ld+json\" class=\"yoast-schema-graph\">{\"@context\":\"https:\\\/\\\/schema.org\",\"@graph\":[{\"@type\":\"WebPage\",\"@id\":\"https:\\\/\\\/saborbio.com\\\/sb\\\/loja\\\/sumo-de-pera-rocha-75cl\\\/\",\"url\":\"https:\\\/\\\/saborbio.com\\\/sb\\\/loja\\\/sumo-de-pera-rocha-75cl\\\/\",\"name\":\"Sumo de Pera Rocha 75cl | SABOR BIO\",\"isPartOf\":{\"@id\":\"https:\\\/\\\/saborbio.com\\\/sb\\\/en\\\/#website\"},\"primaryImageOfPage\":{\"@id\":\"https:\\\/\\\/saborbio.com\\\/sb\\\/loja\\\/sumo-de-pera-rocha-75cl\\\/#primaryimage\"},\"image\":{\"@id\":\"https:\\\/\\\/saborbio.com\\\/sb\\\/loja\\\/sumo-de-pera-rocha-75cl\\\/#primaryimage\"},\"thumbnailUrl\":\"https:\\\/\\\/saborbio.com\\\/sb\\\/wp-content\\\/uploads\\\/2024\\\/05\\\/5608604000416SumoRocha75-1.jpg\",\"datePublished\":\"2017-06-18T20:10:04+00:00\",\"dateModified\":\"2025-08-04T11:35:59+00:00\",\"breadcrumb\":{\"@id\":\"https:\\\/\\\/saborbio.com\\\/sb\\\/loja\\\/sumo-de-pera-rocha-75cl\\\/#breadcrumb\"},\"inLanguage\":\"en-US\",\"potentialAction\":[{\"@type\":\"ReadAction\",\"target\":[\"https:\\\/\\\/saborbio.com\\\/sb\\\/loja\\\/sumo-de-pera-rocha-75cl\\\/\"]}]},{\"@type\":\"ImageObject\",\"inLanguage\":\"en-US\",\"@id\":\"https:\\\/\\\/saborbio.com\\\/sb\\\/loja\\\/sumo-de-pera-rocha-75cl\\\/#primaryimage\",\"url\":\"https:\\\/\\\/saborbio.com\\\/sb\\\/wp-content\\\/uploads\\\/2024\\\/05\\\/5608604000416SumoRocha75-1.jpg\",\"contentUrl\":\"https:\\\/\\\/saborbio.com\\\/sb\\\/wp-content\\\/uploads\\\/2024\\\/05\\\/5608604000416SumoRocha75-1.jpg\",\"width\":1100,\"height\":1100,\"caption\":\"Garrafa de Sumo de Pera Rocha 75cl\"},{\"@type\":\"BreadcrumbList\",\"@id\":\"https:\\\/\\\/saborbio.com\\\/sb\\\/loja\\\/sumo-de-pera-rocha-75cl\\\/#breadcrumb\",\"itemListElement\":[{\"@type\":\"ListItem\",\"position\":1,\"name\":\"Home\",\"item\":\"https:\\\/\\\/saborbio.com\\\/sb\\\/\"},{\"@type\":\"ListItem\",\"position\":2,\"name\":\"Loja\",\"item\":\"https:\\\/\\\/saborbio.com\\\/sb\\\/\"},{\"@type\":\"ListItem\",\"position\":3,\"name\":\"Sumo de Pera Rocha 75cl\"}]},{\"@type\":\"WebSite\",\"@id\":\"https:\\\/\\\/saborbio.com\\\/sb\\\/en\\\/#website\",\"url\":\"https:\\\/\\\/saborbio.com\\\/sb\\\/en\\\/\",\"name\":\"SABOR BIO\",\"description\":\"O melhor sabor da fruta\",\"publisher\":{\"@id\":\"https:\\\/\\\/saborbio.com\\\/sb\\\/en\\\/#organization\"},\"potentialAction\":[{\"@type\":\"SearchAction\",\"target\":{\"@type\":\"EntryPoint\",\"urlTemplate\":\"https:\\\/\\\/saborbio.com\\\/sb\\\/en\\\/?s={search_term_string}\"},\"query-input\":{\"@type\":\"PropertyValueSpecification\",\"valueRequired\":true,\"valueName\":\"search_term_string\"}}],\"inLanguage\":\"en-US\"},{\"@type\":\"Organization\",\"@id\":\"https:\\\/\\\/saborbio.com\\\/sb\\\/en\\\/#organization\",\"name\":\"SABOR BIO\",\"url\":\"https:\\\/\\\/saborbio.com\\\/sb\\\/en\\\/\",\"logo\":{\"@type\":\"ImageObject\",\"inLanguage\":\"en-US\",\"@id\":\"https:\\\/\\\/saborbio.com\\\/sb\\\/en\\\/#\\\/schema\\\/logo\\\/image\\\/\",\"url\":\"https:\\\/\\\/saborbio.com\\\/sb\\\/wp-content\\\/uploads\\\/2023\\\/11\\\/SaborbioWeb.png\",\"contentUrl\":\"https:\\\/\\\/saborbio.com\\\/sb\\\/wp-content\\\/uploads\\\/2023\\\/11\\\/SaborbioWeb.png\",\"width\":488,\"height\":137,\"caption\":\"SABOR BIO\"},\"image\":{\"@id\":\"https:\\\/\\\/saborbio.com\\\/sb\\\/en\\\/#\\\/schema\\\/logo\\\/image\\\/\"},\"sameAs\":[\"http:\\\/\\\/www.facebook.com\\\/saborbio\",\"https:\\\/\\\/www.linkedin.com\\\/company\\\/sabor-bio\",\"http:\\\/\\\/www.pinterest.com\\\/saborbio\\\/\"]}]}<\/script>\n<!-- \/ Yoast SEO plugin. -->","yoast_head_json":{"title":"Sumo de Pera Rocha 75cl | SABOR BIO","robots":{"index":"index","follow":"follow","max-snippet":"max-snippet:-1","max-image-preview":"max-image-preview:large","max-video-preview":"max-video-preview:-1"},"canonical":"https:\/\/saborbio.com\/sb\/en\/loja\/sumo-de-pera-rocha-75cl\/","og_locale":"en_US","og_type":"article","og_title":"Sumo de Pera Rocha 75cl | SABOR BIO","og_description":"Este sumo \u00e9 produzido com peras rocha biol\u00f3gicas cultivadas na regi\u00e3o Oeste de Portugal. Com um sabor doce e intenso a p\u00eara, \u00e9 o nosso sumo mais doce. N\u00e3o adicionamos a\u00e7\u00facar ou \u00e1gua, o que resulta num sumo polposo. Para um sumo mais l\u00edquido, basta adicionar \u00e1gua. Esta \u00e9 a nossa garrafa de 75cl.","og_url":"https:\/\/saborbio.com\/sb\/en\/loja\/sumo-de-pera-rocha-75cl\/","og_site_name":"SABOR BIO","article_publisher":"http:\/\/www.facebook.com\/saborbio","article_modified_time":"2025-08-04T11:35:59+00:00","og_image":[{"width":1100,"height":1100,"url":"https:\/\/saborbio.com\/sb\/wp-content\/uploads\/2024\/05\/5608604000416SumoRocha75-1.jpg","type":"image\/jpeg"}],"twitter_card":"summary_large_image","twitter_misc":{"Est. reading time":"2 minutes"},"schema":{"@context":"https:\/\/schema.org","@graph":[{"@type":"WebPage","@id":"https:\/\/saborbio.com\/sb\/loja\/sumo-de-pera-rocha-75cl\/","url":"https:\/\/saborbio.com\/sb\/loja\/sumo-de-pera-rocha-75cl\/","name":"Sumo de Pera Rocha 75cl | SABOR BIO","isPartOf":{"@id":"https:\/\/saborbio.com\/sb\/en\/#website"},"primaryImageOfPage":{"@id":"https:\/\/saborbio.com\/sb\/loja\/sumo-de-pera-rocha-75cl\/#primaryimage"},"image":{"@id":"https:\/\/saborbio.com\/sb\/loja\/sumo-de-pera-rocha-75cl\/#primaryimage"},"thumbnailUrl":"https:\/\/saborbio.com\/sb\/wp-content\/uploads\/2024\/05\/5608604000416SumoRocha75-1.jpg","datePublished":"2017-06-18T20:10:04+00:00","dateModified":"2025-08-04T11:35:59+00:00","breadcrumb":{"@id":"https:\/\/saborbio.com\/sb\/loja\/sumo-de-pera-rocha-75cl\/#breadcrumb"},"inLanguage":"en-US","potentialAction":[{"@type":"ReadAction","target":["https:\/\/saborbio.com\/sb\/loja\/sumo-de-pera-rocha-75cl\/"]}]},{"@type":"ImageObject","inLanguage":"en-US","@id":"https:\/\/saborbio.com\/sb\/loja\/sumo-de-pera-rocha-75cl\/#primaryimage","url":"https:\/\/saborbio.com\/sb\/wp-content\/uploads\/2024\/05\/5608604000416SumoRocha75-1.jpg","contentUrl":"https:\/\/saborbio.com\/sb\/wp-content\/uploads\/2024\/05\/5608604000416SumoRocha75-1.jpg","width":1100,"height":1100,"caption":"Garrafa de Sumo de Pera Rocha 75cl"},{"@type":"BreadcrumbList","@id":"https:\/\/saborbio.com\/sb\/loja\/sumo-de-pera-rocha-75cl\/#breadcrumb","itemListElement":[{"@type":"ListItem","position":1,"name":"Home","item":"https:\/\/saborbio.com\/sb\/"},{"@type":"ListItem","position":2,"name":"Loja","item":"https:\/\/saborbio.com\/sb\/"},{"@type":"ListItem","position":3,"name":"Sumo de Pera Rocha 75cl"}]},{"@type":"WebSite","@id":"https:\/\/saborbio.com\/sb\/en\/#website","url":"https:\/\/saborbio.com\/sb\/en\/","name":"SABOR BIO","description":"O melhor sabor da fruta","publisher":{"@id":"https:\/\/saborbio.com\/sb\/en\/#organization"},"potentialAction":[{"@type":"SearchAction","target":{"@type":"EntryPoint","urlTemplate":"https:\/\/saborbio.com\/sb\/en\/?s={search_term_string}"},"query-input":{"@type":"PropertyValueSpecification","valueRequired":true,"valueName":"search_term_string"}}],"inLanguage":"en-US"},{"@type":"Organization","@id":"https:\/\/saborbio.com\/sb\/en\/#organization","name":"SABOR BIO","url":"https:\/\/saborbio.com\/sb\/en\/","logo":{"@type":"ImageObject","inLanguage":"en-US","@id":"https:\/\/saborbio.com\/sb\/en\/#\/schema\/logo\/image\/","url":"https:\/\/saborbio.com\/sb\/wp-content\/uploads\/2023\/11\/SaborbioWeb.png","contentUrl":"https:\/\/saborbio.com\/sb\/wp-content\/uploads\/2023\/11\/SaborbioWeb.png","width":488,"height":137,"caption":"SABOR BIO"},"image":{"@id":"https:\/\/saborbio.com\/sb\/en\/#\/schema\/logo\/image\/"},"sameAs":["http:\/\/www.facebook.com\/saborbio","https:\/\/www.linkedin.com\/company\/sabor-bio","http:\/\/www.pinterest.com\/saborbio\/"]}]}},"_links":{"self":[{"href":"https:\/\/saborbio.com\/sb\/en\/wp-json\/wp\/v2\/product\/1126","targetHints":{"allow":["GET"]}}],"collection":[{"href":"https:\/\/saborbio.com\/sb\/en\/wp-json\/wp\/v2\/product"}],"about":[{"href":"https:\/\/saborbio.com\/sb\/en\/wp-json\/wp\/v2\/types\/product"}],"replies":[{"embeddable":true,"href":"https:\/\/saborbio.com\/sb\/en\/wp-json\/wp\/v2\/comments?post=1126"}],"wp:featuredmedia":[{"embeddable":true,"href":"https:\/\/saborbio.com\/sb\/en\/wp-json\/wp\/v2\/media\/1123"}],"wp:attachment":[{"href":"https:\/\/saborbio.com\/sb\/en\/wp-json\/wp\/v2\/media?parent=1126"}],"wp:term":[{"taxonomy":"product_brand","embeddable":true,"href":"https:\/\/saborbio.com\/sb\/en\/wp-json\/wp\/v2\/product_brand?post=1126"},{"taxonomy":"product_cat","embeddable":true,"href":"https:\/\/saborbio.com\/sb\/en\/wp-json\/wp\/v2\/product_cat?post=1126"},{"taxonomy":"product_tag","embeddable":true,"href":"https:\/\/saborbio.com\/sb\/en\/wp-json\/wp\/v2\/product_tag?post=1126"}],"curies":[{"name":"wp","href":"https:\/\/api.w.org\/{rel}","templated":true}]}}