{"id":752,"date":"2017-06-17T12:58:56","date_gmt":"2017-06-17T11:58:56","guid":{"rendered":"https:\/\/saborbio.com\/sb\/?post_type=product&#038;p=752"},"modified":"2025-10-08T20:29:22","modified_gmt":"2025-10-08T19:29:22","slug":"licor-de-maca-50cl","status":"publish","type":"product","link":"https:\/\/saborbio.com\/sb\/en\/loja\/licor-de-maca-50cl\/","title":{"rendered":"Apple Liqueur 50cl"},"content":{"rendered":"<div id=\"gap-142642761\" class=\"gap-element clearfix\" style=\"display:block; height:auto;\">\n\t\t\n<style>\n#gap-142642761 {\n  padding-top: 30px;\n}\n<\/style>\n\t<\/div>\n\t\n<p style=\"text-align: justify;\">This liqueur is meticulously crafted through the maceration and distillation of organic apples, produced in the <em>Oeste<\/em> or West Region of Portugal. Throughout its production process, the essence of the fruit is carefully extracted and concentrated, resulting in a liqueur that boasts a smooth yet distinctly fruity flavor.<\/p>\n\t<div id=\"gap-760475637\" class=\"gap-element clearfix\" style=\"display:block; height:auto;\">\n\t\t\n<style>\n#gap-760475637 {\n  padding-top: 30px;\n}\n<\/style>\n\t<\/div>\n\t\n<h4>Production process<\/h4>\n<div class=\"is-divider divider clearfix\" ><\/div>\n<p style=\"text-align: justify;\">The production of organic apple liqueur begins with the production of the apple brandy from the same fruit.<\/p>\n<p style=\"text-align: justify;\">In early autumn, the apples are harvested, selected, crushed, and left to ferment. During the fermentation process, the fruit sugar converts into alcohol. Once this process is complete, the fermented mass is distilled and redistilled to extract the alcohol.<\/p>\n<p style=\"text-align: justify;\">This results in an alcoholic beverage with the flavor of the fruit that originated it - the apple brandy.<\/p>\n<p style=\"text-align: justify;\">To produce the liqueur, apples are selected and macerated in the previously produced brandy.<\/p>\n<p style=\"text-align: justify;\">During maceration, various spices are added to complement the apple's flavor. In this process, the alcohol in the brandy absorbs the essence of the fruit - color and flavor - resulting in a fruity and even more intense taste of the original apple.<\/p>\n<p style=\"text-align: justify;\">After maceration, the mixture is filtered, and organic cane sugar syrup is added, giving the liqueur its characteristic sweet flavor.<\/p>\n<p style=\"text-align: justify;\">This is followed by an aging period during which the liqueur's flavor develops and matures. After this period, the liqueur is ready to be consumed.<\/p>","protected":false},"excerpt":{"rendered":"<p style=\"text-align: justify;\">Crafted with organic apples from the <em>Oeste<\/em> or West region of Portugal, this liqueur is distinctly recognizable. Boasting a familiar taste of apple and cinnamon, it's one of the most traditional liqueurs we produce.<\/p>\n<p style=\"text-align: justify;\" class=\" translation-block\">With a low alcohol content of just 16% vol., it might be more fittingly described as a <em>cr\u00e8me<\/em> rather than a classic liqueur. This is our 50cl bottle.<\/p>\n\t\t<div class=\"wccs-bulk-pricing-table-container\">\n\t\t\t\t\r\n\r\n<table>\r\n<thead>\r\n<tr>\r\n<th>quantity<sup>(1)<\/sup><\/th>\r\n<th>discount<\/th>\r\n<th>price<sup>(2)<\/sup><\/th>\r\n<th>price<sup>(3)<\/sup><\/th>\r\n<\/tr>\r\n<\/thead>\r\n<tbody>\r\n<tr>\r\n<td>2<\/td>\r\n<td>47%<\/td>\r\n<td><span class=\"woocommerce-Price-amount amount\">22,36<span class=\"woocommerce-Price-currencySymbol\">\u20ac<\/span><\/span><\/td>\r\n<td rowspan=\"5\"><span class=\"woocommerce-Price-amount amount\">16,86<span class=\"woocommerce-Price-currencySymbol\">\u20ac<\/span><\/span><\/td>\r\n<\/tr>\r\n<tr>\r\n<td>3 - 4<\/td>\r\n<td>49%<\/td>\r\n<td><span class=\"woocommerce-Price-amount amount\">21,52<span class=\"woocommerce-Price-currencySymbol\">\u20ac<\/span><\/span><\/td>\r\n<\/tr>\r\n<tr>\r\n<td>5<\/td>\r\n<td>50%<\/td>\r\n<td><span class=\"woocommerce-Price-amount amount\">21,10<span class=\"woocommerce-Price-currencySymbol\">\u20ac<\/span><\/span><\/td>\r\n<\/tr>\r\n<tr>\r\n<td>6 - 33<\/td>\r\n<td>51%<\/td>\r\n<td><span class=\"woocommerce-Price-amount amount\">20,67<span class=\"woocommerce-Price-currencySymbol\">\u20ac<\/span><\/span><\/td>\r\n<\/tr>\r\n<tr>\r\n<td>34 +<\/td>\r\n<td>52%<\/td>\r\n<td><span class=\"woocommerce-Price-amount amount\">20,25<span class=\"woocommerce-Price-currencySymbol\">\u20ac<\/span><\/span><\/td>\r\n<\/tr>\r\n<\/tbody>\r\n<\/table>\r\n\t\t<\/div>\n\t\r\n\t<div id=\"text-1359645988\" class=\"text\">\n\t\t\r\n\r\n<p><sup>(1)<\/sup> total items in cart <br \/><sup>(2)<\/sup> shipping by courier <br \/><sup>(3)<\/sup> pickup at SB<\/p>\r\n\r\n\t\t\n<style>\n#text-1359645988 {\n  font-size: 0.8rem;\n  text-align: left;\n}\n<\/style>\n\t<\/div>","protected":false},"featured_media":748,"comment_status":"open","ping_status":"closed","template":"","meta":[],"product_brand":[],"product_cat":[90,79],"product_tag":[102,106,111,112],"class_list":{"0":"post-752","1":"product","2":"type-product","3":"status-publish","4":"has-post-thumbnail","6":"product_cat-50cl","7":"product_cat-maca","8":"product_tag-50cl","9":"product_tag-bebidas-espirituosas","10":"product_tag-licores","11":"product_tag-maca","12":"product_shipping_class-liqueurs50cl","14":"first","15":"outofstock","16":"taxable","17":"shipping-taxable","18":"purchasable","19":"product-type-simple"},"yoast_head":"<!-- This site is optimized with the Yoast SEO plugin v27.3 - https:\/\/yoast.com\/product\/yoast-seo-wordpress\/ -->\n<title>Licor de Ma\u00e7\u00e3 50cl | SABOR BIO<\/title>\n<meta name=\"robots\" content=\"index, follow, max-snippet:-1, max-image-preview:large, max-video-preview:-1\" \/>\n<link rel=\"canonical\" href=\"https:\/\/saborbio.com\/sb\/en\/loja\/licor-de-maca-50cl\/\" \/>\n<meta property=\"og:locale\" content=\"en_US\" \/>\n<meta property=\"og:type\" content=\"article\" \/>\n<meta property=\"og:title\" content=\"Licor de Ma\u00e7\u00e3 50cl | SABOR BIO\" \/>\n<meta property=\"og:description\" content=\"Produzido com ma\u00e7\u00e3s biol\u00f3gicas da regi\u00e3o Oeste, este licor \u00e9 facilmente reconhec\u00edvel. Com um sabor familiar a ma\u00e7\u00e3 e canela, este \u00e9 um dos licores mais tradicionais que produzimos. Com um teor alco\u00f3lico baixo, de apenas 16% vol., pode ser mais apropriadamente considerado um cr\u00e8me do que um licor cl\u00e1ssico. Esta \u00e9 a nossa garrafa de 50cl.\" \/>\n<meta property=\"og:url\" content=\"https:\/\/saborbio.com\/sb\/en\/loja\/licor-de-maca-50cl\/\" \/>\n<meta property=\"og:site_name\" content=\"SABOR BIO\" \/>\n<meta property=\"article:publisher\" content=\"http:\/\/www.facebook.com\/saborbio\" \/>\n<meta property=\"article:modified_time\" content=\"2025-10-08T19:29:22+00:00\" \/>\n<meta property=\"og:image\" content=\"https:\/\/saborbio.com\/sb\/wp-content\/uploads\/2024\/03\/5608604000034LicorMaca50.jpg\" \/>\n\t<meta property=\"og:image:width\" content=\"1100\" \/>\n\t<meta property=\"og:image:height\" content=\"1100\" \/>\n\t<meta property=\"og:image:type\" content=\"image\/jpeg\" \/>\n<meta name=\"twitter:card\" content=\"summary_large_image\" \/>\n<meta name=\"twitter:label1\" content=\"Est. reading time\" \/>\n\t<meta name=\"twitter:data1\" content=\"2 minutes\" \/>\n<script type=\"application\/ld+json\" class=\"yoast-schema-graph\">{\"@context\":\"https:\\\/\\\/schema.org\",\"@graph\":[{\"@type\":\"WebPage\",\"@id\":\"https:\\\/\\\/saborbio.com\\\/sb\\\/loja\\\/licor-de-maca-50cl\\\/\",\"url\":\"https:\\\/\\\/saborbio.com\\\/sb\\\/loja\\\/licor-de-maca-50cl\\\/\",\"name\":\"Licor de Ma\u00e7\u00e3 50cl | SABOR BIO\",\"isPartOf\":{\"@id\":\"https:\\\/\\\/saborbio.com\\\/sb\\\/en\\\/#website\"},\"primaryImageOfPage\":{\"@id\":\"https:\\\/\\\/saborbio.com\\\/sb\\\/loja\\\/licor-de-maca-50cl\\\/#primaryimage\"},\"image\":{\"@id\":\"https:\\\/\\\/saborbio.com\\\/sb\\\/loja\\\/licor-de-maca-50cl\\\/#primaryimage\"},\"thumbnailUrl\":\"https:\\\/\\\/saborbio.com\\\/sb\\\/wp-content\\\/uploads\\\/2024\\\/03\\\/5608604000034LicorMaca50.jpg\",\"datePublished\":\"2017-06-17T11:58:56+00:00\",\"dateModified\":\"2025-10-08T19:29:22+00:00\",\"breadcrumb\":{\"@id\":\"https:\\\/\\\/saborbio.com\\\/sb\\\/loja\\\/licor-de-maca-50cl\\\/#breadcrumb\"},\"inLanguage\":\"en-US\",\"potentialAction\":[{\"@type\":\"ReadAction\",\"target\":[\"https:\\\/\\\/saborbio.com\\\/sb\\\/loja\\\/licor-de-maca-50cl\\\/\"]}]},{\"@type\":\"ImageObject\",\"inLanguage\":\"en-US\",\"@id\":\"https:\\\/\\\/saborbio.com\\\/sb\\\/loja\\\/licor-de-maca-50cl\\\/#primaryimage\",\"url\":\"https:\\\/\\\/saborbio.com\\\/sb\\\/wp-content\\\/uploads\\\/2024\\\/03\\\/5608604000034LicorMaca50.jpg\",\"contentUrl\":\"https:\\\/\\\/saborbio.com\\\/sb\\\/wp-content\\\/uploads\\\/2024\\\/03\\\/5608604000034LicorMaca50.jpg\",\"width\":1100,\"height\":1100,\"caption\":\"Garrafa de licor de ma\u00e7\u00e3 50cl\"},{\"@type\":\"BreadcrumbList\",\"@id\":\"https:\\\/\\\/saborbio.com\\\/sb\\\/loja\\\/licor-de-maca-50cl\\\/#breadcrumb\",\"itemListElement\":[{\"@type\":\"ListItem\",\"position\":1,\"name\":\"Home\",\"item\":\"https:\\\/\\\/saborbio.com\\\/sb\\\/\"},{\"@type\":\"ListItem\",\"position\":2,\"name\":\"Loja\",\"item\":\"https:\\\/\\\/saborbio.com\\\/sb\\\/\"},{\"@type\":\"ListItem\",\"position\":3,\"name\":\"Licor de Ma\u00e7\u00e3 50cl\"}]},{\"@type\":\"WebSite\",\"@id\":\"https:\\\/\\\/saborbio.com\\\/sb\\\/en\\\/#website\",\"url\":\"https:\\\/\\\/saborbio.com\\\/sb\\\/en\\\/\",\"name\":\"SABOR BIO\",\"description\":\"O melhor sabor da fruta\",\"publisher\":{\"@id\":\"https:\\\/\\\/saborbio.com\\\/sb\\\/en\\\/#organization\"},\"potentialAction\":[{\"@type\":\"SearchAction\",\"target\":{\"@type\":\"EntryPoint\",\"urlTemplate\":\"https:\\\/\\\/saborbio.com\\\/sb\\\/en\\\/?s={search_term_string}\"},\"query-input\":{\"@type\":\"PropertyValueSpecification\",\"valueRequired\":true,\"valueName\":\"search_term_string\"}}],\"inLanguage\":\"en-US\"},{\"@type\":\"Organization\",\"@id\":\"https:\\\/\\\/saborbio.com\\\/sb\\\/en\\\/#organization\",\"name\":\"SABOR BIO\",\"url\":\"https:\\\/\\\/saborbio.com\\\/sb\\\/en\\\/\",\"logo\":{\"@type\":\"ImageObject\",\"inLanguage\":\"en-US\",\"@id\":\"https:\\\/\\\/saborbio.com\\\/sb\\\/en\\\/#\\\/schema\\\/logo\\\/image\\\/\",\"url\":\"https:\\\/\\\/saborbio.com\\\/sb\\\/wp-content\\\/uploads\\\/2023\\\/11\\\/SaborbioWeb.png\",\"contentUrl\":\"https:\\\/\\\/saborbio.com\\\/sb\\\/wp-content\\\/uploads\\\/2023\\\/11\\\/SaborbioWeb.png\",\"width\":488,\"height\":137,\"caption\":\"SABOR BIO\"},\"image\":{\"@id\":\"https:\\\/\\\/saborbio.com\\\/sb\\\/en\\\/#\\\/schema\\\/logo\\\/image\\\/\"},\"sameAs\":[\"http:\\\/\\\/www.facebook.com\\\/saborbio\",\"https:\\\/\\\/www.linkedin.com\\\/company\\\/sabor-bio\",\"http:\\\/\\\/www.pinterest.com\\\/saborbio\\\/\"]}]}<\/script>\n<!-- \/ Yoast SEO plugin. -->","yoast_head_json":{"title":"Licor de Ma\u00e7\u00e3 50cl | SABOR BIO","robots":{"index":"index","follow":"follow","max-snippet":"max-snippet:-1","max-image-preview":"max-image-preview:large","max-video-preview":"max-video-preview:-1"},"canonical":"https:\/\/saborbio.com\/sb\/en\/loja\/licor-de-maca-50cl\/","og_locale":"en_US","og_type":"article","og_title":"Licor de Ma\u00e7\u00e3 50cl | SABOR BIO","og_description":"Produzido com ma\u00e7\u00e3s biol\u00f3gicas da regi\u00e3o Oeste, este licor \u00e9 facilmente reconhec\u00edvel. Com um sabor familiar a ma\u00e7\u00e3 e canela, este \u00e9 um dos licores mais tradicionais que produzimos. Com um teor alco\u00f3lico baixo, de apenas 16% vol., pode ser mais apropriadamente considerado um cr\u00e8me do que um licor cl\u00e1ssico. Esta \u00e9 a nossa garrafa de 50cl.","og_url":"https:\/\/saborbio.com\/sb\/en\/loja\/licor-de-maca-50cl\/","og_site_name":"SABOR BIO","article_publisher":"http:\/\/www.facebook.com\/saborbio","article_modified_time":"2025-10-08T19:29:22+00:00","og_image":[{"width":1100,"height":1100,"url":"https:\/\/saborbio.com\/sb\/wp-content\/uploads\/2024\/03\/5608604000034LicorMaca50.jpg","type":"image\/jpeg"}],"twitter_card":"summary_large_image","twitter_misc":{"Est. reading time":"2 minutes"},"schema":{"@context":"https:\/\/schema.org","@graph":[{"@type":"WebPage","@id":"https:\/\/saborbio.com\/sb\/loja\/licor-de-maca-50cl\/","url":"https:\/\/saborbio.com\/sb\/loja\/licor-de-maca-50cl\/","name":"Licor de Ma\u00e7\u00e3 50cl | SABOR BIO","isPartOf":{"@id":"https:\/\/saborbio.com\/sb\/en\/#website"},"primaryImageOfPage":{"@id":"https:\/\/saborbio.com\/sb\/loja\/licor-de-maca-50cl\/#primaryimage"},"image":{"@id":"https:\/\/saborbio.com\/sb\/loja\/licor-de-maca-50cl\/#primaryimage"},"thumbnailUrl":"https:\/\/saborbio.com\/sb\/wp-content\/uploads\/2024\/03\/5608604000034LicorMaca50.jpg","datePublished":"2017-06-17T11:58:56+00:00","dateModified":"2025-10-08T19:29:22+00:00","breadcrumb":{"@id":"https:\/\/saborbio.com\/sb\/loja\/licor-de-maca-50cl\/#breadcrumb"},"inLanguage":"en-US","potentialAction":[{"@type":"ReadAction","target":["https:\/\/saborbio.com\/sb\/loja\/licor-de-maca-50cl\/"]}]},{"@type":"ImageObject","inLanguage":"en-US","@id":"https:\/\/saborbio.com\/sb\/loja\/licor-de-maca-50cl\/#primaryimage","url":"https:\/\/saborbio.com\/sb\/wp-content\/uploads\/2024\/03\/5608604000034LicorMaca50.jpg","contentUrl":"https:\/\/saborbio.com\/sb\/wp-content\/uploads\/2024\/03\/5608604000034LicorMaca50.jpg","width":1100,"height":1100,"caption":"Garrafa de licor de ma\u00e7\u00e3 50cl"},{"@type":"BreadcrumbList","@id":"https:\/\/saborbio.com\/sb\/loja\/licor-de-maca-50cl\/#breadcrumb","itemListElement":[{"@type":"ListItem","position":1,"name":"Home","item":"https:\/\/saborbio.com\/sb\/"},{"@type":"ListItem","position":2,"name":"Loja","item":"https:\/\/saborbio.com\/sb\/"},{"@type":"ListItem","position":3,"name":"Licor de Ma\u00e7\u00e3 50cl"}]},{"@type":"WebSite","@id":"https:\/\/saborbio.com\/sb\/en\/#website","url":"https:\/\/saborbio.com\/sb\/en\/","name":"SABOR BIO","description":"O melhor sabor da fruta","publisher":{"@id":"https:\/\/saborbio.com\/sb\/en\/#organization"},"potentialAction":[{"@type":"SearchAction","target":{"@type":"EntryPoint","urlTemplate":"https:\/\/saborbio.com\/sb\/en\/?s={search_term_string}"},"query-input":{"@type":"PropertyValueSpecification","valueRequired":true,"valueName":"search_term_string"}}],"inLanguage":"en-US"},{"@type":"Organization","@id":"https:\/\/saborbio.com\/sb\/en\/#organization","name":"SABOR BIO","url":"https:\/\/saborbio.com\/sb\/en\/","logo":{"@type":"ImageObject","inLanguage":"en-US","@id":"https:\/\/saborbio.com\/sb\/en\/#\/schema\/logo\/image\/","url":"https:\/\/saborbio.com\/sb\/wp-content\/uploads\/2023\/11\/SaborbioWeb.png","contentUrl":"https:\/\/saborbio.com\/sb\/wp-content\/uploads\/2023\/11\/SaborbioWeb.png","width":488,"height":137,"caption":"SABOR BIO"},"image":{"@id":"https:\/\/saborbio.com\/sb\/en\/#\/schema\/logo\/image\/"},"sameAs":["http:\/\/www.facebook.com\/saborbio","https:\/\/www.linkedin.com\/company\/sabor-bio","http:\/\/www.pinterest.com\/saborbio\/"]}]}},"_links":{"self":[{"href":"https:\/\/saborbio.com\/sb\/en\/wp-json\/wp\/v2\/product\/752","targetHints":{"allow":["GET"]}}],"collection":[{"href":"https:\/\/saborbio.com\/sb\/en\/wp-json\/wp\/v2\/product"}],"about":[{"href":"https:\/\/saborbio.com\/sb\/en\/wp-json\/wp\/v2\/types\/product"}],"replies":[{"embeddable":true,"href":"https:\/\/saborbio.com\/sb\/en\/wp-json\/wp\/v2\/comments?post=752"}],"wp:featuredmedia":[{"embeddable":true,"href":"https:\/\/saborbio.com\/sb\/en\/wp-json\/wp\/v2\/media\/748"}],"wp:attachment":[{"href":"https:\/\/saborbio.com\/sb\/en\/wp-json\/wp\/v2\/media?parent=752"}],"wp:term":[{"taxonomy":"product_brand","embeddable":true,"href":"https:\/\/saborbio.com\/sb\/en\/wp-json\/wp\/v2\/product_brand?post=752"},{"taxonomy":"product_cat","embeddable":true,"href":"https:\/\/saborbio.com\/sb\/en\/wp-json\/wp\/v2\/product_cat?post=752"},{"taxonomy":"product_tag","embeddable":true,"href":"https:\/\/saborbio.com\/sb\/en\/wp-json\/wp\/v2\/product_tag?post=752"}],"curies":[{"name":"wp","href":"https:\/\/api.w.org\/{rel}","templated":true}]}}