{"id":807,"date":"2017-06-17T17:40:42","date_gmt":"2017-06-17T16:40:42","guid":{"rendered":"https:\/\/saborbio.com\/sb\/?post_type=product&#038;p=807"},"modified":"2024-12-09T13:44:01","modified_gmt":"2024-12-09T13:44:01","slug":"aguardente-de-diospiro-20cl","status":"publish","type":"product","link":"https:\/\/saborbio.com\/sb\/en\/loja\/aguardente-de-diospiro-20cl\/","title":{"rendered":"Persimmon Brandy 20cl"},"content":{"rendered":"<div id=\"gap-322900483\" class=\"gap-element clearfix\" style=\"display:block; height:auto;\">\n\t\t\n<style>\n#gap-322900483 {\n  padding-top: 30px;\n}\n<\/style>\n\t<\/div>\n\t\n<p style=\"text-align: justify;\">This brandy was produced with organic persimmons from the <em>Oeste<\/em> or West Region of Portugal. Using a traditional distillation and re-distillation process in a copper still, the essence of the fruit is extracted, resulting in a brandy with a smooth fruity flavor reminiscent of its origin.<\/p>\n\t<div id=\"gap-1609655620\" class=\"gap-element clearfix\" style=\"display:block; height:auto;\">\n\t\t\n<style>\n#gap-1609655620 {\n  padding-top: 30px;\n}\n<\/style>\n\t<\/div>\n\t\n<h4>Production process<\/h4>\n<div class=\"is-divider divider clearfix\" ><\/div>\n<p style=\"text-align: justify;\">The production of organic persimmon brandy begins in late autumn, when the persimmons are harvested, selected, crushed, and left to ferment. During the fermentation process, the fruit's sugar converts into alcohol. After this process, the fermented mash undergoes distillation and re-distillation to extract the alcohol.<\/p>\n<p style=\"text-align: justify;\">As a result, an alcoholic beverage with the flavor of the fruit that originated it - persimmon brandy - is obtained.<\/p>\n<p style=\"text-align: justify;\">This is followed by an aging period of approximately 2 years, during which the flavor of the brandy develops and matures, becoming smoother over time. After this period, the brandy is then bottled and is ready to be consumed.<\/p>","protected":false},"excerpt":{"rendered":"<p style=\"text-align: justify;\">This brandy is made entirely from organic persimmons grown in the <em>Oeste<\/em> or West region of Portugal. With a unique and distinctive flavor unlike anything you've tasted before, this beverage is favored by those who appreciate something different.<\/p>\n<p style=\"text-align: justify;\">With an alcohol content of 40% vol., it's ideal for those who enjoy strong beverages. This is our 20cl bottle.<\/p>\n\t\t<div class=\"wccs-bulk-pricing-table-container\">\n\t\t\t\t\r\n\r\n<table>\r\n<thead>\r\n<tr>\r\n<th>quantity<sup>(1)<\/sup><\/th>\r\n<th>discount<\/th>\r\n<th>price<sup>(2)<\/sup><\/th>\r\n<th>price<sup>(3)<\/sup><\/th>\r\n<\/tr>\r\n<\/thead>\r\n<tbody>\r\n<tr>\r\n<td>2<\/td>\r\n<td>44%<\/td>\r\n<td><span class=\"woocommerce-Price-amount amount\">15<span class=\"woocommerce-Price-currencySymbol\">\u20ac<\/span><\/span><\/td>\r\n<td rowspan=\"6\"><span class=\"woocommerce-Price-amount amount\">10,69<span class=\"woocommerce-Price-currencySymbol\">\u20ac<\/span><\/span><\/td>\r\n<\/tr>\r\n<tr>\r\n<td>3<\/td>\r\n<td>47%<\/td>\r\n<td><span class=\"woocommerce-Price-amount amount\">14,20<span class=\"woocommerce-Price-currencySymbol\">\u20ac<\/span><\/span><\/td>\r\n<\/tr>\r\n<tr>\r\n<td>4<\/td>\r\n<td>49%<\/td>\r\n<td><span class=\"woocommerce-Price-amount amount\">13,66<span class=\"woocommerce-Price-currencySymbol\">\u20ac<\/span><\/span><\/td>\r\n<\/tr>\r\n<tr>\r\n<td>5 - 8<\/td>\r\n<td>50%<\/td>\r\n<td><span class=\"woocommerce-Price-amount amount\">13,40<span class=\"woocommerce-Price-currencySymbol\">\u20ac<\/span><\/span><\/td>\r\n<\/tr>\r\n<tr>\r\n<td>9 - 11<\/td>\r\n<td>51%<\/td>\r\n<td><span class=\"woocommerce-Price-amount amount\">13,13<span class=\"woocommerce-Price-currencySymbol\">\u20ac<\/span><\/span><\/td>\r\n<\/tr>\r\n<tr>\r\n<td>12 +<\/td>\r\n<td>52%<\/td>\r\n<td><span class=\"woocommerce-Price-amount amount\">12,86<span class=\"woocommerce-Price-currencySymbol\">\u20ac<\/span><\/span><\/td>\r\n<\/tr>\r\n<\/tbody>\r\n<\/table>\r\n\t\t<\/div>\n\t\r\n\t<div id=\"text-2285560215\" class=\"text\">\n\t\t\r\n\r\n<p><sup>(1)<\/sup> total items in cart <br \/><sup>(2)<\/sup> shipping by courier <br \/><sup>(3)<\/sup> pickup at SB<\/p>\r\n\r\n\t\t\n<style>\n#text-2285560215 {\n  font-size: 0.8rem;\n  text-align: left;\n}\n<\/style>\n\t<\/div>","protected":false},"featured_media":806,"comment_status":"open","ping_status":"closed","template":"","meta":[],"product_brand":[],"product_cat":[83,80],"product_tag":[97,105,106,109],"class_list":{"0":"post-807","1":"product","2":"type-product","3":"status-publish","4":"has-post-thumbnail","6":"product_cat-aguardentes","7":"product_cat-diospiro","8":"product_tag-20cl","9":"product_tag-aguardentes","10":"product_tag-bebidas-espirituosas","11":"product_tag-diospiro","12":"product_shipping_class-brandies20cl","14":"first","15":"instock","16":"taxable","17":"shipping-taxable","18":"purchasable","19":"product-type-simple"},"yoast_head":"<!-- This site is optimized with the Yoast SEO plugin v27.3 - https:\/\/yoast.com\/product\/yoast-seo-wordpress\/ -->\n<title>Aguardente de Di\u00f3spiro 20cl | SABOR BIO<\/title>\n<meta name=\"robots\" content=\"index, follow, max-snippet:-1, max-image-preview:large, max-video-preview:-1\" \/>\n<link rel=\"canonical\" href=\"https:\/\/saborbio.com\/sb\/en\/loja\/aguardente-de-diospiro-20cl\/\" \/>\n<meta property=\"og:locale\" content=\"en_US\" \/>\n<meta property=\"og:type\" content=\"article\" \/>\n<meta property=\"og:title\" content=\"Aguardente de Di\u00f3spiro 20cl | SABOR BIO\" \/>\n<meta property=\"og:description\" content=\"Esta aguardente \u00e9 feita 100% a partir de di\u00f3spiros biol\u00f3gicos produzidos na regi\u00e3o Oeste de Portugal. Com um sabor \u00fanico e diferente de tudo o que possa ter experimentado antes, esta \u00e9 uma bebida apreciada por aqueles que valorizam a diferen\u00e7a. Com um teor alco\u00f3lico de 40% vol., \u00e9 ideal para apreciadores de bebidas fortes. Esta \u00e9 a nossa garrafa de 20cl.\" \/>\n<meta property=\"og:url\" content=\"https:\/\/saborbio.com\/sb\/en\/loja\/aguardente-de-diospiro-20cl\/\" \/>\n<meta property=\"og:site_name\" content=\"SABOR BIO\" \/>\n<meta property=\"article:publisher\" content=\"http:\/\/www.facebook.com\/saborbio\" \/>\n<meta property=\"article:modified_time\" content=\"2024-12-09T13:44:01+00:00\" \/>\n<meta property=\"og:image\" content=\"https:\/\/saborbio.com\/sb\/wp-content\/uploads\/2024\/03\/5608604000089AguardenteDiospiro20.jpg\" \/>\n\t<meta property=\"og:image:width\" content=\"1100\" \/>\n\t<meta property=\"og:image:height\" content=\"1100\" \/>\n\t<meta property=\"og:image:type\" content=\"image\/jpeg\" \/>\n<meta name=\"twitter:card\" content=\"summary_large_image\" \/>\n<meta name=\"twitter:label1\" content=\"Est. reading time\" \/>\n\t<meta name=\"twitter:data1\" content=\"2 minutes\" \/>\n<script type=\"application\/ld+json\" class=\"yoast-schema-graph\">{\"@context\":\"https:\\\/\\\/schema.org\",\"@graph\":[{\"@type\":\"WebPage\",\"@id\":\"https:\\\/\\\/saborbio.com\\\/sb\\\/loja\\\/aguardente-de-diospiro-20cl\\\/\",\"url\":\"https:\\\/\\\/saborbio.com\\\/sb\\\/loja\\\/aguardente-de-diospiro-20cl\\\/\",\"name\":\"Aguardente de Di\u00f3spiro 20cl | SABOR BIO\",\"isPartOf\":{\"@id\":\"https:\\\/\\\/saborbio.com\\\/sb\\\/en\\\/#website\"},\"primaryImageOfPage\":{\"@id\":\"https:\\\/\\\/saborbio.com\\\/sb\\\/loja\\\/aguardente-de-diospiro-20cl\\\/#primaryimage\"},\"image\":{\"@id\":\"https:\\\/\\\/saborbio.com\\\/sb\\\/loja\\\/aguardente-de-diospiro-20cl\\\/#primaryimage\"},\"thumbnailUrl\":\"https:\\\/\\\/saborbio.com\\\/sb\\\/wp-content\\\/uploads\\\/2024\\\/03\\\/5608604000089AguardenteDiospiro20.jpg\",\"datePublished\":\"2017-06-17T16:40:42+00:00\",\"dateModified\":\"2024-12-09T13:44:01+00:00\",\"breadcrumb\":{\"@id\":\"https:\\\/\\\/saborbio.com\\\/sb\\\/loja\\\/aguardente-de-diospiro-20cl\\\/#breadcrumb\"},\"inLanguage\":\"en-US\",\"potentialAction\":[{\"@type\":\"ReadAction\",\"target\":[\"https:\\\/\\\/saborbio.com\\\/sb\\\/loja\\\/aguardente-de-diospiro-20cl\\\/\"]}]},{\"@type\":\"ImageObject\",\"inLanguage\":\"en-US\",\"@id\":\"https:\\\/\\\/saborbio.com\\\/sb\\\/loja\\\/aguardente-de-diospiro-20cl\\\/#primaryimage\",\"url\":\"https:\\\/\\\/saborbio.com\\\/sb\\\/wp-content\\\/uploads\\\/2024\\\/03\\\/5608604000089AguardenteDiospiro20.jpg\",\"contentUrl\":\"https:\\\/\\\/saborbio.com\\\/sb\\\/wp-content\\\/uploads\\\/2024\\\/03\\\/5608604000089AguardenteDiospiro20.jpg\",\"width\":1100,\"height\":1100,\"caption\":\"Garrafa de aguardente de di\u00f3spiro 20cl\"},{\"@type\":\"BreadcrumbList\",\"@id\":\"https:\\\/\\\/saborbio.com\\\/sb\\\/loja\\\/aguardente-de-diospiro-20cl\\\/#breadcrumb\",\"itemListElement\":[{\"@type\":\"ListItem\",\"position\":1,\"name\":\"Home\",\"item\":\"https:\\\/\\\/saborbio.com\\\/sb\\\/\"},{\"@type\":\"ListItem\",\"position\":2,\"name\":\"Loja\",\"item\":\"https:\\\/\\\/saborbio.com\\\/sb\\\/\"},{\"@type\":\"ListItem\",\"position\":3,\"name\":\"Aguardente de Di\u00f3spiro 20cl\"}]},{\"@type\":\"WebSite\",\"@id\":\"https:\\\/\\\/saborbio.com\\\/sb\\\/en\\\/#website\",\"url\":\"https:\\\/\\\/saborbio.com\\\/sb\\\/en\\\/\",\"name\":\"SABOR BIO\",\"description\":\"O melhor sabor da fruta\",\"publisher\":{\"@id\":\"https:\\\/\\\/saborbio.com\\\/sb\\\/en\\\/#organization\"},\"potentialAction\":[{\"@type\":\"SearchAction\",\"target\":{\"@type\":\"EntryPoint\",\"urlTemplate\":\"https:\\\/\\\/saborbio.com\\\/sb\\\/en\\\/?s={search_term_string}\"},\"query-input\":{\"@type\":\"PropertyValueSpecification\",\"valueRequired\":true,\"valueName\":\"search_term_string\"}}],\"inLanguage\":\"en-US\"},{\"@type\":\"Organization\",\"@id\":\"https:\\\/\\\/saborbio.com\\\/sb\\\/en\\\/#organization\",\"name\":\"SABOR BIO\",\"url\":\"https:\\\/\\\/saborbio.com\\\/sb\\\/en\\\/\",\"logo\":{\"@type\":\"ImageObject\",\"inLanguage\":\"en-US\",\"@id\":\"https:\\\/\\\/saborbio.com\\\/sb\\\/en\\\/#\\\/schema\\\/logo\\\/image\\\/\",\"url\":\"https:\\\/\\\/saborbio.com\\\/sb\\\/wp-content\\\/uploads\\\/2023\\\/11\\\/SaborbioWeb.png\",\"contentUrl\":\"https:\\\/\\\/saborbio.com\\\/sb\\\/wp-content\\\/uploads\\\/2023\\\/11\\\/SaborbioWeb.png\",\"width\":488,\"height\":137,\"caption\":\"SABOR BIO\"},\"image\":{\"@id\":\"https:\\\/\\\/saborbio.com\\\/sb\\\/en\\\/#\\\/schema\\\/logo\\\/image\\\/\"},\"sameAs\":[\"http:\\\/\\\/www.facebook.com\\\/saborbio\",\"https:\\\/\\\/www.linkedin.com\\\/company\\\/sabor-bio\",\"http:\\\/\\\/www.pinterest.com\\\/saborbio\\\/\"]}]}<\/script>\n<!-- \/ Yoast SEO plugin. -->","yoast_head_json":{"title":"Aguardente de Di\u00f3spiro 20cl | SABOR BIO","robots":{"index":"index","follow":"follow","max-snippet":"max-snippet:-1","max-image-preview":"max-image-preview:large","max-video-preview":"max-video-preview:-1"},"canonical":"https:\/\/saborbio.com\/sb\/en\/loja\/aguardente-de-diospiro-20cl\/","og_locale":"en_US","og_type":"article","og_title":"Aguardente de Di\u00f3spiro 20cl | SABOR BIO","og_description":"Esta aguardente \u00e9 feita 100% a partir de di\u00f3spiros biol\u00f3gicos produzidos na regi\u00e3o Oeste de Portugal. Com um sabor \u00fanico e diferente de tudo o que possa ter experimentado antes, esta \u00e9 uma bebida apreciada por aqueles que valorizam a diferen\u00e7a. Com um teor alco\u00f3lico de 40% vol., \u00e9 ideal para apreciadores de bebidas fortes. Esta \u00e9 a nossa garrafa de 20cl.","og_url":"https:\/\/saborbio.com\/sb\/en\/loja\/aguardente-de-diospiro-20cl\/","og_site_name":"SABOR BIO","article_publisher":"http:\/\/www.facebook.com\/saborbio","article_modified_time":"2024-12-09T13:44:01+00:00","og_image":[{"width":1100,"height":1100,"url":"https:\/\/saborbio.com\/sb\/wp-content\/uploads\/2024\/03\/5608604000089AguardenteDiospiro20.jpg","type":"image\/jpeg"}],"twitter_card":"summary_large_image","twitter_misc":{"Est. reading time":"2 minutes"},"schema":{"@context":"https:\/\/schema.org","@graph":[{"@type":"WebPage","@id":"https:\/\/saborbio.com\/sb\/loja\/aguardente-de-diospiro-20cl\/","url":"https:\/\/saborbio.com\/sb\/loja\/aguardente-de-diospiro-20cl\/","name":"Aguardente de Di\u00f3spiro 20cl | SABOR BIO","isPartOf":{"@id":"https:\/\/saborbio.com\/sb\/en\/#website"},"primaryImageOfPage":{"@id":"https:\/\/saborbio.com\/sb\/loja\/aguardente-de-diospiro-20cl\/#primaryimage"},"image":{"@id":"https:\/\/saborbio.com\/sb\/loja\/aguardente-de-diospiro-20cl\/#primaryimage"},"thumbnailUrl":"https:\/\/saborbio.com\/sb\/wp-content\/uploads\/2024\/03\/5608604000089AguardenteDiospiro20.jpg","datePublished":"2017-06-17T16:40:42+00:00","dateModified":"2024-12-09T13:44:01+00:00","breadcrumb":{"@id":"https:\/\/saborbio.com\/sb\/loja\/aguardente-de-diospiro-20cl\/#breadcrumb"},"inLanguage":"en-US","potentialAction":[{"@type":"ReadAction","target":["https:\/\/saborbio.com\/sb\/loja\/aguardente-de-diospiro-20cl\/"]}]},{"@type":"ImageObject","inLanguage":"en-US","@id":"https:\/\/saborbio.com\/sb\/loja\/aguardente-de-diospiro-20cl\/#primaryimage","url":"https:\/\/saborbio.com\/sb\/wp-content\/uploads\/2024\/03\/5608604000089AguardenteDiospiro20.jpg","contentUrl":"https:\/\/saborbio.com\/sb\/wp-content\/uploads\/2024\/03\/5608604000089AguardenteDiospiro20.jpg","width":1100,"height":1100,"caption":"Garrafa de aguardente de di\u00f3spiro 20cl"},{"@type":"BreadcrumbList","@id":"https:\/\/saborbio.com\/sb\/loja\/aguardente-de-diospiro-20cl\/#breadcrumb","itemListElement":[{"@type":"ListItem","position":1,"name":"Home","item":"https:\/\/saborbio.com\/sb\/"},{"@type":"ListItem","position":2,"name":"Loja","item":"https:\/\/saborbio.com\/sb\/"},{"@type":"ListItem","position":3,"name":"Aguardente de Di\u00f3spiro 20cl"}]},{"@type":"WebSite","@id":"https:\/\/saborbio.com\/sb\/en\/#website","url":"https:\/\/saborbio.com\/sb\/en\/","name":"SABOR BIO","description":"O melhor sabor da fruta","publisher":{"@id":"https:\/\/saborbio.com\/sb\/en\/#organization"},"potentialAction":[{"@type":"SearchAction","target":{"@type":"EntryPoint","urlTemplate":"https:\/\/saborbio.com\/sb\/en\/?s={search_term_string}"},"query-input":{"@type":"PropertyValueSpecification","valueRequired":true,"valueName":"search_term_string"}}],"inLanguage":"en-US"},{"@type":"Organization","@id":"https:\/\/saborbio.com\/sb\/en\/#organization","name":"SABOR BIO","url":"https:\/\/saborbio.com\/sb\/en\/","logo":{"@type":"ImageObject","inLanguage":"en-US","@id":"https:\/\/saborbio.com\/sb\/en\/#\/schema\/logo\/image\/","url":"https:\/\/saborbio.com\/sb\/wp-content\/uploads\/2023\/11\/SaborbioWeb.png","contentUrl":"https:\/\/saborbio.com\/sb\/wp-content\/uploads\/2023\/11\/SaborbioWeb.png","width":488,"height":137,"caption":"SABOR BIO"},"image":{"@id":"https:\/\/saborbio.com\/sb\/en\/#\/schema\/logo\/image\/"},"sameAs":["http:\/\/www.facebook.com\/saborbio","https:\/\/www.linkedin.com\/company\/sabor-bio","http:\/\/www.pinterest.com\/saborbio\/"]}]}},"_links":{"self":[{"href":"https:\/\/saborbio.com\/sb\/en\/wp-json\/wp\/v2\/product\/807","targetHints":{"allow":["GET"]}}],"collection":[{"href":"https:\/\/saborbio.com\/sb\/en\/wp-json\/wp\/v2\/product"}],"about":[{"href":"https:\/\/saborbio.com\/sb\/en\/wp-json\/wp\/v2\/types\/product"}],"replies":[{"embeddable":true,"href":"https:\/\/saborbio.com\/sb\/en\/wp-json\/wp\/v2\/comments?post=807"}],"wp:featuredmedia":[{"embeddable":true,"href":"https:\/\/saborbio.com\/sb\/en\/wp-json\/wp\/v2\/media\/806"}],"wp:attachment":[{"href":"https:\/\/saborbio.com\/sb\/en\/wp-json\/wp\/v2\/media?parent=807"}],"wp:term":[{"taxonomy":"product_brand","embeddable":true,"href":"https:\/\/saborbio.com\/sb\/en\/wp-json\/wp\/v2\/product_brand?post=807"},{"taxonomy":"product_cat","embeddable":true,"href":"https:\/\/saborbio.com\/sb\/en\/wp-json\/wp\/v2\/product_cat?post=807"},{"taxonomy":"product_tag","embeddable":true,"href":"https:\/\/saborbio.com\/sb\/en\/wp-json\/wp\/v2\/product_tag?post=807"}],"curies":[{"name":"wp","href":"https:\/\/api.w.org\/{rel}","templated":true}]}}