{"id":812,"date":"2017-06-18T14:19:28","date_gmt":"2017-06-18T13:19:28","guid":{"rendered":"https:\/\/saborbio.com\/sb\/?post_type=product&#038;p=812"},"modified":"2025-10-24T19:48:56","modified_gmt":"2025-10-24T18:48:56","slug":"vinagre-de-sidra-1lt","status":"publish","type":"product","link":"https:\/\/saborbio.com\/sb\/en\/loja\/vinagre-de-sidra-1lt\/","title":{"rendered":"Cider Vinegar 1lt"},"content":{"rendered":"<div id=\"gap-1174858004\" class=\"gap-element clearfix\" style=\"display:block; height:auto;\">\n\t\t\n<style>\n#gap-1174858004 {\n  padding-top: 30px;\n}\n<\/style>\n\t<\/div>\n\t\n<p style=\"text-align: justify;\">This was the second product launched in our line of condiments and seasonings. With the motto 100% - 100% organic, 100% Portuguese - this product stood out by showing that quality organic seasonings are also produced in Portugal.<\/p>\n<p style=\"text-align: justify;\">Our cider vinegar is made exclusively from organic apples grown in the <em>Oeste<\/em> or West region of Portugal, available in bottles of 25cl and 1lt.<\/p>\n\t<div id=\"gap-1126282534\" class=\"gap-element clearfix\" style=\"display:block; height:auto;\">\n\t\t\n<style>\n#gap-1126282534 {\n  padding-top: 30px;\n}\n<\/style>\n\t<\/div>\n\t\n<h4>Production process<\/h4>\n<div class=\"is-divider divider clearfix\" ><\/div>\n<p style=\"text-align: justify;\">The manufacturing process is simple and traditional.<\/p>\n<p style=\"text-align: justify;\">It begins with making apple juice, which undergoes a double fermentation. During the first fermentation, the sugar in the apples is converted into alcohol, and during the second fermentation, the alcohol is transformed into acetic acid, resulting in the production of cider and cider vinegar.<\/p>\n<p style=\"text-align: justify;\">In general, our vinegar takes about a year to be produced.<\/p>\n<p style=\"text-align: justify;\">One of the characteristics of our vinegar is the absence of pasteurization, which requires special care in its storage. Please keep the vinegar in a cool place and protected from sunlight to maintain its stability. An interesting trick to keep it clear longer is to store it in the refrigerator.<\/p>\n<p style=\"text-align: justify;\">Over time, it is natural for the vinegar to develop a gelatinous film - the \"mother of vinegar\" - which does not affect its quality or prevent its consumption.<\/p>","protected":false},"excerpt":{"rendered":"<p style=\"text-align: justify;\">Our cider vinegar is made entirely from organic apples grown in the <em>Oeste<\/em> region of Portugal. We choose to follow a traditional production method and do not pasteurize our vinegar. With a smooth flavor, and a hint of cider, it is one of our most popular products. This is our 1lt bottle.<\/p>\n\t\t<div class=\"wccs-bulk-pricing-table-container\">\n\t\t\t\t\r\n\r\n<table>\r\n<thead>\r\n<tr>\r\n<th>quantity<sup>(1)<\/sup><\/th>\r\n<th>discount<\/th>\r\n<th>price<sup>(2)<\/sup><\/th>\r\n<th>price<sup>(3)<\/sup><\/th>\r\n<\/tr>\r\n<\/thead>\r\n<tbody>\r\n<tr>\r\n<td>2 - 4<\/td>\r\n<td>29%<\/td>\r\n<td><span class=\"woocommerce-Price-amount amount\">9,65<span class=\"woocommerce-Price-currencySymbol\">\u20ac<\/span><\/span><\/td>\r\n<td rowspan=\"6\"><span class=\"woocommerce-Price-amount amount\">5,41<span class=\"woocommerce-Price-currencySymbol\">\u20ac<\/span><\/span><\/td>\r\n<\/tr>\r\n<tr>\r\n<td>5<\/td>\r\n<td>31%<\/td>\r\n<td><span class=\"woocommerce-Price-amount amount\">9,38<span class=\"woocommerce-Price-currencySymbol\">\u20ac<\/span><\/span><\/td>\r\n<\/tr>\r\n<tr>\r\n<td>6 - 7<\/td>\r\n<td>33%<\/td>\r\n<td><span class=\"woocommerce-Price-amount amount\">9,11<span class=\"woocommerce-Price-currencySymbol\">\u20ac<\/span><\/span><\/td>\r\n<\/tr>\r\n<tr>\r\n<td>8 - 21<\/td>\r\n<td>34%<\/td>\r\n<td><span class=\"woocommerce-Price-amount amount\">8,97<span class=\"woocommerce-Price-currencySymbol\">\u20ac<\/span><\/span><\/td>\r\n<\/tr>\r\n<tr>\r\n<td>22 - 79<\/td>\r\n<td>35%<\/td>\r\n<td><span class=\"woocommerce-Price-amount amount\">8,83<span class=\"woocommerce-Price-currencySymbol\">\u20ac<\/span><\/span><\/td>\r\n<\/tr>\r\n<tr>\r\n<td>80 +<\/td>\r\n<td>36%<\/td>\r\n<td><span class=\"woocommerce-Price-amount amount\">8,70<span class=\"woocommerce-Price-currencySymbol\">\u20ac<\/span><\/span><\/td>\r\n<\/tr>\r\n<\/tbody>\r\n<\/table>\r\n\t\t<\/div>\n\t\r\n\t<div id=\"text-2306087525\" class=\"text\">\n\t\t\r\n\r\n<p><sup>(1)<\/sup> total items in cart <br \/><sup>(2)<\/sup> shipping by courier <br \/><sup>(3)<\/sup> pickup at SB<\/p>\r\n\r\n\t\t\n<style>\n#text-2306087525 {\n  font-size: 0.8rem;\n  text-align: left;\n}\n<\/style>\n\t<\/div>","protected":false},"featured_media":815,"comment_status":"open","ping_status":"closed","template":"","meta":[],"product_brand":[],"product_cat":[79,86],"product_tag":[96,108,112,119],"class_list":{"0":"post-812","1":"product","2":"type-product","3":"status-publish","4":"has-post-thumbnail","6":"product_cat-maca","7":"product_cat-vinagres-de-fruta","8":"product_tag-1lt","9":"product_tag-condimentos","10":"product_tag-maca","11":"product_tag-vinagre","12":"product_shipping_class-vinegar1lt","14":"first","15":"instock","16":"taxable","17":"shipping-taxable","18":"purchasable","19":"product-type-simple"},"yoast_head":"<!-- This site is optimized with the Yoast SEO plugin v27.3 - https:\/\/yoast.com\/product\/yoast-seo-wordpress\/ -->\n<title>Vinagre de Sidra 1lt | SABOR BIO<\/title>\n<meta name=\"robots\" content=\"index, follow, max-snippet:-1, max-image-preview:large, max-video-preview:-1\" \/>\n<link rel=\"canonical\" href=\"https:\/\/saborbio.com\/sb\/en\/loja\/vinagre-de-sidra-1lt\/\" \/>\n<meta property=\"og:locale\" content=\"en_US\" \/>\n<meta property=\"og:type\" content=\"article\" \/>\n<meta property=\"og:title\" content=\"Vinagre de Sidra 1lt | SABOR BIO\" \/>\n<meta property=\"og:description\" content=\"O nosso vinagre de sidra \u00e9 produzido 100% com ma\u00e7\u00e3s biol\u00f3gicas cultivadas na regi\u00e3o Oeste de Portugal. Optamos por seguir um m\u00e9todo de produ\u00e7\u00e3o tradicional, e n\u00e3o pasteurizamos o vinagre. Com um sabor suave, e um toque a sidra, \u00e9 um dos nossos produtos mais populares. Esta \u00e9 a nossa garrafa de 1lt.\" \/>\n<meta property=\"og:url\" content=\"https:\/\/saborbio.com\/sb\/en\/loja\/vinagre-de-sidra-1lt\/\" \/>\n<meta property=\"og:site_name\" content=\"SABOR BIO\" \/>\n<meta property=\"article:publisher\" content=\"http:\/\/www.facebook.com\/saborbio\" \/>\n<meta property=\"article:modified_time\" content=\"2025-10-24T18:48:56+00:00\" \/>\n<meta property=\"og:image\" content=\"https:\/\/saborbio.com\/sb\/wp-content\/uploads\/2024\/04\/5608604000164VinagreSidra1lt.jpg\" \/>\n\t<meta property=\"og:image:width\" content=\"1100\" \/>\n\t<meta property=\"og:image:height\" content=\"1100\" \/>\n\t<meta property=\"og:image:type\" content=\"image\/jpeg\" \/>\n<meta name=\"twitter:card\" content=\"summary_large_image\" \/>\n<meta name=\"twitter:label1\" content=\"Est. reading time\" \/>\n\t<meta name=\"twitter:data1\" content=\"2 minutes\" \/>\n<script type=\"application\/ld+json\" class=\"yoast-schema-graph\">{\"@context\":\"https:\\\/\\\/schema.org\",\"@graph\":[{\"@type\":\"WebPage\",\"@id\":\"https:\\\/\\\/saborbio.com\\\/sb\\\/loja\\\/vinagre-de-sidra-1lt\\\/\",\"url\":\"https:\\\/\\\/saborbio.com\\\/sb\\\/loja\\\/vinagre-de-sidra-1lt\\\/\",\"name\":\"Vinagre de Sidra 1lt | SABOR BIO\",\"isPartOf\":{\"@id\":\"https:\\\/\\\/saborbio.com\\\/sb\\\/en\\\/#website\"},\"primaryImageOfPage\":{\"@id\":\"https:\\\/\\\/saborbio.com\\\/sb\\\/loja\\\/vinagre-de-sidra-1lt\\\/#primaryimage\"},\"image\":{\"@id\":\"https:\\\/\\\/saborbio.com\\\/sb\\\/loja\\\/vinagre-de-sidra-1lt\\\/#primaryimage\"},\"thumbnailUrl\":\"https:\\\/\\\/saborbio.com\\\/sb\\\/wp-content\\\/uploads\\\/2024\\\/04\\\/5608604000164VinagreSidra1lt.jpg\",\"datePublished\":\"2017-06-18T13:19:28+00:00\",\"dateModified\":\"2025-10-24T18:48:56+00:00\",\"breadcrumb\":{\"@id\":\"https:\\\/\\\/saborbio.com\\\/sb\\\/loja\\\/vinagre-de-sidra-1lt\\\/#breadcrumb\"},\"inLanguage\":\"en-US\",\"potentialAction\":[{\"@type\":\"ReadAction\",\"target\":[\"https:\\\/\\\/saborbio.com\\\/sb\\\/loja\\\/vinagre-de-sidra-1lt\\\/\"]}]},{\"@type\":\"ImageObject\",\"inLanguage\":\"en-US\",\"@id\":\"https:\\\/\\\/saborbio.com\\\/sb\\\/loja\\\/vinagre-de-sidra-1lt\\\/#primaryimage\",\"url\":\"https:\\\/\\\/saborbio.com\\\/sb\\\/wp-content\\\/uploads\\\/2024\\\/04\\\/5608604000164VinagreSidra1lt.jpg\",\"contentUrl\":\"https:\\\/\\\/saborbio.com\\\/sb\\\/wp-content\\\/uploads\\\/2024\\\/04\\\/5608604000164VinagreSidra1lt.jpg\",\"width\":1100,\"height\":1100,\"caption\":\"Garrafa de vinagre de sidra 1lt\"},{\"@type\":\"BreadcrumbList\",\"@id\":\"https:\\\/\\\/saborbio.com\\\/sb\\\/loja\\\/vinagre-de-sidra-1lt\\\/#breadcrumb\",\"itemListElement\":[{\"@type\":\"ListItem\",\"position\":1,\"name\":\"Home\",\"item\":\"https:\\\/\\\/saborbio.com\\\/sb\\\/\"},{\"@type\":\"ListItem\",\"position\":2,\"name\":\"Loja\",\"item\":\"https:\\\/\\\/saborbio.com\\\/sb\\\/\"},{\"@type\":\"ListItem\",\"position\":3,\"name\":\"Vinagre de Sidra 1lt\"}]},{\"@type\":\"WebSite\",\"@id\":\"https:\\\/\\\/saborbio.com\\\/sb\\\/en\\\/#website\",\"url\":\"https:\\\/\\\/saborbio.com\\\/sb\\\/en\\\/\",\"name\":\"SABOR BIO\",\"description\":\"O melhor sabor da fruta\",\"publisher\":{\"@id\":\"https:\\\/\\\/saborbio.com\\\/sb\\\/en\\\/#organization\"},\"potentialAction\":[{\"@type\":\"SearchAction\",\"target\":{\"@type\":\"EntryPoint\",\"urlTemplate\":\"https:\\\/\\\/saborbio.com\\\/sb\\\/en\\\/?s={search_term_string}\"},\"query-input\":{\"@type\":\"PropertyValueSpecification\",\"valueRequired\":true,\"valueName\":\"search_term_string\"}}],\"inLanguage\":\"en-US\"},{\"@type\":\"Organization\",\"@id\":\"https:\\\/\\\/saborbio.com\\\/sb\\\/en\\\/#organization\",\"name\":\"SABOR BIO\",\"url\":\"https:\\\/\\\/saborbio.com\\\/sb\\\/en\\\/\",\"logo\":{\"@type\":\"ImageObject\",\"inLanguage\":\"en-US\",\"@id\":\"https:\\\/\\\/saborbio.com\\\/sb\\\/en\\\/#\\\/schema\\\/logo\\\/image\\\/\",\"url\":\"https:\\\/\\\/saborbio.com\\\/sb\\\/wp-content\\\/uploads\\\/2023\\\/11\\\/SaborbioWeb.png\",\"contentUrl\":\"https:\\\/\\\/saborbio.com\\\/sb\\\/wp-content\\\/uploads\\\/2023\\\/11\\\/SaborbioWeb.png\",\"width\":488,\"height\":137,\"caption\":\"SABOR BIO\"},\"image\":{\"@id\":\"https:\\\/\\\/saborbio.com\\\/sb\\\/en\\\/#\\\/schema\\\/logo\\\/image\\\/\"},\"sameAs\":[\"http:\\\/\\\/www.facebook.com\\\/saborbio\",\"https:\\\/\\\/www.linkedin.com\\\/company\\\/sabor-bio\",\"http:\\\/\\\/www.pinterest.com\\\/saborbio\\\/\"]}]}<\/script>\n<!-- \/ Yoast SEO plugin. -->","yoast_head_json":{"title":"Vinagre de Sidra 1lt | SABOR BIO","robots":{"index":"index","follow":"follow","max-snippet":"max-snippet:-1","max-image-preview":"max-image-preview:large","max-video-preview":"max-video-preview:-1"},"canonical":"https:\/\/saborbio.com\/sb\/en\/loja\/vinagre-de-sidra-1lt\/","og_locale":"en_US","og_type":"article","og_title":"Vinagre de Sidra 1lt | SABOR BIO","og_description":"O nosso vinagre de sidra \u00e9 produzido 100% com ma\u00e7\u00e3s biol\u00f3gicas cultivadas na regi\u00e3o Oeste de Portugal. Optamos por seguir um m\u00e9todo de produ\u00e7\u00e3o tradicional, e n\u00e3o pasteurizamos o vinagre. Com um sabor suave, e um toque a sidra, \u00e9 um dos nossos produtos mais populares. Esta \u00e9 a nossa garrafa de 1lt.","og_url":"https:\/\/saborbio.com\/sb\/en\/loja\/vinagre-de-sidra-1lt\/","og_site_name":"SABOR BIO","article_publisher":"http:\/\/www.facebook.com\/saborbio","article_modified_time":"2025-10-24T18:48:56+00:00","og_image":[{"width":1100,"height":1100,"url":"https:\/\/saborbio.com\/sb\/wp-content\/uploads\/2024\/04\/5608604000164VinagreSidra1lt.jpg","type":"image\/jpeg"}],"twitter_card":"summary_large_image","twitter_misc":{"Est. reading time":"2 minutes"},"schema":{"@context":"https:\/\/schema.org","@graph":[{"@type":"WebPage","@id":"https:\/\/saborbio.com\/sb\/loja\/vinagre-de-sidra-1lt\/","url":"https:\/\/saborbio.com\/sb\/loja\/vinagre-de-sidra-1lt\/","name":"Vinagre de Sidra 1lt | SABOR BIO","isPartOf":{"@id":"https:\/\/saborbio.com\/sb\/en\/#website"},"primaryImageOfPage":{"@id":"https:\/\/saborbio.com\/sb\/loja\/vinagre-de-sidra-1lt\/#primaryimage"},"image":{"@id":"https:\/\/saborbio.com\/sb\/loja\/vinagre-de-sidra-1lt\/#primaryimage"},"thumbnailUrl":"https:\/\/saborbio.com\/sb\/wp-content\/uploads\/2024\/04\/5608604000164VinagreSidra1lt.jpg","datePublished":"2017-06-18T13:19:28+00:00","dateModified":"2025-10-24T18:48:56+00:00","breadcrumb":{"@id":"https:\/\/saborbio.com\/sb\/loja\/vinagre-de-sidra-1lt\/#breadcrumb"},"inLanguage":"en-US","potentialAction":[{"@type":"ReadAction","target":["https:\/\/saborbio.com\/sb\/loja\/vinagre-de-sidra-1lt\/"]}]},{"@type":"ImageObject","inLanguage":"en-US","@id":"https:\/\/saborbio.com\/sb\/loja\/vinagre-de-sidra-1lt\/#primaryimage","url":"https:\/\/saborbio.com\/sb\/wp-content\/uploads\/2024\/04\/5608604000164VinagreSidra1lt.jpg","contentUrl":"https:\/\/saborbio.com\/sb\/wp-content\/uploads\/2024\/04\/5608604000164VinagreSidra1lt.jpg","width":1100,"height":1100,"caption":"Garrafa de vinagre de sidra 1lt"},{"@type":"BreadcrumbList","@id":"https:\/\/saborbio.com\/sb\/loja\/vinagre-de-sidra-1lt\/#breadcrumb","itemListElement":[{"@type":"ListItem","position":1,"name":"Home","item":"https:\/\/saborbio.com\/sb\/"},{"@type":"ListItem","position":2,"name":"Loja","item":"https:\/\/saborbio.com\/sb\/"},{"@type":"ListItem","position":3,"name":"Vinagre de Sidra 1lt"}]},{"@type":"WebSite","@id":"https:\/\/saborbio.com\/sb\/en\/#website","url":"https:\/\/saborbio.com\/sb\/en\/","name":"SABOR BIO","description":"O melhor sabor da fruta","publisher":{"@id":"https:\/\/saborbio.com\/sb\/en\/#organization"},"potentialAction":[{"@type":"SearchAction","target":{"@type":"EntryPoint","urlTemplate":"https:\/\/saborbio.com\/sb\/en\/?s={search_term_string}"},"query-input":{"@type":"PropertyValueSpecification","valueRequired":true,"valueName":"search_term_string"}}],"inLanguage":"en-US"},{"@type":"Organization","@id":"https:\/\/saborbio.com\/sb\/en\/#organization","name":"SABOR BIO","url":"https:\/\/saborbio.com\/sb\/en\/","logo":{"@type":"ImageObject","inLanguage":"en-US","@id":"https:\/\/saborbio.com\/sb\/en\/#\/schema\/logo\/image\/","url":"https:\/\/saborbio.com\/sb\/wp-content\/uploads\/2023\/11\/SaborbioWeb.png","contentUrl":"https:\/\/saborbio.com\/sb\/wp-content\/uploads\/2023\/11\/SaborbioWeb.png","width":488,"height":137,"caption":"SABOR BIO"},"image":{"@id":"https:\/\/saborbio.com\/sb\/en\/#\/schema\/logo\/image\/"},"sameAs":["http:\/\/www.facebook.com\/saborbio","https:\/\/www.linkedin.com\/company\/sabor-bio","http:\/\/www.pinterest.com\/saborbio\/"]}]}},"_links":{"self":[{"href":"https:\/\/saborbio.com\/sb\/en\/wp-json\/wp\/v2\/product\/812","targetHints":{"allow":["GET"]}}],"collection":[{"href":"https:\/\/saborbio.com\/sb\/en\/wp-json\/wp\/v2\/product"}],"about":[{"href":"https:\/\/saborbio.com\/sb\/en\/wp-json\/wp\/v2\/types\/product"}],"replies":[{"embeddable":true,"href":"https:\/\/saborbio.com\/sb\/en\/wp-json\/wp\/v2\/comments?post=812"}],"wp:featuredmedia":[{"embeddable":true,"href":"https:\/\/saborbio.com\/sb\/en\/wp-json\/wp\/v2\/media\/815"}],"wp:attachment":[{"href":"https:\/\/saborbio.com\/sb\/en\/wp-json\/wp\/v2\/media?parent=812"}],"wp:term":[{"taxonomy":"product_brand","embeddable":true,"href":"https:\/\/saborbio.com\/sb\/en\/wp-json\/wp\/v2\/product_brand?post=812"},{"taxonomy":"product_cat","embeddable":true,"href":"https:\/\/saborbio.com\/sb\/en\/wp-json\/wp\/v2\/product_cat?post=812"},{"taxonomy":"product_tag","embeddable":true,"href":"https:\/\/saborbio.com\/sb\/en\/wp-json\/wp\/v2\/product_tag?post=812"}],"curies":[{"name":"wp","href":"https:\/\/api.w.org\/{rel}","templated":true}]}}