{"id":953,"date":"2017-06-18T11:18:30","date_gmt":"2017-06-18T10:18:30","guid":{"rendered":"https:\/\/saborbio.com\/sb\/?post_type=product&#038;p=953"},"modified":"2026-02-03T17:48:59","modified_gmt":"2026-02-03T17:48:59","slug":"snack-de-maca-reineta","status":"publish","type":"product","link":"https:\/\/saborbio.com\/sb\/en\/loja\/snack-de-maca-reineta\/","title":{"rendered":"Reinette Apple Snack"},"content":{"rendered":"<div id=\"gap-1217990107\" class=\"gap-element clearfix\" style=\"display:block; height:auto;\">\n\t\t\n<style>\n#gap-1217990107 {\n  padding-top: 30px;\n}\n<\/style>\n\t<\/div>\n\t\n<p style=\"text-align: justify;\">As ma\u00e7\u00e3s Reineta s\u00e3o ma\u00e7\u00e3s tipicamente <strong>acastanhadas<\/strong>, sendo origin\u00e1rias de Fran\u00e7a. Conhecidas pelo seu sabor r\u00fastico, arom\u00e1tico e <strong>sweet &amp; sour<\/strong>, s\u00e3o muito apreciadas na culin\u00e1ria. Em Portugal, est\u00e3o entre as variedades cultivadas na regi\u00e3o Oeste &#8211; as variedades que utilizamos para este snack s\u00e3o a Reineta Parda e a Reineta Branca. Toda a fruta que utilizamos prov\u00e9m de fruticultores da regi\u00e3o. Caso esteja interessado, pode verificar quem produziu a fruta em cada embalagem.<\/p>\n\t<div id=\"gap-1038267898\" class=\"gap-element clearfix\" style=\"display:block; height:auto;\">\n\t\t\n<style>\n#gap-1038267898 {\n  padding-top: 30px;\n}\n<\/style>\n\t<\/div>\n\t\n<h4>Production process<\/h4>\n<div class=\"is-divider divider clearfix\" ><\/div>\n<p style=\"text-align: justify;\">Our snacks production is easy, although the process is time-consuming<\/p>\n<p style=\"text-align: justify;\">We begin by slicing the fruit and placing it in specially designed solar dryers, which is more eco-friendly than drying the fruit in ovens. This method preserves the fresh fruit flavor, a unique characteristic of our snacks.<\/p>\n<p style=\"text-align: justify;\">As the fruit dries, its flavor intensifies, resulting in naturally sweet snacks without added sugar.<\/p>\n<p style=\"text-align: justify;\">The drying process takes about 3 days, depending on the weather. After drying, we package the fruit.<\/p>\n<p style=\"text-align: justify;\">All our snacks are a source of vitamins and minerals, and are also rich in fiber. For more information, please refer to the nutritional statement on the next tab.<\/p>","protected":false},"excerpt":{"rendered":"<p style=\"text-align: justify;\">This snack is made 100% from organic Reinette apples grown in the Oeste region of Portugal. Tasty and healthy, with no added sugar or salt, it's a source of vitamins and minerals, and is also rich in fiber. This is the ideal option for a healthy snack. Among all our apple snacks, this one is considered the least sweet, making it the preference of those who don't enjoy overly sweet flavors.<\/p>\n\t\t<div class=\"wccs-bulk-pricing-table-container\">\n\t\t\t\t\r\n\r\n<table>\r\n<thead>\r\n<tr>\r\n<th>quantity<sup>(1)<\/sup><\/th>\r\n<th>discount<\/th>\r\n<th>price<sup>(2)<\/sup><\/th>\r\n<th>price<sup>(3)<\/sup><\/th>\r\n<\/tr>\r\n<\/thead>\r\n<tbody>\r\n<tr>\r\n<td>2 - 8<\/td>\r\n<td>45%<\/td>\r\n<td><span class=\"woocommerce-Price-amount amount\">2,58<span class=\"woocommerce-Price-currencySymbol\">\u20ac<\/span><\/span><\/td>\r\n<td rowspan=\"6\"><span class=\"woocommerce-Price-amount amount\">1,86<span class=\"woocommerce-Price-currencySymbol\">\u20ac<\/span><\/span><\/td>\r\n<\/tr>\r\n<tr>\r\n<td>9 - 12<\/td>\r\n<td>48%<\/td>\r\n<td><span class=\"woocommerce-Price-amount amount\">2,44<span class=\"woocommerce-Price-currencySymbol\">\u20ac<\/span><\/span><\/td>\r\n<\/tr>\r\n<tr>\r\n<td>13 - 15<\/td>\r\n<td>50%<\/td>\r\n<td><span class=\"woocommerce-Price-amount amount\">2,35<span class=\"woocommerce-Price-currencySymbol\">\u20ac<\/span><\/span><\/td>\r\n<\/tr>\r\n<tr>\r\n<td>16 - 23<\/td>\r\n<td>52%<\/td>\r\n<td><span class=\"woocommerce-Price-amount amount\">2,25<span class=\"woocommerce-Price-currencySymbol\">\u20ac<\/span><\/span><\/td>\r\n<\/tr>\r\n<tr>\r\n<td>24 - 75<\/td>\r\n<td>54%<\/td>\r\n<td><span class=\"woocommerce-Price-amount amount\">2,16<span class=\"woocommerce-Price-currencySymbol\">\u20ac<\/span><\/span><\/td>\r\n<\/tr>\r\n<tr>\r\n<td>76 +<\/td>\r\n<td>55%<\/td>\r\n<td><span class=\"woocommerce-Price-amount amount\">2,11<span class=\"woocommerce-Price-currencySymbol\">\u20ac<\/span><\/span><\/td>\r\n<\/tr>\r\n<\/tbody>\r\n<\/table>\r\n\t\t<\/div>\n\t\r\n\t<div id=\"text-2942146805\" class=\"text\">\n\t\t\r\n\r\n<p><sup>(1)<\/sup> total items in cart <br \/><sup>(2)<\/sup> shipping by courier <br \/><sup>(3)<\/sup> pickup at SB<\/p>\r\n\r\n\t\t\n<style>\n#text-2942146805 {\n  font-size: 0.8rem;\n  text-align: left;\n}\n<\/style>\n\t<\/div>","protected":false},"featured_media":954,"comment_status":"open","ping_status":"closed","template":"","meta":[],"product_brand":[],"product_cat":[79,92],"product_tag":[103,112,115],"class_list":{"0":"post-953","1":"product","2":"type-product","3":"status-publish","4":"has-post-thumbnail","6":"product_cat-maca","7":"product_cat-snacks","8":"product_tag-50gr","9":"product_tag-maca","10":"product_tag-snacks","11":"product_shipping_class-dried-fruit","13":"first","14":"instock","15":"taxable","16":"shipping-taxable","17":"purchasable","18":"product-type-simple"},"yoast_head":"<!-- This site is optimized with the Yoast SEO plugin v27.3 - https:\/\/yoast.com\/product\/yoast-seo-wordpress\/ -->\n<title>Snack de Ma\u00e7\u00e3 Reineta | SABOR BIO<\/title>\n<meta name=\"robots\" content=\"index, follow, max-snippet:-1, max-image-preview:large, max-video-preview:-1\" \/>\n<link rel=\"canonical\" href=\"https:\/\/saborbio.com\/sb\/en\/loja\/snack-de-maca-reineta\/\" \/>\n<meta property=\"og:locale\" content=\"en_US\" \/>\n<meta property=\"og:type\" content=\"article\" \/>\n<meta property=\"og:title\" content=\"Snack de Ma\u00e7\u00e3 Reineta | SABOR BIO\" \/>\n<meta property=\"og:description\" content=\"Este snack \u00e9 produzido 100% com ma\u00e7\u00e3s Reineta biol\u00f3gicas cultivadas na regi\u00e3o Oeste de Portugal. Saboroso e saud\u00e1vel, sem adi\u00e7\u00e3o de a\u00e7\u00facar ou sal, \u00e9 uma fonte de vitaminas e minerais, sendo tamb\u00e9m rico em fibra. Esta \u00e9 a op\u00e7\u00e3o ideal para um lanche saud\u00e1vel. Entre todos os nossos snacks de ma\u00e7\u00e3, este \u00e9 considerado o menos doce, sendo, por isso, a prefer\u00eancia de quem n\u00e3o aprecia sabores muito doces.\" \/>\n<meta property=\"og:url\" content=\"https:\/\/saborbio.com\/sb\/en\/loja\/snack-de-maca-reineta\/\" \/>\n<meta property=\"og:site_name\" content=\"SABOR BIO\" \/>\n<meta property=\"article:publisher\" content=\"http:\/\/www.facebook.com\/saborbio\" \/>\n<meta property=\"article:modified_time\" content=\"2026-02-03T17:48:59+00:00\" \/>\n<meta property=\"og:image\" content=\"https:\/\/saborbio.com\/sb\/wp-content\/uploads\/2024\/04\/5608604000119SnackReineta.jpg\" \/>\n\t<meta property=\"og:image:width\" content=\"1100\" \/>\n\t<meta property=\"og:image:height\" content=\"1100\" \/>\n\t<meta property=\"og:image:type\" content=\"image\/jpeg\" \/>\n<meta name=\"twitter:card\" content=\"summary_large_image\" \/>\n<meta name=\"twitter:label1\" content=\"Est. reading time\" \/>\n\t<meta name=\"twitter:data1\" content=\"2 minutes\" \/>\n<script type=\"application\/ld+json\" class=\"yoast-schema-graph\">{\"@context\":\"https:\\\/\\\/schema.org\",\"@graph\":[{\"@type\":\"WebPage\",\"@id\":\"https:\\\/\\\/saborbio.com\\\/sb\\\/loja\\\/snack-de-maca-reineta\\\/\",\"url\":\"https:\\\/\\\/saborbio.com\\\/sb\\\/loja\\\/snack-de-maca-reineta\\\/\",\"name\":\"Snack de Ma\u00e7\u00e3 Reineta | SABOR BIO\",\"isPartOf\":{\"@id\":\"https:\\\/\\\/saborbio.com\\\/sb\\\/en\\\/#website\"},\"primaryImageOfPage\":{\"@id\":\"https:\\\/\\\/saborbio.com\\\/sb\\\/loja\\\/snack-de-maca-reineta\\\/#primaryimage\"},\"image\":{\"@id\":\"https:\\\/\\\/saborbio.com\\\/sb\\\/loja\\\/snack-de-maca-reineta\\\/#primaryimage\"},\"thumbnailUrl\":\"https:\\\/\\\/saborbio.com\\\/sb\\\/wp-content\\\/uploads\\\/2024\\\/04\\\/5608604000119SnackReineta.jpg\",\"datePublished\":\"2017-06-18T10:18:30+00:00\",\"dateModified\":\"2026-02-03T17:48:59+00:00\",\"breadcrumb\":{\"@id\":\"https:\\\/\\\/saborbio.com\\\/sb\\\/loja\\\/snack-de-maca-reineta\\\/#breadcrumb\"},\"inLanguage\":\"en-US\",\"potentialAction\":[{\"@type\":\"ReadAction\",\"target\":[\"https:\\\/\\\/saborbio.com\\\/sb\\\/loja\\\/snack-de-maca-reineta\\\/\"]}]},{\"@type\":\"ImageObject\",\"inLanguage\":\"en-US\",\"@id\":\"https:\\\/\\\/saborbio.com\\\/sb\\\/loja\\\/snack-de-maca-reineta\\\/#primaryimage\",\"url\":\"https:\\\/\\\/saborbio.com\\\/sb\\\/wp-content\\\/uploads\\\/2024\\\/04\\\/5608604000119SnackReineta.jpg\",\"contentUrl\":\"https:\\\/\\\/saborbio.com\\\/sb\\\/wp-content\\\/uploads\\\/2024\\\/04\\\/5608604000119SnackReineta.jpg\",\"width\":1100,\"height\":1100,\"caption\":\"Saco de snacks de ma\u00e7\u00e3 reineta 50gr\"},{\"@type\":\"BreadcrumbList\",\"@id\":\"https:\\\/\\\/saborbio.com\\\/sb\\\/loja\\\/snack-de-maca-reineta\\\/#breadcrumb\",\"itemListElement\":[{\"@type\":\"ListItem\",\"position\":1,\"name\":\"Home\",\"item\":\"https:\\\/\\\/saborbio.com\\\/sb\\\/\"},{\"@type\":\"ListItem\",\"position\":2,\"name\":\"Loja\",\"item\":\"https:\\\/\\\/saborbio.com\\\/sb\\\/\"},{\"@type\":\"ListItem\",\"position\":3,\"name\":\"Snack de Ma\u00e7\u00e3 Reineta\"}]},{\"@type\":\"WebSite\",\"@id\":\"https:\\\/\\\/saborbio.com\\\/sb\\\/en\\\/#website\",\"url\":\"https:\\\/\\\/saborbio.com\\\/sb\\\/en\\\/\",\"name\":\"SABOR BIO\",\"description\":\"O melhor sabor da fruta\",\"publisher\":{\"@id\":\"https:\\\/\\\/saborbio.com\\\/sb\\\/en\\\/#organization\"},\"potentialAction\":[{\"@type\":\"SearchAction\",\"target\":{\"@type\":\"EntryPoint\",\"urlTemplate\":\"https:\\\/\\\/saborbio.com\\\/sb\\\/en\\\/?s={search_term_string}\"},\"query-input\":{\"@type\":\"PropertyValueSpecification\",\"valueRequired\":true,\"valueName\":\"search_term_string\"}}],\"inLanguage\":\"en-US\"},{\"@type\":\"Organization\",\"@id\":\"https:\\\/\\\/saborbio.com\\\/sb\\\/en\\\/#organization\",\"name\":\"SABOR BIO\",\"url\":\"https:\\\/\\\/saborbio.com\\\/sb\\\/en\\\/\",\"logo\":{\"@type\":\"ImageObject\",\"inLanguage\":\"en-US\",\"@id\":\"https:\\\/\\\/saborbio.com\\\/sb\\\/en\\\/#\\\/schema\\\/logo\\\/image\\\/\",\"url\":\"https:\\\/\\\/saborbio.com\\\/sb\\\/wp-content\\\/uploads\\\/2023\\\/11\\\/SaborbioWeb.png\",\"contentUrl\":\"https:\\\/\\\/saborbio.com\\\/sb\\\/wp-content\\\/uploads\\\/2023\\\/11\\\/SaborbioWeb.png\",\"width\":488,\"height\":137,\"caption\":\"SABOR BIO\"},\"image\":{\"@id\":\"https:\\\/\\\/saborbio.com\\\/sb\\\/en\\\/#\\\/schema\\\/logo\\\/image\\\/\"},\"sameAs\":[\"http:\\\/\\\/www.facebook.com\\\/saborbio\",\"https:\\\/\\\/www.linkedin.com\\\/company\\\/sabor-bio\",\"http:\\\/\\\/www.pinterest.com\\\/saborbio\\\/\"]}]}<\/script>\n<!-- \/ Yoast SEO plugin. -->","yoast_head_json":{"title":"Snack de Ma\u00e7\u00e3 Reineta | SABOR BIO","robots":{"index":"index","follow":"follow","max-snippet":"max-snippet:-1","max-image-preview":"max-image-preview:large","max-video-preview":"max-video-preview:-1"},"canonical":"https:\/\/saborbio.com\/sb\/en\/loja\/snack-de-maca-reineta\/","og_locale":"en_US","og_type":"article","og_title":"Snack de Ma\u00e7\u00e3 Reineta | SABOR BIO","og_description":"Este snack \u00e9 produzido 100% com ma\u00e7\u00e3s Reineta biol\u00f3gicas cultivadas na regi\u00e3o Oeste de Portugal. Saboroso e saud\u00e1vel, sem adi\u00e7\u00e3o de a\u00e7\u00facar ou sal, \u00e9 uma fonte de vitaminas e minerais, sendo tamb\u00e9m rico em fibra. Esta \u00e9 a op\u00e7\u00e3o ideal para um lanche saud\u00e1vel. Entre todos os nossos snacks de ma\u00e7\u00e3, este \u00e9 considerado o menos doce, sendo, por isso, a prefer\u00eancia de quem n\u00e3o aprecia sabores muito doces.","og_url":"https:\/\/saborbio.com\/sb\/en\/loja\/snack-de-maca-reineta\/","og_site_name":"SABOR BIO","article_publisher":"http:\/\/www.facebook.com\/saborbio","article_modified_time":"2026-02-03T17:48:59+00:00","og_image":[{"width":1100,"height":1100,"url":"https:\/\/saborbio.com\/sb\/wp-content\/uploads\/2024\/04\/5608604000119SnackReineta.jpg","type":"image\/jpeg"}],"twitter_card":"summary_large_image","twitter_misc":{"Est. reading time":"2 minutes"},"schema":{"@context":"https:\/\/schema.org","@graph":[{"@type":"WebPage","@id":"https:\/\/saborbio.com\/sb\/loja\/snack-de-maca-reineta\/","url":"https:\/\/saborbio.com\/sb\/loja\/snack-de-maca-reineta\/","name":"Snack de Ma\u00e7\u00e3 Reineta | SABOR BIO","isPartOf":{"@id":"https:\/\/saborbio.com\/sb\/en\/#website"},"primaryImageOfPage":{"@id":"https:\/\/saborbio.com\/sb\/loja\/snack-de-maca-reineta\/#primaryimage"},"image":{"@id":"https:\/\/saborbio.com\/sb\/loja\/snack-de-maca-reineta\/#primaryimage"},"thumbnailUrl":"https:\/\/saborbio.com\/sb\/wp-content\/uploads\/2024\/04\/5608604000119SnackReineta.jpg","datePublished":"2017-06-18T10:18:30+00:00","dateModified":"2026-02-03T17:48:59+00:00","breadcrumb":{"@id":"https:\/\/saborbio.com\/sb\/loja\/snack-de-maca-reineta\/#breadcrumb"},"inLanguage":"en-US","potentialAction":[{"@type":"ReadAction","target":["https:\/\/saborbio.com\/sb\/loja\/snack-de-maca-reineta\/"]}]},{"@type":"ImageObject","inLanguage":"en-US","@id":"https:\/\/saborbio.com\/sb\/loja\/snack-de-maca-reineta\/#primaryimage","url":"https:\/\/saborbio.com\/sb\/wp-content\/uploads\/2024\/04\/5608604000119SnackReineta.jpg","contentUrl":"https:\/\/saborbio.com\/sb\/wp-content\/uploads\/2024\/04\/5608604000119SnackReineta.jpg","width":1100,"height":1100,"caption":"Saco de snacks de ma\u00e7\u00e3 reineta 50gr"},{"@type":"BreadcrumbList","@id":"https:\/\/saborbio.com\/sb\/loja\/snack-de-maca-reineta\/#breadcrumb","itemListElement":[{"@type":"ListItem","position":1,"name":"Home","item":"https:\/\/saborbio.com\/sb\/"},{"@type":"ListItem","position":2,"name":"Loja","item":"https:\/\/saborbio.com\/sb\/"},{"@type":"ListItem","position":3,"name":"Snack de Ma\u00e7\u00e3 Reineta"}]},{"@type":"WebSite","@id":"https:\/\/saborbio.com\/sb\/en\/#website","url":"https:\/\/saborbio.com\/sb\/en\/","name":"SABOR BIO","description":"O melhor sabor da fruta","publisher":{"@id":"https:\/\/saborbio.com\/sb\/en\/#organization"},"potentialAction":[{"@type":"SearchAction","target":{"@type":"EntryPoint","urlTemplate":"https:\/\/saborbio.com\/sb\/en\/?s={search_term_string}"},"query-input":{"@type":"PropertyValueSpecification","valueRequired":true,"valueName":"search_term_string"}}],"inLanguage":"en-US"},{"@type":"Organization","@id":"https:\/\/saborbio.com\/sb\/en\/#organization","name":"SABOR BIO","url":"https:\/\/saborbio.com\/sb\/en\/","logo":{"@type":"ImageObject","inLanguage":"en-US","@id":"https:\/\/saborbio.com\/sb\/en\/#\/schema\/logo\/image\/","url":"https:\/\/saborbio.com\/sb\/wp-content\/uploads\/2023\/11\/SaborbioWeb.png","contentUrl":"https:\/\/saborbio.com\/sb\/wp-content\/uploads\/2023\/11\/SaborbioWeb.png","width":488,"height":137,"caption":"SABOR BIO"},"image":{"@id":"https:\/\/saborbio.com\/sb\/en\/#\/schema\/logo\/image\/"},"sameAs":["http:\/\/www.facebook.com\/saborbio","https:\/\/www.linkedin.com\/company\/sabor-bio","http:\/\/www.pinterest.com\/saborbio\/"]}]}},"_links":{"self":[{"href":"https:\/\/saborbio.com\/sb\/en\/wp-json\/wp\/v2\/product\/953","targetHints":{"allow":["GET"]}}],"collection":[{"href":"https:\/\/saborbio.com\/sb\/en\/wp-json\/wp\/v2\/product"}],"about":[{"href":"https:\/\/saborbio.com\/sb\/en\/wp-json\/wp\/v2\/types\/product"}],"replies":[{"embeddable":true,"href":"https:\/\/saborbio.com\/sb\/en\/wp-json\/wp\/v2\/comments?post=953"}],"wp:featuredmedia":[{"embeddable":true,"href":"https:\/\/saborbio.com\/sb\/en\/wp-json\/wp\/v2\/media\/954"}],"wp:attachment":[{"href":"https:\/\/saborbio.com\/sb\/en\/wp-json\/wp\/v2\/media?parent=953"}],"wp:term":[{"taxonomy":"product_brand","embeddable":true,"href":"https:\/\/saborbio.com\/sb\/en\/wp-json\/wp\/v2\/product_brand?post=953"},{"taxonomy":"product_cat","embeddable":true,"href":"https:\/\/saborbio.com\/sb\/en\/wp-json\/wp\/v2\/product_cat?post=953"},{"taxonomy":"product_tag","embeddable":true,"href":"https:\/\/saborbio.com\/sb\/en\/wp-json\/wp\/v2\/product_tag?post=953"}],"curies":[{"name":"wp","href":"https:\/\/api.w.org\/{rel}","templated":true}]}}