{"id":1748,"date":"2024-12-12T13:17:14","date_gmt":"2024-12-12T13:17:14","guid":{"rendered":"https:\/\/saborbio.com\/sb\/?page_id=1748"},"modified":"2025-05-06T17:47:50","modified_gmt":"2025-05-06T16:47:50","slug":"litigios","status":"publish","type":"page","link":"https:\/\/saborbio.com\/sb\/litigios\/","title":{"rendered":"Lit\u00edgios"},"content":{"rendered":"\n\n\t<section class=\"section\" id=\"section_1040764670\">\n\t\t<div class=\"section-bg fill\" >\n\t\t\t\t\t\t\t\t\t\n\t\t\t\n\n\t\t<\/div>\n\n\t\t\n\n\t\t<div class=\"section-content relative\">\n\t\t\t\n\n<div class=\"row align-middle align-center\"  id=\"row-495933944\">\n\n\n\t<div id=\"col-1831158588\" class=\"col small-12 large-12\"  >\n\t\t\t\t<div class=\"col-inner text-center\"  >\n\t\t\t\n\t\t\t\n\n  <div id=\"page-header-1574086668\" class=\"page-header-wrapper\">\n  <div class=\"page-title light simple-title\">\n\n    \n    <div class=\"page-title-inner container align-center text-center flex-row-col medium-flex-wrap\" >\n              <div class=\"title-wrapper uppercase flex-col\">\n          <h1 class=\"entry-title mb-0\">\n            lit\u00edgios          <\/h1>\n        <\/div>\n                    <div class=\"title-content flex-col\">\n              <\/div>\n    <\/div>\n\n       <\/div>\n    <\/div>\n  \n\n<div class=\"text-center\"><div class=\"is-divider divider clearfix\" style=\"max-width:100px;\"><\/div><\/div>\n\n\n\t\t<\/div>\n\t\t\t\t\n<style>\n#col-1831158588 > .col-inner {\n  padding: 30px 0px 0px 0px;\n}\n<\/style>\n\t<\/div>\n\n\t\n\n<\/div>\n\n\t\t<\/div>\n\n\t\t\n<style>\n#section_1040764670 {\n  padding-top: 30px;\n  padding-bottom: 30px;\n  background-color: rgb(245, 245, 245);\n}\n<\/style>\n\t<\/section>\n\t\n\t<div id=\"gap-1202888399\" class=\"gap-element clearfix\" style=\"display:block; height:auto;\">\n\t\t\n<style>\n#gap-1202888399 {\n  padding-top: 60px;\n}\n<\/style>\n\t<\/div>\n\t\n\n<div class=\"row\"  id=\"row-2078082884\">\n\n\n\t<div id=\"col-626243178\" class=\"col small-12 large-12\"  >\n\t\t\t\t<div class=\"col-inner\"  >\n\t\t\t\n\t\t\t\n\n<p style=\"text-align: center;\">Em caso de lit\u00edgio poder\u00e1 recorrer \u00e0 seguinte Entidade de Resolu\u00e7\u00e3o Alternativa de Lit\u00edgios de Consumo:<\/p>\n\t<div id=\"gap-1071532731\" class=\"gap-element clearfix\" style=\"display:block; height:auto;\">\n\t\t\n<style>\n#gap-1071532731 {\n  padding-top: 20px;\n}\n<\/style>\n\t<\/div>\n\t\n\n<div class=\"row align-middle align-center\"  id=\"row-686710765\">\n\n\n\t<div id=\"col-1338701971\" class=\"col small-12 large-12\"  >\n\t\t\t\t<div class=\"col-inner\"  >\n\t\t\t\n\t<div class=\"is-border is-dotted\"\n\t\tstyle=\"border-width:5px 0px 5px 0px;\">\n\t<\/div>\n\t\t\t\n\n<h2 style=\"text-align: center;\"><strong>Centro de Arbitragem de Conflitos de Consumo de Lisboa\u00a0(CACCL)<\/strong><\/h2>\n<p style=\"text-align: center;\"><a href=\"http:\/\/www.centroarbitragemlisboa.pt\/\" target=\"_blank\" rel=\"noopener\">www.centroarbitragemlisboa.pt<\/a> | <a href=\"mailto:juridico@centroarbitragemlisboa.pt\">juridico@centroarbitragemlisboa.pt<\/a><\/p>\n<p style=\"text-align: center;\">(+351) 218 80 70 30 (chamada para a rede fixa nacional)<\/p>\n<p>\u00a0<\/p>\n\n\t\t<\/div>\n\t\t\t\t\n<style>\n#col-1338701971 > .col-inner {\n  padding: 0px 0px 20px 0px;\n  border-radius: 100px;\n}\n<\/style>\n\t<\/div>\n\n\t\n\n\n<style>\n#row-686710765 > .col > .col-inner {\n  padding: 20px 20px 0px 20px;\n}\n<\/style>\n<\/div>\n<p style=\"text-align: center;\">Poder\u00e1 ainda obter mais informa\u00e7\u00f5es no Portal do Consumidor em <a href=\"https:\/\/www.consumidor.gov.pt\/\">www.consumidor.pt<\/a><\/p>\n<p style=\"text-align: center;\"><em>Lei 144\/2015 de 23 de Setembro<\/em><\/p>\n<p>\u00a0<\/p>\n<p style=\"text-align: justify;\">Em caso de lit\u00edgio de consumo online , poder\u00e1 ainda recorrer a um sistema de resolu\u00e7\u00e3o de lit\u00edgios em linha (RLL), a Plataforma ODR (\u201conline dispute resolution\u201d), com compet\u00eancia para resolu\u00e7\u00e3o de lit\u00edgios relativos a contratos celebrados \u00e0 dist\u00e2ncia:<\/p>\n<p style=\"text-align: center;\"><a href=\"https:\/\/ec.europa.eu\/consumers\/odr\/main\/index.cfm?event=main.home2.show&amp;lng=PT\">Resolu\u00e7\u00e3o de Litigios em Linha (RLL)<\/a><\/p>\n\n\t\t<\/div>\n\t\t\t\t\n<style>\n#col-626243178 > .col-inner {\n  padding: 0px 30px 0px 30px;\n}\n<\/style>\n\t<\/div>\n\n\t\n\n<\/div>\n\t<div id=\"gap-186795521\" class=\"gap-element clearfix\" style=\"display:block; height:auto;\">\n\t\t\n<style>\n#gap-186795521 {\n  padding-top: 30px;\n}\n<\/style>\n\t<\/div>\n\t\n\n\n\t<section class=\"section\" id=\"section_1252942207\">\n\t\t<div class=\"section-bg fill\" >\n\t\t\t\t\t\t\t\t\t\n\t\t\t\n\n\t\t<\/div>\n\n\t\t\n\n\t\t<div class=\"section-content relative\">\n\t\t\t\n\n<div class=\"row align-middle align-center\"  id=\"row-637343278\">\n\n\n\t<div id=\"col-420327421\" class=\"col medium-10 small-12 large-10\"  >\n\t\t\t\t<div class=\"col-inner text-center\"  >\n\t\t\t\n\t\t\t\n\n<h2 class=\"uppercase\">N\u00e3o encontrou o que procura?<\/h2>\n\t<div id=\"gap-656126494\" class=\"gap-element clearfix\" style=\"display:block; height:auto;\">\n\t\t\n<style>\n#gap-656126494 {\n  padding-top: 15px;\n}\n<\/style>\n\t<\/div>\n\t\n\n\t<div id=\"text-816659209\" class=\"text\">\n\t\t\n\n<p>Envie as suas d\u00favidas ou quest\u00f5es por email para <a style=\"color: #7dbd00;\" href=\"mailto:info@saborbio.pt\">info@saborbio.pt<\/a>, ou utilize o nosso formul\u00e1rio de contacto\u00a0<a style=\"color: #7dbd00;\" href=\"https:\/\/saborbio.com\/sb\/contacto\/\" rel=\"noopener noreferrer\">aqui<\/a>.<\/p>\n\t\t\n<style>\n#text-816659209 {\n  font-size: 0.95rem;\n}\n<\/style>\n\t<\/div>\n\t\n\n\t\t<\/div>\n\t\t\t\t\n<style>\n#col-420327421 > .col-inner {\n  padding: 30px 0px 0px 0px;\n}\n<\/style>\n\t<\/div>\n\n\t\n\n<\/div>\n\n\t\t<\/div>\n\n\t\t\n<style>\n#section_1252942207 {\n  padding-top: 30px;\n  padding-bottom: 30px;\n  min-height: 10px;\n  background-color: rgb(245, 245, 245);\n}\n<\/style>\n\t<\/section>\n\t\n\n\n","protected":false},"excerpt":{"rendered":"","protected":false},"author":2,"featured_media":0,"parent":0,"menu_order":0,"comment_status":"closed","ping_status":"closed","template":"page-blank.php","meta":{"footnotes":""},"class_list":["post-1748","page","type-page","status-publish","hentry"],"yoast_head":"<!-- This site is optimized with the Yoast SEO plugin v27.3 - https:\/\/yoast.com\/product\/yoast-seo-wordpress\/ -->\n<title>Lit\u00edgios | SABOR BIO<\/title>\n<meta name=\"robots\" content=\"noindex, nofollow\" \/>\n<meta property=\"og:locale\" content=\"pt_PT\" \/>\n<meta property=\"og:type\" content=\"article\" \/>\n<meta property=\"og:title\" content=\"Lit\u00edgios | SABOR BIO\" \/>\n<meta property=\"og:url\" content=\"https:\/\/saborbio.com\/sb\/litigios\/\" \/>\n<meta property=\"og:site_name\" content=\"SABOR BIO\" \/>\n<meta property=\"article:publisher\" content=\"http:\/\/www.facebook.com\/saborbio\" \/>\n<meta property=\"article:modified_time\" content=\"2025-05-06T16:47:50+00:00\" \/>\n<meta property=\"og:image\" content=\"https:\/\/saborbio.com\/sb\/wp-content\/uploads\/2024\/03\/SBPlaceholder3.jpg\" \/>\n\t<meta property=\"og:image:width\" content=\"1792\" \/>\n\t<meta property=\"og:image:height\" content=\"1792\" \/>\n\t<meta property=\"og:image:type\" content=\"image\/jpeg\" \/>\n<meta name=\"twitter:card\" content=\"summary_large_image\" \/>\n<script type=\"application\/ld+json\" class=\"yoast-schema-graph\">{\"@context\":\"https:\\\/\\\/schema.org\",\"@graph\":[{\"@type\":\"WebPage\",\"@id\":\"https:\\\/\\\/saborbio.com\\\/sb\\\/litigios\\\/\",\"url\":\"https:\\\/\\\/saborbio.com\\\/sb\\\/litigios\\\/\",\"name\":\"Lit\u00edgios | SABOR BIO\",\"isPartOf\":{\"@id\":\"https:\\\/\\\/saborbio.com\\\/sb\\\/en\\\/#website\"},\"datePublished\":\"2024-12-12T13:17:14+00:00\",\"dateModified\":\"2025-05-06T16:47:50+00:00\",\"breadcrumb\":{\"@id\":\"https:\\\/\\\/saborbio.com\\\/sb\\\/litigios\\\/#breadcrumb\"},\"inLanguage\":\"pt-PT\",\"potentialAction\":[{\"@type\":\"ReadAction\",\"target\":[\"https:\\\/\\\/saborbio.com\\\/sb\\\/litigios\\\/\"]}]},{\"@type\":\"BreadcrumbList\",\"@id\":\"https:\\\/\\\/saborbio.com\\\/sb\\\/litigios\\\/#breadcrumb\",\"itemListElement\":[{\"@type\":\"ListItem\",\"position\":1,\"name\":\"Home\",\"item\":\"https:\\\/\\\/saborbio.com\\\/sb\\\/\"},{\"@type\":\"ListItem\",\"position\":2,\"name\":\"Lit\u00edgios\"}]},{\"@type\":\"WebSite\",\"@id\":\"https:\\\/\\\/saborbio.com\\\/sb\\\/en\\\/#website\",\"url\":\"https:\\\/\\\/saborbio.com\\\/sb\\\/en\\\/\",\"name\":\"SABOR BIO\",\"description\":\"O melhor sabor da fruta\",\"publisher\":{\"@id\":\"https:\\\/\\\/saborbio.com\\\/sb\\\/en\\\/#organization\"},\"potentialAction\":[{\"@type\":\"SearchAction\",\"target\":{\"@type\":\"EntryPoint\",\"urlTemplate\":\"https:\\\/\\\/saborbio.com\\\/sb\\\/en\\\/?s={search_term_string}\"},\"query-input\":{\"@type\":\"PropertyValueSpecification\",\"valueRequired\":true,\"valueName\":\"search_term_string\"}}],\"inLanguage\":\"pt-PT\"},{\"@type\":\"Organization\",\"@id\":\"https:\\\/\\\/saborbio.com\\\/sb\\\/en\\\/#organization\",\"name\":\"SABOR BIO\",\"url\":\"https:\\\/\\\/saborbio.com\\\/sb\\\/en\\\/\",\"logo\":{\"@type\":\"ImageObject\",\"inLanguage\":\"pt-PT\",\"@id\":\"https:\\\/\\\/saborbio.com\\\/sb\\\/en\\\/#\\\/schema\\\/logo\\\/image\\\/\",\"url\":\"https:\\\/\\\/saborbio.com\\\/sb\\\/wp-content\\\/uploads\\\/2023\\\/11\\\/SaborbioWeb.png\",\"contentUrl\":\"https:\\\/\\\/saborbio.com\\\/sb\\\/wp-content\\\/uploads\\\/2023\\\/11\\\/SaborbioWeb.png\",\"width\":488,\"height\":137,\"caption\":\"SABOR BIO\"},\"image\":{\"@id\":\"https:\\\/\\\/saborbio.com\\\/sb\\\/en\\\/#\\\/schema\\\/logo\\\/image\\\/\"},\"sameAs\":[\"http:\\\/\\\/www.facebook.com\\\/saborbio\",\"https:\\\/\\\/www.linkedin.com\\\/company\\\/sabor-bio\",\"http:\\\/\\\/www.pinterest.com\\\/saborbio\\\/\"]}]}<\/script>\n<!-- \/ Yoast SEO plugin. -->","yoast_head_json":{"title":"Lit\u00edgios | SABOR BIO","robots":{"index":"noindex","follow":"nofollow"},"og_locale":"pt_PT","og_type":"article","og_title":"Lit\u00edgios | SABOR BIO","og_url":"https:\/\/saborbio.com\/sb\/litigios\/","og_site_name":"SABOR BIO","article_publisher":"http:\/\/www.facebook.com\/saborbio","article_modified_time":"2025-05-06T16:47:50+00:00","og_image":[{"width":1792,"height":1792,"url":"https:\/\/saborbio.com\/sb\/wp-content\/uploads\/2024\/03\/SBPlaceholder3.jpg","type":"image\/jpeg"}],"twitter_card":"summary_large_image","schema":{"@context":"https:\/\/schema.org","@graph":[{"@type":"WebPage","@id":"https:\/\/saborbio.com\/sb\/litigios\/","url":"https:\/\/saborbio.com\/sb\/litigios\/","name":"Lit\u00edgios | SABOR BIO","isPartOf":{"@id":"https:\/\/saborbio.com\/sb\/en\/#website"},"datePublished":"2024-12-12T13:17:14+00:00","dateModified":"2025-05-06T16:47:50+00:00","breadcrumb":{"@id":"https:\/\/saborbio.com\/sb\/litigios\/#breadcrumb"},"inLanguage":"pt-PT","potentialAction":[{"@type":"ReadAction","target":["https:\/\/saborbio.com\/sb\/litigios\/"]}]},{"@type":"BreadcrumbList","@id":"https:\/\/saborbio.com\/sb\/litigios\/#breadcrumb","itemListElement":[{"@type":"ListItem","position":1,"name":"Home","item":"https:\/\/saborbio.com\/sb\/"},{"@type":"ListItem","position":2,"name":"Lit\u00edgios"}]},{"@type":"WebSite","@id":"https:\/\/saborbio.com\/sb\/en\/#website","url":"https:\/\/saborbio.com\/sb\/en\/","name":"SABOR BIO","description":"O melhor sabor da fruta","publisher":{"@id":"https:\/\/saborbio.com\/sb\/en\/#organization"},"potentialAction":[{"@type":"SearchAction","target":{"@type":"EntryPoint","urlTemplate":"https:\/\/saborbio.com\/sb\/en\/?s={search_term_string}"},"query-input":{"@type":"PropertyValueSpecification","valueRequired":true,"valueName":"search_term_string"}}],"inLanguage":"pt-PT"},{"@type":"Organization","@id":"https:\/\/saborbio.com\/sb\/en\/#organization","name":"SABOR BIO","url":"https:\/\/saborbio.com\/sb\/en\/","logo":{"@type":"ImageObject","inLanguage":"pt-PT","@id":"https:\/\/saborbio.com\/sb\/en\/#\/schema\/logo\/image\/","url":"https:\/\/saborbio.com\/sb\/wp-content\/uploads\/2023\/11\/SaborbioWeb.png","contentUrl":"https:\/\/saborbio.com\/sb\/wp-content\/uploads\/2023\/11\/SaborbioWeb.png","width":488,"height":137,"caption":"SABOR BIO"},"image":{"@id":"https:\/\/saborbio.com\/sb\/en\/#\/schema\/logo\/image\/"},"sameAs":["http:\/\/www.facebook.com\/saborbio","https:\/\/www.linkedin.com\/company\/sabor-bio","http:\/\/www.pinterest.com\/saborbio\/"]}]}},"_links":{"self":[{"href":"https:\/\/saborbio.com\/sb\/wp-json\/wp\/v2\/pages\/1748","targetHints":{"allow":["GET"]}}],"collection":[{"href":"https:\/\/saborbio.com\/sb\/wp-json\/wp\/v2\/pages"}],"about":[{"href":"https:\/\/saborbio.com\/sb\/wp-json\/wp\/v2\/types\/page"}],"author":[{"embeddable":true,"href":"https:\/\/saborbio.com\/sb\/wp-json\/wp\/v2\/users\/2"}],"replies":[{"embeddable":true,"href":"https:\/\/saborbio.com\/sb\/wp-json\/wp\/v2\/comments?post=1748"}],"version-history":[{"count":14,"href":"https:\/\/saborbio.com\/sb\/wp-json\/wp\/v2\/pages\/1748\/revisions"}],"predecessor-version":[{"id":2052,"href":"https:\/\/saborbio.com\/sb\/wp-json\/wp\/v2\/pages\/1748\/revisions\/2052"}],"wp:attachment":[{"href":"https:\/\/saborbio.com\/sb\/wp-json\/wp\/v2\/media?parent=1748"}],"curies":[{"name":"wp","href":"https:\/\/api.w.org\/{rel}","templated":true}]}}