{"id":1009,"date":"2017-06-18T12:30:44","date_gmt":"2017-06-18T11:30:44","guid":{"rendered":"https:\/\/saborbio.com\/sb\/?post_type=product&#038;p=1009"},"modified":"2026-02-05T14:50:40","modified_gmt":"2026-02-05T14:50:40","slug":"snack-de-pera-alexandrina","status":"publish","type":"product","link":"https:\/\/saborbio.com\/sb\/loja\/snack-de-pera-alexandrina\/","title":{"rendered":"Snack de Pera Alexandrina"},"content":{"rendered":"\t<div id=\"gap-713134030\" class=\"gap-element clearfix\" style=\"display:block; height:auto;\">\n\t\t\n<style>\n#gap-713134030 {\n  padding-top: 30px;\n}\n<\/style>\n\t<\/div>\n\t\n<p style=\"text-align: justify;\">As p\u00earas Alexandrinas s\u00e3o p\u00earas tipicamente <strong>amarelo-esverdeadas<\/strong>, sendo origin\u00e1rias de Fran\u00e7a. Possuem um sabor sumarento, arom\u00e1tico e <strong>muito doce<\/strong>, sendo normalmente destinadas a conservas, o que as torna pouco conhecidas pelo p\u00fablico. Estas p\u00earas n\u00e3o s\u00e3o cultivadas frequentemente em Portugal, sendo principalmente utilizadas em pomares de p\u00eara rocha para poliniza\u00e7\u00e3o, no entanto, s\u00e3o t\u00e3o deliciosas que consideramos uma pena n\u00e3o as utilizar. Toda a fruta que utilizamos prov\u00e9m de fruticultores da regi\u00e3o. Caso esteja interessado, pode verificar quem produziu a fruta em cada embalagem.<\/p>\n\t<div id=\"gap-1890217464\" class=\"gap-element clearfix\" style=\"display:block; height:auto;\">\n\t\t\n<style>\n#gap-1890217464 {\n  padding-top: 30px;\n}\n<\/style>\n\t<\/div>\n\t\n<h4>Produ\u00e7\u00e3o<\/h4>\n<div class=\"is-divider divider clearfix\" ><\/div>\n<p style=\"text-align: justify;\">A produ\u00e7\u00e3o dos nossos snacks \u00e9 simples, embora o processo seja demorado.<\/p>\n<p style=\"text-align: justify;\">Come\u00e7amos por fatiar a fruta e coloc\u00e1-la em estufas especialmente projetadas para secagem ao sol, o que \u00e9 mais ecol\u00f3gico do que secar a fruta em fornos. Esse m\u00e9todo permite preservar o sabor da fruta fresca, uma caracter\u00edstica \u00fanica dos nossos snacks.<\/p>\n<p style=\"text-align: justify;\">\u00c0 medida que a fruta seca, o seu sabor intensifica, resultando em snacks naturalmente doces, sem adi\u00e7\u00e3o de a\u00e7\u00facar.<\/p>\n<p style=\"text-align: justify;\">O processo de secagem dura cerca de 3 dias, dependendo do clima. Ap\u00f3s a secagem, embalamos a fruta.<\/p>\n<p style=\"text-align: justify;\">Todos os nossos snacks s\u00e3o uma fonte de vitaminas e minerais, sendo tamb\u00e9m ricos em fibra. Para mais informa\u00e7\u00f5es, consulte a declara\u00e7\u00e3o nutricional ao lado.<\/p>\n","protected":false},"excerpt":{"rendered":"<p style=\"text-align: justify;\">Este snack \u00e9 produzido 100% com p\u00earas Alexandrina biol\u00f3gicas cultivadas na regi\u00e3o Oeste de Portugal. Saboroso e saud\u00e1vel, sem adi\u00e7\u00e3o de a\u00e7\u00facar ou sal, \u00e9 uma fonte de vitaminas e minerais, sendo tamb\u00e9m rico em fibra. Esta \u00e9 a op\u00e7\u00e3o ideal para um lanche saud\u00e1vel. Com um sabor que combina p\u00eara e caramelo, este \u00e9 o nosso snack mais doce, sendo simplesmente irresist\u00edvel.<\/p>\n\t\t<div class=\"wccs-bulk-pricing-table-container\">\n\t\t\t\t\r\n\r\n<table>\r\n<thead>\r\n<tr>\r\n<th>quantidade<sup>(1)<\/sup><\/th>\r\n<th>desconto<\/th>\r\n<th>pre\u00e7o<sup>(2)<\/sup><\/th>\r\n<th>pre\u00e7o<sup>(3)<\/sup><\/th>\r\n<\/tr>\r\n<\/thead>\r\n<tbody>\r\n<tr>\r\n<td>2 - 8<\/td>\r\n<td>45%<\/td>\r\n<td><span class=\"woocommerce-Price-amount amount\">2,58<span class=\"woocommerce-Price-currencySymbol\">\u20ac<\/span><\/span><\/td>\r\n<td rowspan=\"6\"><span class=\"woocommerce-Price-amount amount\">1,86<span class=\"woocommerce-Price-currencySymbol\">\u20ac<\/span><\/span><\/td>\r\n<\/tr>\r\n<tr>\r\n<td>9 - 12<\/td>\r\n<td>48%<\/td>\r\n<td><span class=\"woocommerce-Price-amount amount\">2,44<span class=\"woocommerce-Price-currencySymbol\">\u20ac<\/span><\/span><\/td>\r\n<\/tr>\r\n<tr>\r\n<td>13 - 15<\/td>\r\n<td>50%<\/td>\r\n<td><span class=\"woocommerce-Price-amount amount\">2,35<span class=\"woocommerce-Price-currencySymbol\">\u20ac<\/span><\/span><\/td>\r\n<\/tr>\r\n<tr>\r\n<td>16 - 23<\/td>\r\n<td>52%<\/td>\r\n<td><span class=\"woocommerce-Price-amount amount\">2,25<span class=\"woocommerce-Price-currencySymbol\">\u20ac<\/span><\/span><\/td>\r\n<\/tr>\r\n<tr>\r\n<td>24 - 75<\/td>\r\n<td>54%<\/td>\r\n<td><span class=\"woocommerce-Price-amount amount\">2,16<span class=\"woocommerce-Price-currencySymbol\">\u20ac<\/span><\/span><\/td>\r\n<\/tr>\r\n<tr>\r\n<td>76 +<\/td>\r\n<td>55%<\/td>\r\n<td><span class=\"woocommerce-Price-amount amount\">2,11<span class=\"woocommerce-Price-currencySymbol\">\u20ac<\/span><\/span><\/td>\r\n<\/tr>\r\n<\/tbody>\r\n<\/table>\r\n\t\t<\/div>\n\t\r\n\t<div id=\"text-1919140999\" class=\"text\">\n\t\t\r\n\r\n<p><sup>(1)<\/sup> total de artigos no carrinho <br \/><sup>(2)<\/sup> envio por transportadora <br \/><sup>(3)<\/sup> recolha na SB<\/p>\r\n\r\n\t\t\n<style>\n#text-1919140999 {\n  font-size: 0.8rem;\n  text-align: left;\n}\n<\/style>\n\t<\/div>\n\t\n","protected":false},"featured_media":1017,"comment_status":"open","ping_status":"closed","template":"","meta":[],"product_brand":[],"product_cat":[78,92],"product_tag":[103,113,115],"class_list":{"0":"post-1009","1":"product","2":"type-product","3":"status-publish","4":"has-post-thumbnail","6":"product_cat-pera","7":"product_cat-snacks","8":"product_tag-50gr","9":"product_tag-pera","10":"product_tag-snacks","11":"product_shipping_class-dried-fruit","13":"first","14":"instock","15":"taxable","16":"shipping-taxable","17":"purchasable","18":"product-type-simple"},"yoast_head":"<!-- This site is optimized with the Yoast SEO plugin v27.3 - https:\/\/yoast.com\/product\/yoast-seo-wordpress\/ -->\n<title>Snack de Pera Alexandrina | SABOR BIO<\/title>\n<meta name=\"robots\" content=\"index, follow, max-snippet:-1, max-image-preview:large, max-video-preview:-1\" \/>\n<link rel=\"canonical\" href=\"https:\/\/saborbio.com\/sb\/loja\/snack-de-pera-alexandrina\/\" \/>\n<meta property=\"og:locale\" content=\"pt_PT\" \/>\n<meta property=\"og:type\" content=\"article\" \/>\n<meta property=\"og:title\" content=\"Snack de Pera Alexandrina | SABOR BIO\" \/>\n<meta property=\"og:description\" content=\"Este snack \u00e9 produzido 100% com p\u00earas Alexandrina biol\u00f3gicas cultivadas na regi\u00e3o Oeste de Portugal. Saboroso e saud\u00e1vel, sem adi\u00e7\u00e3o de a\u00e7\u00facar ou sal, \u00e9 uma fonte de vitaminas e minerais, sendo tamb\u00e9m rico em fibra. Esta \u00e9 a op\u00e7\u00e3o ideal para um lanche saud\u00e1vel. Com um sabor que combina p\u00eara e caramelo, este \u00e9 o nosso snack mais doce, sendo simplesmente irresist\u00edvel.\" \/>\n<meta property=\"og:url\" content=\"https:\/\/saborbio.com\/sb\/loja\/snack-de-pera-alexandrina\/\" \/>\n<meta property=\"og:site_name\" content=\"SABOR BIO\" \/>\n<meta property=\"article:publisher\" content=\"http:\/\/www.facebook.com\/saborbio\" \/>\n<meta property=\"article:modified_time\" content=\"2026-02-05T14:50:40+00:00\" \/>\n<meta property=\"og:image\" content=\"https:\/\/saborbio.com\/sb\/wp-content\/uploads\/2017\/06\/5608604000126SnackAlexandrina.jpg\" \/>\n\t<meta property=\"og:image:width\" content=\"1100\" \/>\n\t<meta property=\"og:image:height\" content=\"1100\" \/>\n\t<meta property=\"og:image:type\" content=\"image\/jpeg\" \/>\n<meta name=\"twitter:card\" content=\"summary_large_image\" \/>\n<meta name=\"twitter:label1\" content=\"Tempo estimado de leitura\" \/>\n\t<meta name=\"twitter:data1\" content=\"2 minutos\" \/>\n<script type=\"application\/ld+json\" class=\"yoast-schema-graph\">{\"@context\":\"https:\\\/\\\/schema.org\",\"@graph\":[{\"@type\":\"WebPage\",\"@id\":\"https:\\\/\\\/saborbio.com\\\/sb\\\/loja\\\/snack-de-pera-alexandrina\\\/\",\"url\":\"https:\\\/\\\/saborbio.com\\\/sb\\\/loja\\\/snack-de-pera-alexandrina\\\/\",\"name\":\"Snack de Pera Alexandrina | SABOR BIO\",\"isPartOf\":{\"@id\":\"https:\\\/\\\/saborbio.com\\\/sb\\\/en\\\/#website\"},\"primaryImageOfPage\":{\"@id\":\"https:\\\/\\\/saborbio.com\\\/sb\\\/loja\\\/snack-de-pera-alexandrina\\\/#primaryimage\"},\"image\":{\"@id\":\"https:\\\/\\\/saborbio.com\\\/sb\\\/loja\\\/snack-de-pera-alexandrina\\\/#primaryimage\"},\"thumbnailUrl\":\"https:\\\/\\\/saborbio.com\\\/sb\\\/wp-content\\\/uploads\\\/2017\\\/06\\\/5608604000126SnackAlexandrina.jpg\",\"datePublished\":\"2017-06-18T11:30:44+00:00\",\"dateModified\":\"2026-02-05T14:50:40+00:00\",\"breadcrumb\":{\"@id\":\"https:\\\/\\\/saborbio.com\\\/sb\\\/loja\\\/snack-de-pera-alexandrina\\\/#breadcrumb\"},\"inLanguage\":\"pt-PT\",\"potentialAction\":[{\"@type\":\"ReadAction\",\"target\":[\"https:\\\/\\\/saborbio.com\\\/sb\\\/loja\\\/snack-de-pera-alexandrina\\\/\"]}]},{\"@type\":\"ImageObject\",\"inLanguage\":\"pt-PT\",\"@id\":\"https:\\\/\\\/saborbio.com\\\/sb\\\/loja\\\/snack-de-pera-alexandrina\\\/#primaryimage\",\"url\":\"https:\\\/\\\/saborbio.com\\\/sb\\\/wp-content\\\/uploads\\\/2017\\\/06\\\/5608604000126SnackAlexandrina.jpg\",\"contentUrl\":\"https:\\\/\\\/saborbio.com\\\/sb\\\/wp-content\\\/uploads\\\/2017\\\/06\\\/5608604000126SnackAlexandrina.jpg\",\"width\":1100,\"height\":1100,\"caption\":\"Saco de snacks de pera alexandrina 50gr\"},{\"@type\":\"BreadcrumbList\",\"@id\":\"https:\\\/\\\/saborbio.com\\\/sb\\\/loja\\\/snack-de-pera-alexandrina\\\/#breadcrumb\",\"itemListElement\":[{\"@type\":\"ListItem\",\"position\":1,\"name\":\"Home\",\"item\":\"https:\\\/\\\/saborbio.com\\\/sb\\\/\"},{\"@type\":\"ListItem\",\"position\":2,\"name\":\"Loja\",\"item\":\"https:\\\/\\\/saborbio.com\\\/sb\\\/\"},{\"@type\":\"ListItem\",\"position\":3,\"name\":\"Snack de Pera Alexandrina\"}]},{\"@type\":\"WebSite\",\"@id\":\"https:\\\/\\\/saborbio.com\\\/sb\\\/en\\\/#website\",\"url\":\"https:\\\/\\\/saborbio.com\\\/sb\\\/en\\\/\",\"name\":\"SABOR BIO\",\"description\":\"O melhor sabor da fruta\",\"publisher\":{\"@id\":\"https:\\\/\\\/saborbio.com\\\/sb\\\/en\\\/#organization\"},\"potentialAction\":[{\"@type\":\"SearchAction\",\"target\":{\"@type\":\"EntryPoint\",\"urlTemplate\":\"https:\\\/\\\/saborbio.com\\\/sb\\\/en\\\/?s={search_term_string}\"},\"query-input\":{\"@type\":\"PropertyValueSpecification\",\"valueRequired\":true,\"valueName\":\"search_term_string\"}}],\"inLanguage\":\"pt-PT\"},{\"@type\":\"Organization\",\"@id\":\"https:\\\/\\\/saborbio.com\\\/sb\\\/en\\\/#organization\",\"name\":\"SABOR BIO\",\"url\":\"https:\\\/\\\/saborbio.com\\\/sb\\\/en\\\/\",\"logo\":{\"@type\":\"ImageObject\",\"inLanguage\":\"pt-PT\",\"@id\":\"https:\\\/\\\/saborbio.com\\\/sb\\\/en\\\/#\\\/schema\\\/logo\\\/image\\\/\",\"url\":\"https:\\\/\\\/saborbio.com\\\/sb\\\/wp-content\\\/uploads\\\/2023\\\/11\\\/SaborbioWeb.png\",\"contentUrl\":\"https:\\\/\\\/saborbio.com\\\/sb\\\/wp-content\\\/uploads\\\/2023\\\/11\\\/SaborbioWeb.png\",\"width\":488,\"height\":137,\"caption\":\"SABOR BIO\"},\"image\":{\"@id\":\"https:\\\/\\\/saborbio.com\\\/sb\\\/en\\\/#\\\/schema\\\/logo\\\/image\\\/\"},\"sameAs\":[\"http:\\\/\\\/www.facebook.com\\\/saborbio\",\"https:\\\/\\\/www.linkedin.com\\\/company\\\/sabor-bio\",\"http:\\\/\\\/www.pinterest.com\\\/saborbio\\\/\"]}]}<\/script>\n<!-- \/ Yoast SEO plugin. -->","yoast_head_json":{"title":"Snack de Pera Alexandrina | SABOR BIO","robots":{"index":"index","follow":"follow","max-snippet":"max-snippet:-1","max-image-preview":"max-image-preview:large","max-video-preview":"max-video-preview:-1"},"canonical":"https:\/\/saborbio.com\/sb\/loja\/snack-de-pera-alexandrina\/","og_locale":"pt_PT","og_type":"article","og_title":"Snack de Pera Alexandrina | SABOR BIO","og_description":"Este snack \u00e9 produzido 100% com p\u00earas Alexandrina biol\u00f3gicas cultivadas na regi\u00e3o Oeste de Portugal. Saboroso e saud\u00e1vel, sem adi\u00e7\u00e3o de a\u00e7\u00facar ou sal, \u00e9 uma fonte de vitaminas e minerais, sendo tamb\u00e9m rico em fibra. Esta \u00e9 a op\u00e7\u00e3o ideal para um lanche saud\u00e1vel. Com um sabor que combina p\u00eara e caramelo, este \u00e9 o nosso snack mais doce, sendo simplesmente irresist\u00edvel.","og_url":"https:\/\/saborbio.com\/sb\/loja\/snack-de-pera-alexandrina\/","og_site_name":"SABOR BIO","article_publisher":"http:\/\/www.facebook.com\/saborbio","article_modified_time":"2026-02-05T14:50:40+00:00","og_image":[{"width":1100,"height":1100,"url":"https:\/\/saborbio.com\/sb\/wp-content\/uploads\/2017\/06\/5608604000126SnackAlexandrina.jpg","type":"image\/jpeg"}],"twitter_card":"summary_large_image","twitter_misc":{"Tempo estimado de leitura":"2 minutos"},"schema":{"@context":"https:\/\/schema.org","@graph":[{"@type":"WebPage","@id":"https:\/\/saborbio.com\/sb\/loja\/snack-de-pera-alexandrina\/","url":"https:\/\/saborbio.com\/sb\/loja\/snack-de-pera-alexandrina\/","name":"Snack de Pera Alexandrina | SABOR BIO","isPartOf":{"@id":"https:\/\/saborbio.com\/sb\/en\/#website"},"primaryImageOfPage":{"@id":"https:\/\/saborbio.com\/sb\/loja\/snack-de-pera-alexandrina\/#primaryimage"},"image":{"@id":"https:\/\/saborbio.com\/sb\/loja\/snack-de-pera-alexandrina\/#primaryimage"},"thumbnailUrl":"https:\/\/saborbio.com\/sb\/wp-content\/uploads\/2017\/06\/5608604000126SnackAlexandrina.jpg","datePublished":"2017-06-18T11:30:44+00:00","dateModified":"2026-02-05T14:50:40+00:00","breadcrumb":{"@id":"https:\/\/saborbio.com\/sb\/loja\/snack-de-pera-alexandrina\/#breadcrumb"},"inLanguage":"pt-PT","potentialAction":[{"@type":"ReadAction","target":["https:\/\/saborbio.com\/sb\/loja\/snack-de-pera-alexandrina\/"]}]},{"@type":"ImageObject","inLanguage":"pt-PT","@id":"https:\/\/saborbio.com\/sb\/loja\/snack-de-pera-alexandrina\/#primaryimage","url":"https:\/\/saborbio.com\/sb\/wp-content\/uploads\/2017\/06\/5608604000126SnackAlexandrina.jpg","contentUrl":"https:\/\/saborbio.com\/sb\/wp-content\/uploads\/2017\/06\/5608604000126SnackAlexandrina.jpg","width":1100,"height":1100,"caption":"Saco de snacks de pera alexandrina 50gr"},{"@type":"BreadcrumbList","@id":"https:\/\/saborbio.com\/sb\/loja\/snack-de-pera-alexandrina\/#breadcrumb","itemListElement":[{"@type":"ListItem","position":1,"name":"Home","item":"https:\/\/saborbio.com\/sb\/"},{"@type":"ListItem","position":2,"name":"Loja","item":"https:\/\/saborbio.com\/sb\/"},{"@type":"ListItem","position":3,"name":"Snack de Pera Alexandrina"}]},{"@type":"WebSite","@id":"https:\/\/saborbio.com\/sb\/en\/#website","url":"https:\/\/saborbio.com\/sb\/en\/","name":"SABOR BIO","description":"O melhor sabor da fruta","publisher":{"@id":"https:\/\/saborbio.com\/sb\/en\/#organization"},"potentialAction":[{"@type":"SearchAction","target":{"@type":"EntryPoint","urlTemplate":"https:\/\/saborbio.com\/sb\/en\/?s={search_term_string}"},"query-input":{"@type":"PropertyValueSpecification","valueRequired":true,"valueName":"search_term_string"}}],"inLanguage":"pt-PT"},{"@type":"Organization","@id":"https:\/\/saborbio.com\/sb\/en\/#organization","name":"SABOR BIO","url":"https:\/\/saborbio.com\/sb\/en\/","logo":{"@type":"ImageObject","inLanguage":"pt-PT","@id":"https:\/\/saborbio.com\/sb\/en\/#\/schema\/logo\/image\/","url":"https:\/\/saborbio.com\/sb\/wp-content\/uploads\/2023\/11\/SaborbioWeb.png","contentUrl":"https:\/\/saborbio.com\/sb\/wp-content\/uploads\/2023\/11\/SaborbioWeb.png","width":488,"height":137,"caption":"SABOR BIO"},"image":{"@id":"https:\/\/saborbio.com\/sb\/en\/#\/schema\/logo\/image\/"},"sameAs":["http:\/\/www.facebook.com\/saborbio","https:\/\/www.linkedin.com\/company\/sabor-bio","http:\/\/www.pinterest.com\/saborbio\/"]}]}},"_links":{"self":[{"href":"https:\/\/saborbio.com\/sb\/wp-json\/wp\/v2\/product\/1009","targetHints":{"allow":["GET"]}}],"collection":[{"href":"https:\/\/saborbio.com\/sb\/wp-json\/wp\/v2\/product"}],"about":[{"href":"https:\/\/saborbio.com\/sb\/wp-json\/wp\/v2\/types\/product"}],"replies":[{"embeddable":true,"href":"https:\/\/saborbio.com\/sb\/wp-json\/wp\/v2\/comments?post=1009"}],"wp:featuredmedia":[{"embeddable":true,"href":"https:\/\/saborbio.com\/sb\/wp-json\/wp\/v2\/media\/1017"}],"wp:attachment":[{"href":"https:\/\/saborbio.com\/sb\/wp-json\/wp\/v2\/media?parent=1009"}],"wp:term":[{"taxonomy":"product_brand","embeddable":true,"href":"https:\/\/saborbio.com\/sb\/wp-json\/wp\/v2\/product_brand?post=1009"},{"taxonomy":"product_cat","embeddable":true,"href":"https:\/\/saborbio.com\/sb\/wp-json\/wp\/v2\/product_cat?post=1009"},{"taxonomy":"product_tag","embeddable":true,"href":"https:\/\/saborbio.com\/sb\/wp-json\/wp\/v2\/product_tag?post=1009"}],"curies":[{"name":"wp","href":"https:\/\/api.w.org\/{rel}","templated":true}]}}