{"id":1026,"date":"2017-06-18T14:39:59","date_gmt":"2017-06-18T13:39:59","guid":{"rendered":"https:\/\/saborbio.com\/sb\/?post_type=product&#038;p=1026"},"modified":"2026-04-06T18:23:26","modified_gmt":"2026-04-06T17:23:26","slug":"piri-piri-em-aguardente-de-fruta","status":"publish","type":"product","link":"https:\/\/saborbio.com\/sb\/loja\/piri-piri-em-aguardente-de-fruta\/","title":{"rendered":"Piri-Piri em Aguardente de Fruta"},"content":{"rendered":"\t<div id=\"gap-2131750248\" class=\"gap-element clearfix\" style=\"display:block; height:auto;\">\n\t\t\n<style>\n#gap-2131750248 {\n  padding-top: 30px;\n}\n<\/style>\n\t<\/div>\n\t\n<p style=\"text-align: justify;\">O piri-piri, sendo origin\u00e1rio de Mo\u00e7ambique, foi introduzido em Portugal e tornou-se comum na culin\u00e1ria portuguesa. Vers\u00e1til, pode ser usado em diversas receitas, at\u00e9 mesmo em sobremesas, especialmente em combina\u00e7\u00e3o com chocolate, mas deve ser usado com modera\u00e7\u00e3o.<\/p>\n<p style=\"text-align: justify;\">Podendo atingir as 175.000 unidades na escala de Scoville, \u00e9 mais picante do que a pimenta cayenne ou o molho tabasco, portanto, deve ser usado com cautela. Apenas uma ou duas gotas no prato, ou uma pequena colher adicionada ao cozinhar, podem ser suficientes para quem n\u00e3o est\u00e1 habituado.<\/p>\n<p style=\"text-align: justify;\">Os piri-piris que utilizamos s\u00e3o produzidos exclusivamente para n\u00f3s na regi\u00e3o Oeste de Portugal, e s\u00e3o disponibilizados frescos, secos, mo\u00eddos, e em aguardente de fruta.<\/p>\n\t<div id=\"gap-719238242\" class=\"gap-element clearfix\" style=\"display:block; height:auto;\">\n\t\t\n<style>\n#gap-719238242 {\n  padding-top: 30px;\n}\n<\/style>\n\t<\/div>\n\t\n<h4>Produ\u00e7\u00e3o<\/h4>\n<div class=\"is-divider divider clearfix\" ><\/div>\n<p style=\"text-align: justify;\">O processo de produ\u00e7\u00e3o do nosso piri-piri em aguardente de fruta \u00e9 simples. Selecionamos alguma da nossa aguardente de fruta, e adicionamos-lhe piri-piris. O \u00e1lcool absorve a cor, sabor e o picante dos piri-piris, sendo que quanto mais tempo eles ficam em macera\u00e7\u00e3o, mais picante se torna o molho. Destacamos o ano de produ\u00e7\u00e3o nas garrafas para indicar a intensidade, mas a cor dos piri-piris tamb\u00e9m \u00e9 um bom indicador &#8211; quanto menos coloridos, mais picante o molho est\u00e1.<\/p>\n<p style=\"text-align: justify;\">Quando se trata de usar o nosso piri-piri em aguardente de fruta na culin\u00e1ria, as possibilidades s\u00e3o infinitas. \u00c9 basicamente usado da mesma maneira que o piri-piri em azeite, mas com algumas vantagens adicionais. Uma delas \u00e9 sua durabilidade: desde que o \u00e1lcool n\u00e3o evapore, o molho pode durar anos. Isso \u00e9 ideal para quem usa molho picante ocasionalmente.<\/p>\n<p style=\"text-align: justify;\">Outra vantagem \u00e9 o sabor puro. O \u00e1lcool \u00e9 praticamente impercept\u00edvel em termos de sabor e cheiro &#8211; apenas o picante se destaca. Isso faz com que seja uma excelente op\u00e7\u00e3o para pratos onde o sabor do azeite n\u00e3o \u00e9 desejado &#8211; como numa mousse de chocolate picante, por exemplo.<\/p>\n<p style=\"text-align: justify;\">De todas as formas que oferecemos o nosso piri-piri, a vers\u00e3o em aguardente de fruta \u00e9 a mais vers\u00e1til em termos de utiliza\u00e7\u00e3o. Pode adicionar uma colher de sobremesa ao cozinhar, ou algumas gotas diretamente no prato para um toque picante extra. \u00c9 uma excelente op\u00e7\u00e3o quando n\u00e3o t\u00eam todos as mesmas prefer\u00eancias.<\/p>\n<p style=\"text-align: justify;\">E o melhor de tudo \u00e9 que n\u00e3o h\u00e1 desperd\u00edcio &#8211; al\u00e9m do molho, tamb\u00e9m pode aproveitar os piri-piris dentro da garrafa, adicionando ainda mais sabor aos seus pratos.<\/p>\n","protected":false},"excerpt":{"rendered":"<p style=\"text-align: justify;\">O Piri-Piri que usamos \u00e9 produzido exclusivamente para n\u00f3s na regi\u00e3o Oeste. Oferecemos-o de v\u00e1rias maneiras para otimizar a sua utiliza\u00e7\u00e3o. Para este produto, selecionamos parte da nossa aguardente de fruta, e adicionamos pequenos piri-piris, resultando num molho picante vers\u00e1til.<\/p>\n\t\t<div class=\"wccs-bulk-pricing-table-container\">\n\t\t\t\t\r\n\r\n<table>\r\n<thead>\r\n<tr>\r\n<th>quantidade<sup>(1)<\/sup><\/th>\r\n<th>desconto<\/th>\r\n<th>pre\u00e7o<sup>(2)<\/sup><\/th>\r\n<th>pre\u00e7o<sup>(3)<\/sup><\/th>\r\n<\/tr>\r\n<\/thead>\r\n<tbody>\r\n<tr>\r\n<td>2 - 3<\/td>\r\n<td>39%<\/td>\r\n<td><span class=\"woocommerce-Price-amount amount\">6,64<span class=\"woocommerce-Price-currencySymbol\">\u20ac<\/span><\/span><\/td>\r\n<td rowspan=\"7\"><span class=\"woocommerce-Price-amount amount\">4,34<span class=\"woocommerce-Price-currencySymbol\">\u20ac<\/span><\/span><\/td>\r\n<\/tr>\r\n<tr>\r\n<td>4<\/td>\r\n<td>43%<\/td>\r\n<td><span class=\"woocommerce-Price-amount amount\">6,21<span class=\"woocommerce-Price-currencySymbol\">\u20ac<\/span><\/span><\/td>\r\n<\/tr>\r\n<tr>\r\n<td>5 - 6<\/td>\r\n<td>45%<\/td>\r\n<td><span class=\"woocommerce-Price-amount amount\">5,99<span class=\"woocommerce-Price-currencySymbol\">\u20ac<\/span><\/span><\/td>\r\n<\/tr>\r\n<tr>\r\n<td>7 - 9<\/td>\r\n<td>47%<\/td>\r\n<td><span class=\"woocommerce-Price-amount amount\">5,77<span class=\"woocommerce-Price-currencySymbol\">\u20ac<\/span><\/span><\/td>\r\n<\/tr>\r\n<tr>\r\n<td>10 - 14<\/td>\r\n<td>49%<\/td>\r\n<td><span class=\"woocommerce-Price-amount amount\">5,55<span class=\"woocommerce-Price-currencySymbol\">\u20ac<\/span><\/span><\/td>\r\n<\/tr>\r\n<tr>\r\n<td>15 - 32<\/td>\r\n<td>50%<\/td>\r\n<td><span class=\"woocommerce-Price-amount amount\">5,45<span class=\"woocommerce-Price-currencySymbol\">\u20ac<\/span><\/span><\/td>\r\n<\/tr>\r\n<tr>\r\n<td>33 +<\/td>\r\n<td>51%<\/td>\r\n<td><span class=\"woocommerce-Price-amount amount\">5,34<span class=\"woocommerce-Price-currencySymbol\">\u20ac<\/span><\/span><\/td>\r\n<\/tr>\r\n<\/tbody>\r\n<\/table>\r\n\t\t<\/div>\n\t\r\n\t<div id=\"text-1995540815\" class=\"text\">\n\t\t\r\n\r\n<p><sup>(1)<\/sup> total de artigos no carrinho <br \/><sup>(2)<\/sup> envio por transportadora <br \/><sup>(3)<\/sup> recolha na SB<\/p>\r\n\r\n\t\t\n<style>\n#text-1995540815 {\n  font-size: 0.8rem;\n  text-align: left;\n}\n<\/style>\n\t<\/div>\n\t\n","protected":false},"featured_media":1027,"comment_status":"open","ping_status":"closed","template":"","meta":[],"product_brand":[],"product_cat":[85],"product_tag":[94,108,114],"class_list":{"0":"post-1026","1":"product","2":"type-product","3":"status-publish","4":"has-post-thumbnail","6":"product_cat-piri-piri","7":"product_tag-10cl","8":"product_tag-condimentos","9":"product_tag-piri-piri","10":"product_shipping_class-chilli","12":"first","13":"instock","14":"taxable","15":"shipping-taxable","16":"purchasable","17":"product-type-simple"},"yoast_head":"<!-- This site is optimized with the Yoast SEO plugin v27.3 - https:\/\/yoast.com\/product\/yoast-seo-wordpress\/ -->\n<title>Piri-Piri em Aguardente de Fruta | SABOR BIO<\/title>\n<meta name=\"robots\" content=\"index, follow, max-snippet:-1, max-image-preview:large, max-video-preview:-1\" \/>\n<link rel=\"canonical\" href=\"https:\/\/saborbio.com\/sb\/loja\/piri-piri-em-aguardente-de-fruta\/\" \/>\n<meta property=\"og:locale\" content=\"pt_PT\" \/>\n<meta property=\"og:type\" content=\"article\" \/>\n<meta property=\"og:title\" content=\"Piri-Piri em Aguardente de Fruta | SABOR BIO\" \/>\n<meta property=\"og:description\" content=\"O Piri-Piri que usamos \u00e9 produzido exclusivamente para n\u00f3s na regi\u00e3o Oeste. Oferecemos-o de v\u00e1rias maneiras para otimizar a sua utiliza\u00e7\u00e3o. Para este produto, selecionamos parte da nossa aguardente de fruta, e adicionamos pequenos piri-piris, resultando num molho picante vers\u00e1til.\" \/>\n<meta property=\"og:url\" content=\"https:\/\/saborbio.com\/sb\/loja\/piri-piri-em-aguardente-de-fruta\/\" \/>\n<meta property=\"og:site_name\" content=\"SABOR BIO\" \/>\n<meta property=\"article:publisher\" content=\"http:\/\/www.facebook.com\/saborbio\" \/>\n<meta property=\"article:modified_time\" content=\"2026-04-06T17:23:26+00:00\" \/>\n<meta property=\"og:image\" content=\"https:\/\/saborbio.com\/sb\/wp-content\/uploads\/2024\/05\/5608604000140PiripiriAguardente.jpg\" \/>\n\t<meta property=\"og:image:width\" content=\"1100\" \/>\n\t<meta property=\"og:image:height\" content=\"1100\" \/>\n\t<meta property=\"og:image:type\" content=\"image\/jpeg\" \/>\n<meta name=\"twitter:card\" content=\"summary_large_image\" \/>\n<meta name=\"twitter:label1\" content=\"Tempo estimado de leitura\" \/>\n\t<meta name=\"twitter:data1\" content=\"3 minutos\" \/>\n<script type=\"application\/ld+json\" class=\"yoast-schema-graph\">{\"@context\":\"https:\\\/\\\/schema.org\",\"@graph\":[{\"@type\":\"WebPage\",\"@id\":\"https:\\\/\\\/saborbio.com\\\/sb\\\/loja\\\/piri-piri-em-aguardente-de-fruta\\\/\",\"url\":\"https:\\\/\\\/saborbio.com\\\/sb\\\/loja\\\/piri-piri-em-aguardente-de-fruta\\\/\",\"name\":\"Piri-Piri em Aguardente de Fruta | SABOR BIO\",\"isPartOf\":{\"@id\":\"https:\\\/\\\/saborbio.com\\\/sb\\\/en\\\/#website\"},\"primaryImageOfPage\":{\"@id\":\"https:\\\/\\\/saborbio.com\\\/sb\\\/loja\\\/piri-piri-em-aguardente-de-fruta\\\/#primaryimage\"},\"image\":{\"@id\":\"https:\\\/\\\/saborbio.com\\\/sb\\\/loja\\\/piri-piri-em-aguardente-de-fruta\\\/#primaryimage\"},\"thumbnailUrl\":\"https:\\\/\\\/saborbio.com\\\/sb\\\/wp-content\\\/uploads\\\/2024\\\/05\\\/5608604000140PiripiriAguardente.jpg\",\"datePublished\":\"2017-06-18T13:39:59+00:00\",\"dateModified\":\"2026-04-06T17:23:26+00:00\",\"breadcrumb\":{\"@id\":\"https:\\\/\\\/saborbio.com\\\/sb\\\/loja\\\/piri-piri-em-aguardente-de-fruta\\\/#breadcrumb\"},\"inLanguage\":\"pt-PT\",\"potentialAction\":[{\"@type\":\"ReadAction\",\"target\":[\"https:\\\/\\\/saborbio.com\\\/sb\\\/loja\\\/piri-piri-em-aguardente-de-fruta\\\/\"]}]},{\"@type\":\"ImageObject\",\"inLanguage\":\"pt-PT\",\"@id\":\"https:\\\/\\\/saborbio.com\\\/sb\\\/loja\\\/piri-piri-em-aguardente-de-fruta\\\/#primaryimage\",\"url\":\"https:\\\/\\\/saborbio.com\\\/sb\\\/wp-content\\\/uploads\\\/2024\\\/05\\\/5608604000140PiripiriAguardente.jpg\",\"contentUrl\":\"https:\\\/\\\/saborbio.com\\\/sb\\\/wp-content\\\/uploads\\\/2024\\\/05\\\/5608604000140PiripiriAguardente.jpg\",\"width\":1100,\"height\":1100,\"caption\":\"Garrafa de Piri-Piri em Aguardente 10cl\"},{\"@type\":\"BreadcrumbList\",\"@id\":\"https:\\\/\\\/saborbio.com\\\/sb\\\/loja\\\/piri-piri-em-aguardente-de-fruta\\\/#breadcrumb\",\"itemListElement\":[{\"@type\":\"ListItem\",\"position\":1,\"name\":\"Home\",\"item\":\"https:\\\/\\\/saborbio.com\\\/sb\\\/\"},{\"@type\":\"ListItem\",\"position\":2,\"name\":\"Loja\",\"item\":\"https:\\\/\\\/saborbio.com\\\/sb\\\/\"},{\"@type\":\"ListItem\",\"position\":3,\"name\":\"Piri-Piri em Aguardente de Fruta\"}]},{\"@type\":\"WebSite\",\"@id\":\"https:\\\/\\\/saborbio.com\\\/sb\\\/en\\\/#website\",\"url\":\"https:\\\/\\\/saborbio.com\\\/sb\\\/en\\\/\",\"name\":\"SABOR BIO\",\"description\":\"O melhor sabor da fruta\",\"publisher\":{\"@id\":\"https:\\\/\\\/saborbio.com\\\/sb\\\/en\\\/#organization\"},\"potentialAction\":[{\"@type\":\"SearchAction\",\"target\":{\"@type\":\"EntryPoint\",\"urlTemplate\":\"https:\\\/\\\/saborbio.com\\\/sb\\\/en\\\/?s={search_term_string}\"},\"query-input\":{\"@type\":\"PropertyValueSpecification\",\"valueRequired\":true,\"valueName\":\"search_term_string\"}}],\"inLanguage\":\"pt-PT\"},{\"@type\":\"Organization\",\"@id\":\"https:\\\/\\\/saborbio.com\\\/sb\\\/en\\\/#organization\",\"name\":\"SABOR BIO\",\"url\":\"https:\\\/\\\/saborbio.com\\\/sb\\\/en\\\/\",\"logo\":{\"@type\":\"ImageObject\",\"inLanguage\":\"pt-PT\",\"@id\":\"https:\\\/\\\/saborbio.com\\\/sb\\\/en\\\/#\\\/schema\\\/logo\\\/image\\\/\",\"url\":\"https:\\\/\\\/saborbio.com\\\/sb\\\/wp-content\\\/uploads\\\/2023\\\/11\\\/SaborbioWeb.png\",\"contentUrl\":\"https:\\\/\\\/saborbio.com\\\/sb\\\/wp-content\\\/uploads\\\/2023\\\/11\\\/SaborbioWeb.png\",\"width\":488,\"height\":137,\"caption\":\"SABOR BIO\"},\"image\":{\"@id\":\"https:\\\/\\\/saborbio.com\\\/sb\\\/en\\\/#\\\/schema\\\/logo\\\/image\\\/\"},\"sameAs\":[\"http:\\\/\\\/www.facebook.com\\\/saborbio\",\"https:\\\/\\\/www.linkedin.com\\\/company\\\/sabor-bio\",\"http:\\\/\\\/www.pinterest.com\\\/saborbio\\\/\"]}]}<\/script>\n<!-- \/ Yoast SEO plugin. -->","yoast_head_json":{"title":"Piri-Piri em Aguardente de Fruta | SABOR BIO","robots":{"index":"index","follow":"follow","max-snippet":"max-snippet:-1","max-image-preview":"max-image-preview:large","max-video-preview":"max-video-preview:-1"},"canonical":"https:\/\/saborbio.com\/sb\/loja\/piri-piri-em-aguardente-de-fruta\/","og_locale":"pt_PT","og_type":"article","og_title":"Piri-Piri em Aguardente de Fruta | SABOR BIO","og_description":"O Piri-Piri que usamos \u00e9 produzido exclusivamente para n\u00f3s na regi\u00e3o Oeste. Oferecemos-o de v\u00e1rias maneiras para otimizar a sua utiliza\u00e7\u00e3o. Para este produto, selecionamos parte da nossa aguardente de fruta, e adicionamos pequenos piri-piris, resultando num molho picante vers\u00e1til.","og_url":"https:\/\/saborbio.com\/sb\/loja\/piri-piri-em-aguardente-de-fruta\/","og_site_name":"SABOR BIO","article_publisher":"http:\/\/www.facebook.com\/saborbio","article_modified_time":"2026-04-06T17:23:26+00:00","og_image":[{"width":1100,"height":1100,"url":"https:\/\/saborbio.com\/sb\/wp-content\/uploads\/2024\/05\/5608604000140PiripiriAguardente.jpg","type":"image\/jpeg"}],"twitter_card":"summary_large_image","twitter_misc":{"Tempo estimado de leitura":"3 minutos"},"schema":{"@context":"https:\/\/schema.org","@graph":[{"@type":"WebPage","@id":"https:\/\/saborbio.com\/sb\/loja\/piri-piri-em-aguardente-de-fruta\/","url":"https:\/\/saborbio.com\/sb\/loja\/piri-piri-em-aguardente-de-fruta\/","name":"Piri-Piri em Aguardente de Fruta | SABOR BIO","isPartOf":{"@id":"https:\/\/saborbio.com\/sb\/en\/#website"},"primaryImageOfPage":{"@id":"https:\/\/saborbio.com\/sb\/loja\/piri-piri-em-aguardente-de-fruta\/#primaryimage"},"image":{"@id":"https:\/\/saborbio.com\/sb\/loja\/piri-piri-em-aguardente-de-fruta\/#primaryimage"},"thumbnailUrl":"https:\/\/saborbio.com\/sb\/wp-content\/uploads\/2024\/05\/5608604000140PiripiriAguardente.jpg","datePublished":"2017-06-18T13:39:59+00:00","dateModified":"2026-04-06T17:23:26+00:00","breadcrumb":{"@id":"https:\/\/saborbio.com\/sb\/loja\/piri-piri-em-aguardente-de-fruta\/#breadcrumb"},"inLanguage":"pt-PT","potentialAction":[{"@type":"ReadAction","target":["https:\/\/saborbio.com\/sb\/loja\/piri-piri-em-aguardente-de-fruta\/"]}]},{"@type":"ImageObject","inLanguage":"pt-PT","@id":"https:\/\/saborbio.com\/sb\/loja\/piri-piri-em-aguardente-de-fruta\/#primaryimage","url":"https:\/\/saborbio.com\/sb\/wp-content\/uploads\/2024\/05\/5608604000140PiripiriAguardente.jpg","contentUrl":"https:\/\/saborbio.com\/sb\/wp-content\/uploads\/2024\/05\/5608604000140PiripiriAguardente.jpg","width":1100,"height":1100,"caption":"Garrafa de Piri-Piri em Aguardente 10cl"},{"@type":"BreadcrumbList","@id":"https:\/\/saborbio.com\/sb\/loja\/piri-piri-em-aguardente-de-fruta\/#breadcrumb","itemListElement":[{"@type":"ListItem","position":1,"name":"Home","item":"https:\/\/saborbio.com\/sb\/"},{"@type":"ListItem","position":2,"name":"Loja","item":"https:\/\/saborbio.com\/sb\/"},{"@type":"ListItem","position":3,"name":"Piri-Piri em Aguardente de Fruta"}]},{"@type":"WebSite","@id":"https:\/\/saborbio.com\/sb\/en\/#website","url":"https:\/\/saborbio.com\/sb\/en\/","name":"SABOR BIO","description":"O melhor sabor da fruta","publisher":{"@id":"https:\/\/saborbio.com\/sb\/en\/#organization"},"potentialAction":[{"@type":"SearchAction","target":{"@type":"EntryPoint","urlTemplate":"https:\/\/saborbio.com\/sb\/en\/?s={search_term_string}"},"query-input":{"@type":"PropertyValueSpecification","valueRequired":true,"valueName":"search_term_string"}}],"inLanguage":"pt-PT"},{"@type":"Organization","@id":"https:\/\/saborbio.com\/sb\/en\/#organization","name":"SABOR BIO","url":"https:\/\/saborbio.com\/sb\/en\/","logo":{"@type":"ImageObject","inLanguage":"pt-PT","@id":"https:\/\/saborbio.com\/sb\/en\/#\/schema\/logo\/image\/","url":"https:\/\/saborbio.com\/sb\/wp-content\/uploads\/2023\/11\/SaborbioWeb.png","contentUrl":"https:\/\/saborbio.com\/sb\/wp-content\/uploads\/2023\/11\/SaborbioWeb.png","width":488,"height":137,"caption":"SABOR BIO"},"image":{"@id":"https:\/\/saborbio.com\/sb\/en\/#\/schema\/logo\/image\/"},"sameAs":["http:\/\/www.facebook.com\/saborbio","https:\/\/www.linkedin.com\/company\/sabor-bio","http:\/\/www.pinterest.com\/saborbio\/"]}]}},"_links":{"self":[{"href":"https:\/\/saborbio.com\/sb\/wp-json\/wp\/v2\/product\/1026","targetHints":{"allow":["GET"]}}],"collection":[{"href":"https:\/\/saborbio.com\/sb\/wp-json\/wp\/v2\/product"}],"about":[{"href":"https:\/\/saborbio.com\/sb\/wp-json\/wp\/v2\/types\/product"}],"replies":[{"embeddable":true,"href":"https:\/\/saborbio.com\/sb\/wp-json\/wp\/v2\/comments?post=1026"}],"wp:featuredmedia":[{"embeddable":true,"href":"https:\/\/saborbio.com\/sb\/wp-json\/wp\/v2\/media\/1027"}],"wp:attachment":[{"href":"https:\/\/saborbio.com\/sb\/wp-json\/wp\/v2\/media?parent=1026"}],"wp:term":[{"taxonomy":"product_brand","embeddable":true,"href":"https:\/\/saborbio.com\/sb\/wp-json\/wp\/v2\/product_brand?post=1026"},{"taxonomy":"product_cat","embeddable":true,"href":"https:\/\/saborbio.com\/sb\/wp-json\/wp\/v2\/product_cat?post=1026"},{"taxonomy":"product_tag","embeddable":true,"href":"https:\/\/saborbio.com\/sb\/wp-json\/wp\/v2\/product_tag?post=1026"}],"curies":[{"name":"wp","href":"https:\/\/api.w.org\/{rel}","templated":true}]}}