{"id":1041,"date":"2017-06-18T16:29:18","date_gmt":"2017-06-18T15:29:18","guid":{"rendered":"https:\/\/saborbio.com\/sb\/?post_type=product&#038;p=1041"},"modified":"2025-12-31T22:51:03","modified_gmt":"2025-12-31T22:51:03","slug":"piri-piri-fresco","status":"publish","type":"product","link":"https:\/\/saborbio.com\/sb\/loja\/piri-piri-fresco\/","title":{"rendered":"Piri-Piri Fresco"},"content":{"rendered":"\t<div id=\"gap-1879738877\" class=\"gap-element clearfix\" style=\"display:block; height:auto;\">\n\t\t\n<style>\n#gap-1879738877 {\n  padding-top: 30px;\n}\n<\/style>\n\t<\/div>\n\t\n<p style=\"text-align: justify;\">O piri-piri, sendo origin\u00e1rio de Mo\u00e7ambique, foi introduzido em Portugal e tornou-se comum na culin\u00e1ria portuguesa. Vers\u00e1til, pode ser usado em diversas receitas, at\u00e9 mesmo em sobremesas, especialmente em combina\u00e7\u00e3o com chocolate, mas deve ser usado com modera\u00e7\u00e3o.<\/p>\n<p style=\"text-align: justify;\">Podendo atingir as 175.000 unidades na escala de Scoville, \u00e9 mais picante do que a pimenta cayenne ou o molho tabasco, portanto, deve ser usado com cautela. Apenas uma ou duas gotas no prato, ou uma pequena colher adicionada ao cozinhar, podem ser suficientes para quem n\u00e3o est\u00e1 habituado.<\/p>\n<p style=\"text-align: justify;\">Os piri-piris que utilizamos s\u00e3o produzidos exclusivamente para n\u00f3s na regi\u00e3o Oeste de Portugal, e s\u00e3o disponibilizados frescos, secos, mo\u00eddos, e em aguardente de fruta.<\/p>\n\t<div id=\"gap-1318235113\" class=\"gap-element clearfix\" style=\"display:block; height:auto;\">\n\t\t\n<style>\n#gap-1318235113 {\n  padding-top: 30px;\n}\n<\/style>\n\t<\/div>\n\t\n<h4>Produ\u00e7\u00e3o<\/h4>\n<div class=\"is-divider divider clearfix\" ><\/div>\n<p style=\"text-align: justify;\">Para os nossos piri-piris frescos, simplesmente selecionamos os melhores, e disponibilizamo-los.<\/p>\n<p style=\"text-align: justify;\">Em termos de uso, os piri-piris frescos s\u00e3o utilizados da mesma forma que qualquer outro condimento, podendo ser picados, esmagados, fatiados ou utilizados inteiros.<\/p>\n<p style=\"text-align: justify;\">Est\u00e3o dispon\u00edveis de <strong>agosto a outubro<\/strong>, por isso \u00e9 de aproveitar. Para al\u00e9m disso, \u00e9 importante notar que n\u00e3o duram muito tempo &#8211; alguns dias se deixados fora do frigor\u00edfico, a algumas semanas se conservados no frigor\u00edfico. Portanto, <strong>\u00e9 crucial guard\u00e1-los no frigor\u00edfico<\/strong> ou, alternativamente, no congelador.<\/p>\n<p style=\"text-align: justify;\">Se desejar piri-piris que durem mais do que algumas semanas, recomendamos os piri-piris desidratados, que podem durar anos.<\/p>\n","protected":false},"excerpt":{"rendered":"<p style=\"text-align: justify;\">O Piri-Piri que usamos \u00e9 produzido exclusivamente para n\u00f3s na regi\u00e3o Oeste. Disponibilizamo-lo de v\u00e1rias formas para otimizar a sua utiliza\u00e7\u00e3o. Para este produto, selecionamos os melhores piri-piris. \u00c9 ideal para quem deseja usar piri-piris na sua \u00e9poca.<\/p>\n\t\t<div class=\"wccs-bulk-pricing-table-container\">\n\t\t\t\t\r\n\r\n<table>\r\n<thead>\r\n<tr>\r\n<th>quantidade<sup>(1)<\/sup><\/th>\r\n<th>desconto<\/th>\r\n<th>pre\u00e7o<sup>(2)<\/sup><\/th>\r\n<th>pre\u00e7o<sup>(3)<\/sup><\/th>\r\n<\/tr>\r\n<\/thead>\r\n<tbody>\r\n<tr>\r\n<td>2 - 8<\/td>\r\n<td>48%<\/td>\r\n<td><span class=\"woocommerce-Price-amount amount\">2,59<span class=\"woocommerce-Price-currencySymbol\">\u20ac<\/span><\/span><\/td>\r\n<td rowspan=\"6\"><span class=\"woocommerce-Price-amount amount\">1,96<span class=\"woocommerce-Price-currencySymbol\">\u20ac<\/span><\/span><\/td>\r\n<\/tr>\r\n<tr>\r\n<td>9 - 12<\/td>\r\n<td>50%<\/td>\r\n<td><span class=\"woocommerce-Price-amount amount\">2,50<span class=\"woocommerce-Price-currencySymbol\">\u20ac<\/span><\/span><\/td>\r\n<\/tr>\r\n<tr>\r\n<td>13 - 15<\/td>\r\n<td>52%<\/td>\r\n<td><span class=\"woocommerce-Price-amount amount\">2,40<span class=\"woocommerce-Price-currencySymbol\">\u20ac<\/span><\/span><\/td>\r\n<\/tr>\r\n<tr>\r\n<td>16 - 23<\/td>\r\n<td>54%<\/td>\r\n<td><span class=\"woocommerce-Price-amount amount\">2,30<span class=\"woocommerce-Price-currencySymbol\">\u20ac<\/span><\/span><\/td>\r\n<\/tr>\r\n<tr>\r\n<td>24 - 76<\/td>\r\n<td>56%<\/td>\r\n<td><span class=\"woocommerce-Price-amount amount\">2,20<span class=\"woocommerce-Price-currencySymbol\">\u20ac<\/span><\/span><\/td>\r\n<\/tr>\r\n<tr>\r\n<td>77 +<\/td>\r\n<td>57%<\/td>\r\n<td><span class=\"woocommerce-Price-amount amount\">2,15<span class=\"woocommerce-Price-currencySymbol\">\u20ac<\/span><\/span><\/td>\r\n<\/tr>\r\n<\/tbody>\r\n<\/table>\r\n\t\t<\/div>\n\t\r\n\t<div id=\"text-1404778291\" class=\"text\">\n\t\t\r\n\r\n<p><sup>(1)<\/sup> total de artigos no carrinho <br \/><sup>(2)<\/sup> envio por transportadora <br \/><sup>(3)<\/sup> recolha na SB<\/p>\r\n\r\n\t\t\n<style>\n#text-1404778291 {\n  font-size: 0.8rem;\n  text-align: left;\n}\n<\/style>\n\t<\/div>\n\t\n","protected":false},"featured_media":1042,"comment_status":"open","ping_status":"closed","template":"","meta":[],"product_brand":[],"product_cat":[85],"product_tag":[103,108,114],"class_list":{"0":"post-1041","1":"product","2":"type-product","3":"status-publish","4":"has-post-thumbnail","6":"product_cat-piri-piri","7":"product_tag-50gr","8":"product_tag-condimentos","9":"product_tag-piri-piri","10":"product_shipping_class-dried-fruit","12":"first","13":"outofstock","14":"taxable","15":"shipping-taxable","16":"purchasable","17":"product-type-simple"},"yoast_head":"<!-- This site is optimized with the Yoast SEO plugin v27.3 - https:\/\/yoast.com\/product\/yoast-seo-wordpress\/ -->\n<title>Piri-Piri Fresco | SABOR BIO<\/title>\n<meta name=\"robots\" content=\"index, follow, max-snippet:-1, max-image-preview:large, max-video-preview:-1\" \/>\n<link rel=\"canonical\" href=\"https:\/\/saborbio.com\/sb\/loja\/piri-piri-fresco\/\" \/>\n<meta property=\"og:locale\" content=\"pt_PT\" \/>\n<meta property=\"og:type\" content=\"article\" \/>\n<meta property=\"og:title\" content=\"Piri-Piri Fresco | SABOR BIO\" \/>\n<meta property=\"og:description\" content=\"O Piri-Piri que usamos \u00e9 produzido exclusivamente para n\u00f3s na regi\u00e3o Oeste. Disponibilizamo-lo de v\u00e1rias formas para otimizar a sua utiliza\u00e7\u00e3o. Para este produto, selecionamos os melhores piri-piris. \u00c9 ideal para quem deseja usar piri-piris na sua \u00e9poca.\" \/>\n<meta property=\"og:url\" content=\"https:\/\/saborbio.com\/sb\/loja\/piri-piri-fresco\/\" \/>\n<meta property=\"og:site_name\" content=\"SABOR BIO\" \/>\n<meta property=\"article:publisher\" content=\"http:\/\/www.facebook.com\/saborbio\" \/>\n<meta property=\"article:modified_time\" content=\"2025-12-31T22:51:03+00:00\" \/>\n<meta property=\"og:image\" content=\"https:\/\/saborbio.com\/sb\/wp-content\/uploads\/2024\/05\/5608604000249PiripiriFresco.jpg\" \/>\n\t<meta property=\"og:image:width\" content=\"1100\" \/>\n\t<meta property=\"og:image:height\" content=\"1100\" \/>\n\t<meta property=\"og:image:type\" content=\"image\/jpeg\" \/>\n<meta name=\"twitter:card\" content=\"summary_large_image\" \/>\n<meta name=\"twitter:label1\" content=\"Tempo estimado de leitura\" \/>\n\t<meta name=\"twitter:data1\" content=\"2 minutos\" \/>\n<script type=\"application\/ld+json\" class=\"yoast-schema-graph\">{\"@context\":\"https:\\\/\\\/schema.org\",\"@graph\":[{\"@type\":\"WebPage\",\"@id\":\"https:\\\/\\\/saborbio.com\\\/sb\\\/loja\\\/piri-piri-fresco\\\/\",\"url\":\"https:\\\/\\\/saborbio.com\\\/sb\\\/loja\\\/piri-piri-fresco\\\/\",\"name\":\"Piri-Piri Fresco | SABOR BIO\",\"isPartOf\":{\"@id\":\"https:\\\/\\\/saborbio.com\\\/sb\\\/en\\\/#website\"},\"primaryImageOfPage\":{\"@id\":\"https:\\\/\\\/saborbio.com\\\/sb\\\/loja\\\/piri-piri-fresco\\\/#primaryimage\"},\"image\":{\"@id\":\"https:\\\/\\\/saborbio.com\\\/sb\\\/loja\\\/piri-piri-fresco\\\/#primaryimage\"},\"thumbnailUrl\":\"https:\\\/\\\/saborbio.com\\\/sb\\\/wp-content\\\/uploads\\\/2024\\\/05\\\/5608604000249PiripiriFresco.jpg\",\"datePublished\":\"2017-06-18T15:29:18+00:00\",\"dateModified\":\"2025-12-31T22:51:03+00:00\",\"breadcrumb\":{\"@id\":\"https:\\\/\\\/saborbio.com\\\/sb\\\/loja\\\/piri-piri-fresco\\\/#breadcrumb\"},\"inLanguage\":\"pt-PT\",\"potentialAction\":[{\"@type\":\"ReadAction\",\"target\":[\"https:\\\/\\\/saborbio.com\\\/sb\\\/loja\\\/piri-piri-fresco\\\/\"]}]},{\"@type\":\"ImageObject\",\"inLanguage\":\"pt-PT\",\"@id\":\"https:\\\/\\\/saborbio.com\\\/sb\\\/loja\\\/piri-piri-fresco\\\/#primaryimage\",\"url\":\"https:\\\/\\\/saborbio.com\\\/sb\\\/wp-content\\\/uploads\\\/2024\\\/05\\\/5608604000249PiripiriFresco.jpg\",\"contentUrl\":\"https:\\\/\\\/saborbio.com\\\/sb\\\/wp-content\\\/uploads\\\/2024\\\/05\\\/5608604000249PiripiriFresco.jpg\",\"width\":1100,\"height\":1100,\"caption\":\"Saco de piri-piri fresco 50gr\"},{\"@type\":\"BreadcrumbList\",\"@id\":\"https:\\\/\\\/saborbio.com\\\/sb\\\/loja\\\/piri-piri-fresco\\\/#breadcrumb\",\"itemListElement\":[{\"@type\":\"ListItem\",\"position\":1,\"name\":\"Home\",\"item\":\"https:\\\/\\\/saborbio.com\\\/sb\\\/\"},{\"@type\":\"ListItem\",\"position\":2,\"name\":\"Loja\",\"item\":\"https:\\\/\\\/saborbio.com\\\/sb\\\/\"},{\"@type\":\"ListItem\",\"position\":3,\"name\":\"Piri-Piri Fresco\"}]},{\"@type\":\"WebSite\",\"@id\":\"https:\\\/\\\/saborbio.com\\\/sb\\\/en\\\/#website\",\"url\":\"https:\\\/\\\/saborbio.com\\\/sb\\\/en\\\/\",\"name\":\"SABOR BIO\",\"description\":\"O melhor sabor da fruta\",\"publisher\":{\"@id\":\"https:\\\/\\\/saborbio.com\\\/sb\\\/en\\\/#organization\"},\"potentialAction\":[{\"@type\":\"SearchAction\",\"target\":{\"@type\":\"EntryPoint\",\"urlTemplate\":\"https:\\\/\\\/saborbio.com\\\/sb\\\/en\\\/?s={search_term_string}\"},\"query-input\":{\"@type\":\"PropertyValueSpecification\",\"valueRequired\":true,\"valueName\":\"search_term_string\"}}],\"inLanguage\":\"pt-PT\"},{\"@type\":\"Organization\",\"@id\":\"https:\\\/\\\/saborbio.com\\\/sb\\\/en\\\/#organization\",\"name\":\"SABOR BIO\",\"url\":\"https:\\\/\\\/saborbio.com\\\/sb\\\/en\\\/\",\"logo\":{\"@type\":\"ImageObject\",\"inLanguage\":\"pt-PT\",\"@id\":\"https:\\\/\\\/saborbio.com\\\/sb\\\/en\\\/#\\\/schema\\\/logo\\\/image\\\/\",\"url\":\"https:\\\/\\\/saborbio.com\\\/sb\\\/wp-content\\\/uploads\\\/2023\\\/11\\\/SaborbioWeb.png\",\"contentUrl\":\"https:\\\/\\\/saborbio.com\\\/sb\\\/wp-content\\\/uploads\\\/2023\\\/11\\\/SaborbioWeb.png\",\"width\":488,\"height\":137,\"caption\":\"SABOR BIO\"},\"image\":{\"@id\":\"https:\\\/\\\/saborbio.com\\\/sb\\\/en\\\/#\\\/schema\\\/logo\\\/image\\\/\"},\"sameAs\":[\"http:\\\/\\\/www.facebook.com\\\/saborbio\",\"https:\\\/\\\/www.linkedin.com\\\/company\\\/sabor-bio\",\"http:\\\/\\\/www.pinterest.com\\\/saborbio\\\/\"]}]}<\/script>\n<!-- \/ Yoast SEO plugin. -->","yoast_head_json":{"title":"Piri-Piri Fresco | SABOR BIO","robots":{"index":"index","follow":"follow","max-snippet":"max-snippet:-1","max-image-preview":"max-image-preview:large","max-video-preview":"max-video-preview:-1"},"canonical":"https:\/\/saborbio.com\/sb\/loja\/piri-piri-fresco\/","og_locale":"pt_PT","og_type":"article","og_title":"Piri-Piri Fresco | SABOR BIO","og_description":"O Piri-Piri que usamos \u00e9 produzido exclusivamente para n\u00f3s na regi\u00e3o Oeste. Disponibilizamo-lo de v\u00e1rias formas para otimizar a sua utiliza\u00e7\u00e3o. Para este produto, selecionamos os melhores piri-piris. \u00c9 ideal para quem deseja usar piri-piris na sua \u00e9poca.","og_url":"https:\/\/saborbio.com\/sb\/loja\/piri-piri-fresco\/","og_site_name":"SABOR BIO","article_publisher":"http:\/\/www.facebook.com\/saborbio","article_modified_time":"2025-12-31T22:51:03+00:00","og_image":[{"width":1100,"height":1100,"url":"https:\/\/saborbio.com\/sb\/wp-content\/uploads\/2024\/05\/5608604000249PiripiriFresco.jpg","type":"image\/jpeg"}],"twitter_card":"summary_large_image","twitter_misc":{"Tempo estimado de leitura":"2 minutos"},"schema":{"@context":"https:\/\/schema.org","@graph":[{"@type":"WebPage","@id":"https:\/\/saborbio.com\/sb\/loja\/piri-piri-fresco\/","url":"https:\/\/saborbio.com\/sb\/loja\/piri-piri-fresco\/","name":"Piri-Piri Fresco | SABOR BIO","isPartOf":{"@id":"https:\/\/saborbio.com\/sb\/en\/#website"},"primaryImageOfPage":{"@id":"https:\/\/saborbio.com\/sb\/loja\/piri-piri-fresco\/#primaryimage"},"image":{"@id":"https:\/\/saborbio.com\/sb\/loja\/piri-piri-fresco\/#primaryimage"},"thumbnailUrl":"https:\/\/saborbio.com\/sb\/wp-content\/uploads\/2024\/05\/5608604000249PiripiriFresco.jpg","datePublished":"2017-06-18T15:29:18+00:00","dateModified":"2025-12-31T22:51:03+00:00","breadcrumb":{"@id":"https:\/\/saborbio.com\/sb\/loja\/piri-piri-fresco\/#breadcrumb"},"inLanguage":"pt-PT","potentialAction":[{"@type":"ReadAction","target":["https:\/\/saborbio.com\/sb\/loja\/piri-piri-fresco\/"]}]},{"@type":"ImageObject","inLanguage":"pt-PT","@id":"https:\/\/saborbio.com\/sb\/loja\/piri-piri-fresco\/#primaryimage","url":"https:\/\/saborbio.com\/sb\/wp-content\/uploads\/2024\/05\/5608604000249PiripiriFresco.jpg","contentUrl":"https:\/\/saborbio.com\/sb\/wp-content\/uploads\/2024\/05\/5608604000249PiripiriFresco.jpg","width":1100,"height":1100,"caption":"Saco de piri-piri fresco 50gr"},{"@type":"BreadcrumbList","@id":"https:\/\/saborbio.com\/sb\/loja\/piri-piri-fresco\/#breadcrumb","itemListElement":[{"@type":"ListItem","position":1,"name":"Home","item":"https:\/\/saborbio.com\/sb\/"},{"@type":"ListItem","position":2,"name":"Loja","item":"https:\/\/saborbio.com\/sb\/"},{"@type":"ListItem","position":3,"name":"Piri-Piri Fresco"}]},{"@type":"WebSite","@id":"https:\/\/saborbio.com\/sb\/en\/#website","url":"https:\/\/saborbio.com\/sb\/en\/","name":"SABOR BIO","description":"O melhor sabor da fruta","publisher":{"@id":"https:\/\/saborbio.com\/sb\/en\/#organization"},"potentialAction":[{"@type":"SearchAction","target":{"@type":"EntryPoint","urlTemplate":"https:\/\/saborbio.com\/sb\/en\/?s={search_term_string}"},"query-input":{"@type":"PropertyValueSpecification","valueRequired":true,"valueName":"search_term_string"}}],"inLanguage":"pt-PT"},{"@type":"Organization","@id":"https:\/\/saborbio.com\/sb\/en\/#organization","name":"SABOR BIO","url":"https:\/\/saborbio.com\/sb\/en\/","logo":{"@type":"ImageObject","inLanguage":"pt-PT","@id":"https:\/\/saborbio.com\/sb\/en\/#\/schema\/logo\/image\/","url":"https:\/\/saborbio.com\/sb\/wp-content\/uploads\/2023\/11\/SaborbioWeb.png","contentUrl":"https:\/\/saborbio.com\/sb\/wp-content\/uploads\/2023\/11\/SaborbioWeb.png","width":488,"height":137,"caption":"SABOR BIO"},"image":{"@id":"https:\/\/saborbio.com\/sb\/en\/#\/schema\/logo\/image\/"},"sameAs":["http:\/\/www.facebook.com\/saborbio","https:\/\/www.linkedin.com\/company\/sabor-bio","http:\/\/www.pinterest.com\/saborbio\/"]}]}},"_links":{"self":[{"href":"https:\/\/saborbio.com\/sb\/wp-json\/wp\/v2\/product\/1041","targetHints":{"allow":["GET"]}}],"collection":[{"href":"https:\/\/saborbio.com\/sb\/wp-json\/wp\/v2\/product"}],"about":[{"href":"https:\/\/saborbio.com\/sb\/wp-json\/wp\/v2\/types\/product"}],"replies":[{"embeddable":true,"href":"https:\/\/saborbio.com\/sb\/wp-json\/wp\/v2\/comments?post=1041"}],"wp:featuredmedia":[{"embeddable":true,"href":"https:\/\/saborbio.com\/sb\/wp-json\/wp\/v2\/media\/1042"}],"wp:attachment":[{"href":"https:\/\/saborbio.com\/sb\/wp-json\/wp\/v2\/media?parent=1041"}],"wp:term":[{"taxonomy":"product_brand","embeddable":true,"href":"https:\/\/saborbio.com\/sb\/wp-json\/wp\/v2\/product_brand?post=1041"},{"taxonomy":"product_cat","embeddable":true,"href":"https:\/\/saborbio.com\/sb\/wp-json\/wp\/v2\/product_cat?post=1041"},{"taxonomy":"product_tag","embeddable":true,"href":"https:\/\/saborbio.com\/sb\/wp-json\/wp\/v2\/product_tag?post=1041"}],"curies":[{"name":"wp","href":"https:\/\/api.w.org\/{rel}","templated":true}]}}