{"id":1159,"date":"2024-05-18T22:16:59","date_gmt":"2024-05-18T21:16:59","guid":{"rendered":"https:\/\/saborbio.com\/sb\/?post_type=product&#038;p=1159"},"modified":"2026-02-03T17:48:02","modified_gmt":"2026-02-03T17:48:02","slug":"sumo-de-pera-25cl","status":"publish","type":"product","link":"https:\/\/saborbio.com\/sb\/loja\/sumo-de-pera-25cl\/","title":{"rendered":"Sumo de Pera 25cl"},"content":{"rendered":"\t<div id=\"gap-1111300989\" class=\"gap-element clearfix\" style=\"display:block; height:auto;\">\n\t\t\n<style>\n#gap-1111300989 {\n  padding-top: 30px;\n}\n<\/style>\n\t<\/div>\n\t\n<p style=\"text-align: justify;\">Este sumo \u00e9 produzido com variedades de peras que n\u00e3o sejam Rocha. As variedades utilizadas dependem da disponibilidade na altura da produ\u00e7\u00e3o. Cada lote \u00e9 \u00fanico. Para saber quais as variedades de peras utilizadas no lote que est\u00e1 a comprar, consulte o r\u00f3tulo. Essa informa\u00e7\u00e3o tamb\u00e9m est\u00e1 dispon\u00edvel ao lado, na informa\u00e7\u00e3o adicional, onde indicamos a variedade de peras utilizada no lote a ser vendido.<\/p>\n<p>De todos os nossos sumos, este \u00e9 o menos doce.<\/p>\n<p style=\"text-align: justify;\">Toda a fruta que utilizamos prov\u00e9m de fruticultores da regi\u00e3o. Caso esteja interessado, pode verificar quem produziu a fruta em cada garrafa.<\/p>\n<p style=\"text-align: justify;\">\t<div id=\"gap-30955209\" class=\"gap-element clearfix\" style=\"display:block; height:auto;\">\n\t\t\n<style>\n#gap-30955209 {\n  padding-top: 30px;\n}\n<\/style>\n\t<\/div>\n\t\n<h4>Produ\u00e7\u00e3o<\/h4>\n<div class=\"is-divider divider clearfix\" ><\/div>\n<p style=\"text-align: justify;\">O nosso processo de produ\u00e7\u00e3o do sumo de fruta \u00e9 simples e tradicional.<\/p>\n<p style=\"text-align: justify;\">Moemos as ma\u00e7\u00e3s e prensamos a massa resultante para extrair o sumo. Depois, pasteurizamos e engarrafamos.<\/p>\n<p style=\"text-align: justify;\">Recentemente, conclu\u00edmos que a pasteuriza\u00e7\u00e3o n\u00e3o era suficiente para conservar o sumo, por isso come\u00e7\u00e1mos a adicionar uma pequena quantidade de \u00e1cido c\u00edtrico para regular a acidez e melhorar a conserva\u00e7\u00e3o. A quantidade adicionada varia de lote para lote, dependendo da acidez original do sumo, mas \u00e9 sempre inferior a 0,03% podendo ir at\u00e9 aos 0% em alguns lotes e para algumas frutas.<\/p>\n<p style=\"text-align: justify;\">Em regra, evitamos a utiliza\u00e7\u00e3o de aditivos nos nossos produtos &#8211; gostamos que estes sejam o mais simples poss\u00edvel &#8211; mas neste produto em particular, isso nem sempre \u00e9 poss\u00edvel. De qualquer modo, restringimos a quantidade utilizada sempre ao m\u00ednimo necess\u00e1rio para que cumpra a sua fun\u00e7\u00e3o.<\/p>\n<p style=\"text-align: justify;\">Al\u00e9m disso, n\u00e3o adicionamos \u00e1gua ao nosso sumo, resultando num sumo polposo &#8211; para um sumo mais l\u00edquido, recomendamos adicionar um pouco de \u00e1gua antes de beber. Tamb\u00e9m n\u00e3o adicionamos a\u00e7\u00facar &#8211; o sabor doce do sumo vem da pr\u00f3pria fruta.<\/p>\n","protected":false},"excerpt":{"rendered":"<p style=\"text-align: justify;\">Este sumo \u00e9 produzido com peras biol\u00f3gicas cultivadas na regi\u00e3o Oeste de Portugal. Com um sabor intenso a p\u00eara, \u00e9 o nosso sumo menos doce. N\u00e3o adicionamos a\u00e7\u00facar ou \u00e1gua, o que resulta num sumo polposo. Para um sumo mais l\u00edquido, basta adicionar \u00e1gua. Esta \u00e9 a nossa garrafa de 25cl.<\/p>\n\t\t<div class=\"wccs-bulk-pricing-table-container\">\n\t\t\t\t\r\n\r\n<table>\r\n<thead>\r\n<tr>\r\n<th>quantidade<sup>(1)<\/sup><\/th>\r\n<th>desconto<\/th>\r\n<th>pre\u00e7o<sup>(2)<\/sup><\/th>\r\n<th>pre\u00e7o<sup>(3)<\/sup><\/th>\r\n<\/tr>\r\n<\/thead>\r\n<tbody>\r\n<tr>\r\n<td>3 - 4<\/td>\r\n<td>5%<\/td>\r\n<td><span class=\"woocommerce-Price-amount amount\">2,94<span class=\"woocommerce-Price-currencySymbol\">\u20ac<\/span><\/span><\/td>\r\n<td rowspan=\"10\"><span class=\"woocommerce-Price-amount amount\">1,22<span class=\"woocommerce-Price-currencySymbol\">\u20ac<\/span><\/span><\/td>\r\n<\/tr>\r\n<tr>\r\n<td>5 - 6<\/td>\r\n<td>16%<\/td>\r\n<td><span class=\"woocommerce-Price-amount amount\">2,60<span class=\"woocommerce-Price-currencySymbol\">\u20ac<\/span><\/span><\/td>\r\n<\/tr>\r\n<tr>\r\n<td>7 - 11<\/td>\r\n<td>24%<\/td>\r\n<td><span class=\"woocommerce-Price-amount amount\">2,35<span class=\"woocommerce-Price-currencySymbol\">\u20ac<\/span><\/span><\/td>\r\n<\/tr>\r\n<tr>\r\n<td>12 - 13<\/td>\r\n<td>27%<\/td>\r\n<td><span class=\"woocommerce-Price-amount amount\">2,26<span class=\"woocommerce-Price-currencySymbol\">\u20ac<\/span><\/span><\/td>\r\n<\/tr>\r\n<tr>\r\n<td>14 - 15<\/td>\r\n<td>29%<\/td>\r\n<td><span class=\"woocommerce-Price-amount amount\">2,19<span class=\"woocommerce-Price-currencySymbol\">\u20ac<\/span><\/span><\/td>\r\n<\/tr>\r\n<tr>\r\n<td>16 - 17<\/td>\r\n<td>34%<\/td>\r\n<td><span class=\"woocommerce-Price-amount amount\">2,04<span class=\"woocommerce-Price-currencySymbol\">\u20ac<\/span><\/span><\/td>\r\n<\/tr>\r\n<tr>\r\n<td>18 - 25<\/td>\r\n<td>35%<\/td>\r\n<td><span class=\"woocommerce-Price-amount amount\">2,01<span class=\"woocommerce-Price-currencySymbol\">\u20ac<\/span><\/span><\/td>\r\n<\/tr>\r\n<tr>\r\n<td>26 - 29<\/td>\r\n<td>36%<\/td>\r\n<td><span class=\"woocommerce-Price-amount amount\">1,98<span class=\"woocommerce-Price-currencySymbol\">\u20ac<\/span><\/span><\/td>\r\n<\/tr>\r\n<tr>\r\n<td>30 - 73<\/td>\r\n<td>37%<\/td>\r\n<td><span class=\"woocommerce-Price-amount amount\">1,95<span class=\"woocommerce-Price-currencySymbol\">\u20ac<\/span><\/span><\/td>\r\n<\/tr>\r\n<tr>\r\n<td>74 +<\/td>\r\n<td>38%<\/td>\r\n<td><span class=\"woocommerce-Price-amount amount\">1,92<span class=\"woocommerce-Price-currencySymbol\">\u20ac<\/span><\/span><\/td>\r\n<\/tr>\r\n<\/tbody>\r\n<\/table>\r\n\t\t<\/div>\n\t\r\n\t<div id=\"text-1069796664\" class=\"text\">\n\t\t\r\n\r\n<p><sup>(1)<\/sup> total de artigos no carrinho <br \/><sup>(2)<\/sup> envio por transportadora <br \/><sup>(3)<\/sup> recolha na SB<\/p>\r\n\r\n\t\t\n<style>\n#text-1069796664 {\n  font-size: 0.8rem;\n  text-align: left;\n}\n<\/style>\n\t<\/div>\n\t\n","protected":false},"featured_media":1144,"comment_status":"open","ping_status":"closed","template":"","meta":[],"product_brand":[],"product_cat":[78,93],"product_tag":[99,113,116],"class_list":{"0":"post-1159","1":"product","2":"type-product","3":"status-publish","4":"has-post-thumbnail","6":"product_cat-pera","7":"product_cat-sumos","8":"product_tag-25cl","9":"product_tag-pera","10":"product_tag-sumos","11":"product_shipping_class-juices25cl","13":"first","14":"outofstock","15":"taxable","16":"shipping-taxable","17":"purchasable","18":"product-type-simple"},"yoast_head":"<!-- This site is optimized with the Yoast SEO plugin v27.3 - https:\/\/yoast.com\/product\/yoast-seo-wordpress\/ -->\n<title>Sumo de Pera 25cl | SABOR BIO<\/title>\n<meta name=\"robots\" content=\"index, follow, max-snippet:-1, max-image-preview:large, max-video-preview:-1\" \/>\n<link rel=\"canonical\" href=\"https:\/\/saborbio.com\/sb\/loja\/sumo-de-pera-25cl\/\" \/>\n<meta property=\"og:locale\" content=\"pt_PT\" \/>\n<meta property=\"og:type\" content=\"article\" \/>\n<meta property=\"og:title\" content=\"Sumo de Pera 25cl | SABOR BIO\" \/>\n<meta property=\"og:description\" content=\"Este sumo \u00e9 produzido com peras biol\u00f3gicas cultivadas na regi\u00e3o Oeste de Portugal. Com um sabor intenso a p\u00eara, \u00e9 o nosso sumo menos doce. N\u00e3o adicionamos a\u00e7\u00facar ou \u00e1gua, o que resulta num sumo polposo. Para um sumo mais l\u00edquido, basta adicionar \u00e1gua. Esta \u00e9 a nossa garrafa de 25cl.\" \/>\n<meta property=\"og:url\" content=\"https:\/\/saborbio.com\/sb\/loja\/sumo-de-pera-25cl\/\" \/>\n<meta property=\"og:site_name\" content=\"SABOR BIO\" \/>\n<meta property=\"article:publisher\" content=\"http:\/\/www.facebook.com\/saborbio\" \/>\n<meta property=\"article:modified_time\" content=\"2026-02-03T17:48:02+00:00\" \/>\n<meta property=\"og:image\" content=\"https:\/\/saborbio.com\/sb\/wp-content\/uploads\/2024\/05\/5608604000515SumoPera25.jpg\" \/>\n\t<meta property=\"og:image:width\" content=\"1100\" \/>\n\t<meta property=\"og:image:height\" content=\"1100\" \/>\n\t<meta property=\"og:image:type\" content=\"image\/jpeg\" \/>\n<meta name=\"twitter:card\" content=\"summary_large_image\" \/>\n<meta name=\"twitter:label1\" content=\"Tempo estimado de leitura\" \/>\n\t<meta name=\"twitter:data1\" content=\"2 minutos\" \/>\n<script type=\"application\/ld+json\" class=\"yoast-schema-graph\">{\"@context\":\"https:\\\/\\\/schema.org\",\"@graph\":[{\"@type\":\"WebPage\",\"@id\":\"https:\\\/\\\/saborbio.com\\\/sb\\\/loja\\\/sumo-de-pera-25cl\\\/\",\"url\":\"https:\\\/\\\/saborbio.com\\\/sb\\\/loja\\\/sumo-de-pera-25cl\\\/\",\"name\":\"Sumo de Pera 25cl | SABOR BIO\",\"isPartOf\":{\"@id\":\"https:\\\/\\\/saborbio.com\\\/sb\\\/en\\\/#website\"},\"primaryImageOfPage\":{\"@id\":\"https:\\\/\\\/saborbio.com\\\/sb\\\/loja\\\/sumo-de-pera-25cl\\\/#primaryimage\"},\"image\":{\"@id\":\"https:\\\/\\\/saborbio.com\\\/sb\\\/loja\\\/sumo-de-pera-25cl\\\/#primaryimage\"},\"thumbnailUrl\":\"https:\\\/\\\/saborbio.com\\\/sb\\\/wp-content\\\/uploads\\\/2024\\\/05\\\/5608604000515SumoPera25.jpg\",\"datePublished\":\"2024-05-18T21:16:59+00:00\",\"dateModified\":\"2026-02-03T17:48:02+00:00\",\"breadcrumb\":{\"@id\":\"https:\\\/\\\/saborbio.com\\\/sb\\\/loja\\\/sumo-de-pera-25cl\\\/#breadcrumb\"},\"inLanguage\":\"pt-PT\",\"potentialAction\":[{\"@type\":\"ReadAction\",\"target\":[\"https:\\\/\\\/saborbio.com\\\/sb\\\/loja\\\/sumo-de-pera-25cl\\\/\"]}]},{\"@type\":\"ImageObject\",\"inLanguage\":\"pt-PT\",\"@id\":\"https:\\\/\\\/saborbio.com\\\/sb\\\/loja\\\/sumo-de-pera-25cl\\\/#primaryimage\",\"url\":\"https:\\\/\\\/saborbio.com\\\/sb\\\/wp-content\\\/uploads\\\/2024\\\/05\\\/5608604000515SumoPera25.jpg\",\"contentUrl\":\"https:\\\/\\\/saborbio.com\\\/sb\\\/wp-content\\\/uploads\\\/2024\\\/05\\\/5608604000515SumoPera25.jpg\",\"width\":1100,\"height\":1100,\"caption\":\"Garrafa de Sumo de Pera 25cl\"},{\"@type\":\"BreadcrumbList\",\"@id\":\"https:\\\/\\\/saborbio.com\\\/sb\\\/loja\\\/sumo-de-pera-25cl\\\/#breadcrumb\",\"itemListElement\":[{\"@type\":\"ListItem\",\"position\":1,\"name\":\"Home\",\"item\":\"https:\\\/\\\/saborbio.com\\\/sb\\\/\"},{\"@type\":\"ListItem\",\"position\":2,\"name\":\"Loja\",\"item\":\"https:\\\/\\\/saborbio.com\\\/sb\\\/\"},{\"@type\":\"ListItem\",\"position\":3,\"name\":\"Sumo de Pera 25cl\"}]},{\"@type\":\"WebSite\",\"@id\":\"https:\\\/\\\/saborbio.com\\\/sb\\\/en\\\/#website\",\"url\":\"https:\\\/\\\/saborbio.com\\\/sb\\\/en\\\/\",\"name\":\"SABOR BIO\",\"description\":\"O melhor sabor da fruta\",\"publisher\":{\"@id\":\"https:\\\/\\\/saborbio.com\\\/sb\\\/en\\\/#organization\"},\"potentialAction\":[{\"@type\":\"SearchAction\",\"target\":{\"@type\":\"EntryPoint\",\"urlTemplate\":\"https:\\\/\\\/saborbio.com\\\/sb\\\/en\\\/?s={search_term_string}\"},\"query-input\":{\"@type\":\"PropertyValueSpecification\",\"valueRequired\":true,\"valueName\":\"search_term_string\"}}],\"inLanguage\":\"pt-PT\"},{\"@type\":\"Organization\",\"@id\":\"https:\\\/\\\/saborbio.com\\\/sb\\\/en\\\/#organization\",\"name\":\"SABOR BIO\",\"url\":\"https:\\\/\\\/saborbio.com\\\/sb\\\/en\\\/\",\"logo\":{\"@type\":\"ImageObject\",\"inLanguage\":\"pt-PT\",\"@id\":\"https:\\\/\\\/saborbio.com\\\/sb\\\/en\\\/#\\\/schema\\\/logo\\\/image\\\/\",\"url\":\"https:\\\/\\\/saborbio.com\\\/sb\\\/wp-content\\\/uploads\\\/2023\\\/11\\\/SaborbioWeb.png\",\"contentUrl\":\"https:\\\/\\\/saborbio.com\\\/sb\\\/wp-content\\\/uploads\\\/2023\\\/11\\\/SaborbioWeb.png\",\"width\":488,\"height\":137,\"caption\":\"SABOR BIO\"},\"image\":{\"@id\":\"https:\\\/\\\/saborbio.com\\\/sb\\\/en\\\/#\\\/schema\\\/logo\\\/image\\\/\"},\"sameAs\":[\"http:\\\/\\\/www.facebook.com\\\/saborbio\",\"https:\\\/\\\/www.linkedin.com\\\/company\\\/sabor-bio\",\"http:\\\/\\\/www.pinterest.com\\\/saborbio\\\/\"]}]}<\/script>\n<!-- \/ Yoast SEO plugin. -->","yoast_head_json":{"title":"Sumo de Pera 25cl | SABOR BIO","robots":{"index":"index","follow":"follow","max-snippet":"max-snippet:-1","max-image-preview":"max-image-preview:large","max-video-preview":"max-video-preview:-1"},"canonical":"https:\/\/saborbio.com\/sb\/loja\/sumo-de-pera-25cl\/","og_locale":"pt_PT","og_type":"article","og_title":"Sumo de Pera 25cl | SABOR BIO","og_description":"Este sumo \u00e9 produzido com peras biol\u00f3gicas cultivadas na regi\u00e3o Oeste de Portugal. Com um sabor intenso a p\u00eara, \u00e9 o nosso sumo menos doce. N\u00e3o adicionamos a\u00e7\u00facar ou \u00e1gua, o que resulta num sumo polposo. Para um sumo mais l\u00edquido, basta adicionar \u00e1gua. Esta \u00e9 a nossa garrafa de 25cl.","og_url":"https:\/\/saborbio.com\/sb\/loja\/sumo-de-pera-25cl\/","og_site_name":"SABOR BIO","article_publisher":"http:\/\/www.facebook.com\/saborbio","article_modified_time":"2026-02-03T17:48:02+00:00","og_image":[{"width":1100,"height":1100,"url":"https:\/\/saborbio.com\/sb\/wp-content\/uploads\/2024\/05\/5608604000515SumoPera25.jpg","type":"image\/jpeg"}],"twitter_card":"summary_large_image","twitter_misc":{"Tempo estimado de leitura":"2 minutos"},"schema":{"@context":"https:\/\/schema.org","@graph":[{"@type":"WebPage","@id":"https:\/\/saborbio.com\/sb\/loja\/sumo-de-pera-25cl\/","url":"https:\/\/saborbio.com\/sb\/loja\/sumo-de-pera-25cl\/","name":"Sumo de Pera 25cl | SABOR BIO","isPartOf":{"@id":"https:\/\/saborbio.com\/sb\/en\/#website"},"primaryImageOfPage":{"@id":"https:\/\/saborbio.com\/sb\/loja\/sumo-de-pera-25cl\/#primaryimage"},"image":{"@id":"https:\/\/saborbio.com\/sb\/loja\/sumo-de-pera-25cl\/#primaryimage"},"thumbnailUrl":"https:\/\/saborbio.com\/sb\/wp-content\/uploads\/2024\/05\/5608604000515SumoPera25.jpg","datePublished":"2024-05-18T21:16:59+00:00","dateModified":"2026-02-03T17:48:02+00:00","breadcrumb":{"@id":"https:\/\/saborbio.com\/sb\/loja\/sumo-de-pera-25cl\/#breadcrumb"},"inLanguage":"pt-PT","potentialAction":[{"@type":"ReadAction","target":["https:\/\/saborbio.com\/sb\/loja\/sumo-de-pera-25cl\/"]}]},{"@type":"ImageObject","inLanguage":"pt-PT","@id":"https:\/\/saborbio.com\/sb\/loja\/sumo-de-pera-25cl\/#primaryimage","url":"https:\/\/saborbio.com\/sb\/wp-content\/uploads\/2024\/05\/5608604000515SumoPera25.jpg","contentUrl":"https:\/\/saborbio.com\/sb\/wp-content\/uploads\/2024\/05\/5608604000515SumoPera25.jpg","width":1100,"height":1100,"caption":"Garrafa de Sumo de Pera 25cl"},{"@type":"BreadcrumbList","@id":"https:\/\/saborbio.com\/sb\/loja\/sumo-de-pera-25cl\/#breadcrumb","itemListElement":[{"@type":"ListItem","position":1,"name":"Home","item":"https:\/\/saborbio.com\/sb\/"},{"@type":"ListItem","position":2,"name":"Loja","item":"https:\/\/saborbio.com\/sb\/"},{"@type":"ListItem","position":3,"name":"Sumo de Pera 25cl"}]},{"@type":"WebSite","@id":"https:\/\/saborbio.com\/sb\/en\/#website","url":"https:\/\/saborbio.com\/sb\/en\/","name":"SABOR BIO","description":"O melhor sabor da fruta","publisher":{"@id":"https:\/\/saborbio.com\/sb\/en\/#organization"},"potentialAction":[{"@type":"SearchAction","target":{"@type":"EntryPoint","urlTemplate":"https:\/\/saborbio.com\/sb\/en\/?s={search_term_string}"},"query-input":{"@type":"PropertyValueSpecification","valueRequired":true,"valueName":"search_term_string"}}],"inLanguage":"pt-PT"},{"@type":"Organization","@id":"https:\/\/saborbio.com\/sb\/en\/#organization","name":"SABOR BIO","url":"https:\/\/saborbio.com\/sb\/en\/","logo":{"@type":"ImageObject","inLanguage":"pt-PT","@id":"https:\/\/saborbio.com\/sb\/en\/#\/schema\/logo\/image\/","url":"https:\/\/saborbio.com\/sb\/wp-content\/uploads\/2023\/11\/SaborbioWeb.png","contentUrl":"https:\/\/saborbio.com\/sb\/wp-content\/uploads\/2023\/11\/SaborbioWeb.png","width":488,"height":137,"caption":"SABOR BIO"},"image":{"@id":"https:\/\/saborbio.com\/sb\/en\/#\/schema\/logo\/image\/"},"sameAs":["http:\/\/www.facebook.com\/saborbio","https:\/\/www.linkedin.com\/company\/sabor-bio","http:\/\/www.pinterest.com\/saborbio\/"]}]}},"_links":{"self":[{"href":"https:\/\/saborbio.com\/sb\/wp-json\/wp\/v2\/product\/1159","targetHints":{"allow":["GET"]}}],"collection":[{"href":"https:\/\/saborbio.com\/sb\/wp-json\/wp\/v2\/product"}],"about":[{"href":"https:\/\/saborbio.com\/sb\/wp-json\/wp\/v2\/types\/product"}],"replies":[{"embeddable":true,"href":"https:\/\/saborbio.com\/sb\/wp-json\/wp\/v2\/comments?post=1159"}],"wp:featuredmedia":[{"embeddable":true,"href":"https:\/\/saborbio.com\/sb\/wp-json\/wp\/v2\/media\/1144"}],"wp:attachment":[{"href":"https:\/\/saborbio.com\/sb\/wp-json\/wp\/v2\/media?parent=1159"}],"wp:term":[{"taxonomy":"product_brand","embeddable":true,"href":"https:\/\/saborbio.com\/sb\/wp-json\/wp\/v2\/product_brand?post=1159"},{"taxonomy":"product_cat","embeddable":true,"href":"https:\/\/saborbio.com\/sb\/wp-json\/wp\/v2\/product_cat?post=1159"},{"taxonomy":"product_tag","embeddable":true,"href":"https:\/\/saborbio.com\/sb\/wp-json\/wp\/v2\/product_tag?post=1159"}],"curies":[{"name":"wp","href":"https:\/\/api.w.org\/{rel}","templated":true}]}}