{"id":916,"date":"2020-06-04T11:30:19","date_gmt":"2020-06-04T10:30:19","guid":{"rendered":"https:\/\/saborbio.com\/sb\/?post_type=product&#038;p=916"},"modified":"2025-01-01T16:23:25","modified_gmt":"2025-01-01T16:23:25","slug":"vinagre-agridoce-de-framboesa","status":"publish","type":"product","link":"https:\/\/saborbio.com\/sb\/loja\/vinagre-agridoce-de-framboesa\/","title":{"rendered":"Vinagre Agridoce de Framboesa"},"content":{"rendered":"\t<div id=\"gap-43068911\" class=\"gap-element clearfix\" style=\"display:block; height:auto;\">\n\t\t\n<style>\n#gap-43068911 {\n  padding-top: 30px;\n}\n<\/style>\n\t<\/div>\n\t\n<p style=\"text-align: justify;\">Este vinagre foi o pioneiro na nossa linha de vinagres agridoces, sendo um produto vers\u00e1til que pode ser usado em sobremesas ou como um vinagre tradicional. \u00c9 ideal para os apreciadores de vinagre bals\u00e2mico, mas com sabor a framboesa.<\/p>\n<p style=\"text-align: justify;\">Produzido com o nosso vinagre de sidra, a\u00e7\u00facar e sumo de framboesa, est\u00e1 dispon\u00edvel em garrafas de 25cl.<\/p>\n<p style=\"text-align: justify;\">\t<div id=\"gap-1530127045\" class=\"gap-element clearfix\" style=\"display:block; height:auto;\">\n\t\t\n<style>\n#gap-1530127045 {\n  padding-top: 30px;\n}\n<\/style>\n\t<\/div>\n\t\n<h4>Produ\u00e7\u00e3o<\/h4>\n<div class=\"is-divider divider clearfix\" ><\/div>\n<p style=\"text-align: justify;\">O processo de fabrico \u00e9 simples e tradicional.<\/p>\n<p style=\"text-align: justify;\">Come\u00e7a-se por fazer sumo de ma\u00e7\u00e3, o qual \u00e9 submetido a uma dupla fermenta\u00e7\u00e3o. Durante a primeira fermenta\u00e7\u00e3o, o a\u00e7\u00facar das ma\u00e7\u00e3s \u00e9 convertido em \u00e1lcool, e na segunda fermenta\u00e7\u00e3o, o \u00e1lcool \u00e9 transformado em \u00e1cido ac\u00e9tico, resultando na produ\u00e7\u00e3o de sidra e vinagre de sidra.<\/p>\n<p style=\"text-align: justify;\">Em geral, o nosso vinagre leva cerca de um ano a ser produzido.<\/p>\n<p style=\"text-align: justify;\">Ap\u00f3s a produ\u00e7\u00e3o do vinagre de sidra, prensamos framboesas para extrair o sumo, que \u00e9 ent\u00e3o adicionado ao vinagre, e quando o vinagre de framboesa est\u00e1 pronto, adicionamos a\u00e7\u00facar para que fique doce.<\/p>\n","protected":false},"excerpt":{"rendered":"<p style=\"text-align: justify;\">O nosso vinagre agridoce de framboesa \u00e9 produzido com vinagre de sidra, a\u00e7\u00facar e sumo de framboesa. Este vinagre \u00e9 vers\u00e1til, servindo tanto para sobremesas como para pratos salgados. Com um sabor doce e \u00e1cido a framboesa, \u00e9 um dos nossos produtos mais surpreendentes. Esta \u00e9 a nossa garrafa de 25cl.<\/p>\n\t\t<div class=\"wccs-bulk-pricing-table-container\">\n\t\t\t\t\r\n\r\n<table>\r\n<thead>\r\n<tr>\r\n<th>quantidade<sup>(1)<\/sup><\/th>\r\n<th>desconto<\/th>\r\n<th>pre\u00e7o<sup>(2)<\/sup><\/th>\r\n<th>pre\u00e7o<sup>(3)<\/sup><\/th>\r\n<\/tr>\r\n<\/thead>\r\n<tbody>\r\n<tr>\r\n<td>2<\/td>\r\n<td>26%<\/td>\r\n<td><span class=\"woocommerce-Price-amount amount\">6,50<span class=\"woocommerce-Price-currencySymbol\">\u20ac<\/span><\/span><\/td>\r\n<td rowspan=\"9\"><span class=\"woocommerce-Price-amount amount\">3,51<span class=\"woocommerce-Price-currencySymbol\">\u20ac<\/span><\/span><\/td>\r\n<\/tr>\r\n<tr>\r\n<td>3<\/td>\r\n<td>34%<\/td>\r\n<td><span class=\"woocommerce-Price-amount amount\">5,80<span class=\"woocommerce-Price-currencySymbol\">\u20ac<\/span><\/span><\/td>\r\n<\/tr>\r\n<tr>\r\n<td>4<\/td>\r\n<td>36%<\/td>\r\n<td><span class=\"woocommerce-Price-amount amount\">5,63<span class=\"woocommerce-Price-currencySymbol\">\u20ac<\/span><\/span><\/td>\r\n<\/tr>\r\n<tr>\r\n<td>5<\/td>\r\n<td>38%<\/td>\r\n<td><span class=\"woocommerce-Price-amount amount\">5,45<span class=\"woocommerce-Price-currencySymbol\">\u20ac<\/span><\/span><\/td>\r\n<\/tr>\r\n<tr>\r\n<td>6 - 10<\/td>\r\n<td>40%<\/td>\r\n<td><span class=\"woocommerce-Price-amount amount\">5,27<span class=\"woocommerce-Price-currencySymbol\">\u20ac<\/span><\/span><\/td>\r\n<\/tr>\r\n<tr>\r\n<td>11 - 13<\/td>\r\n<td>41%<\/td>\r\n<td><span class=\"woocommerce-Price-amount amount\">5,19<span class=\"woocommerce-Price-currencySymbol\">\u20ac<\/span><\/span><\/td>\r\n<\/tr>\r\n<tr>\r\n<td>14 - 17<\/td>\r\n<td>43%<\/td>\r\n<td><span class=\"woocommerce-Price-amount amount\">5,01<span class=\"woocommerce-Price-currencySymbol\">\u20ac<\/span><\/span><\/td>\r\n<\/tr>\r\n<tr>\r\n<td>18 - 40<\/td>\r\n<td>45%<\/td>\r\n<td><span class=\"woocommerce-Price-amount amount\">4,83<span class=\"woocommerce-Price-currencySymbol\">\u20ac<\/span><\/span><\/td>\r\n<\/tr>\r\n<tr>\r\n<td>41 +<\/td>\r\n<td>46%<\/td>\r\n<td><span class=\"woocommerce-Price-amount amount\">4,75<span class=\"woocommerce-Price-currencySymbol\">\u20ac<\/span><\/span><\/td>\r\n<\/tr>\r\n<\/tbody>\r\n<\/table>\r\n\t\t<\/div>\n\t\r\n\t<div id=\"text-2060211969\" class=\"text\">\n\t\t\r\n\r\n<p><sup>(1)<\/sup> total de artigos no carrinho <br \/><sup>(2)<\/sup> envio por transportadora <br \/><sup>(3)<\/sup> recolha na SB<\/p>\r\n\r\n\t\t\n<style>\n#text-2060211969 {\n  font-size: 0.8rem;\n  text-align: left;\n}\n<\/style>\n\t<\/div>\n\t\n","protected":false},"featured_media":917,"comment_status":"open","ping_status":"closed","template":"","meta":[],"product_brand":[],"product_cat":[82,87],"product_tag":[99,108,110,119],"class_list":{"0":"post-916","1":"product","2":"type-product","3":"status-publish","4":"has-post-thumbnail","6":"product_cat-framboesa","7":"product_cat-vinagres-agridoces","8":"product_tag-25cl","9":"product_tag-condimentos","10":"product_tag-framboesa","11":"product_tag-vinagre","12":"product_shipping_class-vinegars25cl","14":"first","15":"instock","16":"taxable","17":"shipping-taxable","18":"purchasable","19":"product-type-simple"},"yoast_head":"<!-- This site is optimized with the Yoast SEO plugin v27.3 - https:\/\/yoast.com\/product\/yoast-seo-wordpress\/ -->\n<title>Vinagre Agridoce de Framboesa | SABOR BIO<\/title>\n<meta name=\"robots\" content=\"index, follow, max-snippet:-1, max-image-preview:large, max-video-preview:-1\" \/>\n<link rel=\"canonical\" href=\"https:\/\/saborbio.com\/sb\/loja\/vinagre-agridoce-de-framboesa\/\" \/>\n<meta property=\"og:locale\" content=\"pt_PT\" \/>\n<meta property=\"og:type\" content=\"article\" \/>\n<meta property=\"og:title\" content=\"Vinagre Agridoce de Framboesa | SABOR BIO\" \/>\n<meta property=\"og:description\" content=\"O nosso vinagre agridoce de framboesa \u00e9 produzido com vinagre de sidra, a\u00e7\u00facar e sumo de framboesa. Este vinagre \u00e9 vers\u00e1til, servindo tanto para sobremesas como para pratos salgados. Com um sabor doce e \u00e1cido a framboesa, \u00e9 um dos nossos produtos mais surpreendentes. Esta \u00e9 a nossa garrafa de 25cl.\" \/>\n<meta property=\"og:url\" content=\"https:\/\/saborbio.com\/sb\/loja\/vinagre-agridoce-de-framboesa\/\" \/>\n<meta property=\"og:site_name\" content=\"SABOR BIO\" \/>\n<meta property=\"article:publisher\" content=\"http:\/\/www.facebook.com\/saborbio\" \/>\n<meta property=\"article:modified_time\" content=\"2025-01-01T16:23:25+00:00\" \/>\n<meta property=\"og:image\" content=\"https:\/\/saborbio.com\/sb\/wp-content\/uploads\/2024\/04\/5608604000485VinagreAgridoceFramboesa.jpg\" \/>\n\t<meta property=\"og:image:width\" content=\"1100\" \/>\n\t<meta property=\"og:image:height\" content=\"1100\" \/>\n\t<meta property=\"og:image:type\" content=\"image\/jpeg\" \/>\n<meta name=\"twitter:card\" content=\"summary_large_image\" \/>\n<meta name=\"twitter:label1\" content=\"Tempo estimado de leitura\" \/>\n\t<meta name=\"twitter:data1\" content=\"2 minutos\" \/>\n<script type=\"application\/ld+json\" class=\"yoast-schema-graph\">{\"@context\":\"https:\\\/\\\/schema.org\",\"@graph\":[{\"@type\":\"WebPage\",\"@id\":\"https:\\\/\\\/saborbio.com\\\/sb\\\/loja\\\/vinagre-agridoce-de-framboesa\\\/\",\"url\":\"https:\\\/\\\/saborbio.com\\\/sb\\\/loja\\\/vinagre-agridoce-de-framboesa\\\/\",\"name\":\"Vinagre Agridoce de Framboesa | SABOR BIO\",\"isPartOf\":{\"@id\":\"https:\\\/\\\/saborbio.com\\\/sb\\\/en\\\/#website\"},\"primaryImageOfPage\":{\"@id\":\"https:\\\/\\\/saborbio.com\\\/sb\\\/loja\\\/vinagre-agridoce-de-framboesa\\\/#primaryimage\"},\"image\":{\"@id\":\"https:\\\/\\\/saborbio.com\\\/sb\\\/loja\\\/vinagre-agridoce-de-framboesa\\\/#primaryimage\"},\"thumbnailUrl\":\"https:\\\/\\\/saborbio.com\\\/sb\\\/wp-content\\\/uploads\\\/2024\\\/04\\\/5608604000485VinagreAgridoceFramboesa.jpg\",\"datePublished\":\"2020-06-04T10:30:19+00:00\",\"dateModified\":\"2025-01-01T16:23:25+00:00\",\"breadcrumb\":{\"@id\":\"https:\\\/\\\/saborbio.com\\\/sb\\\/loja\\\/vinagre-agridoce-de-framboesa\\\/#breadcrumb\"},\"inLanguage\":\"pt-PT\",\"potentialAction\":[{\"@type\":\"ReadAction\",\"target\":[\"https:\\\/\\\/saborbio.com\\\/sb\\\/loja\\\/vinagre-agridoce-de-framboesa\\\/\"]}]},{\"@type\":\"ImageObject\",\"inLanguage\":\"pt-PT\",\"@id\":\"https:\\\/\\\/saborbio.com\\\/sb\\\/loja\\\/vinagre-agridoce-de-framboesa\\\/#primaryimage\",\"url\":\"https:\\\/\\\/saborbio.com\\\/sb\\\/wp-content\\\/uploads\\\/2024\\\/04\\\/5608604000485VinagreAgridoceFramboesa.jpg\",\"contentUrl\":\"https:\\\/\\\/saborbio.com\\\/sb\\\/wp-content\\\/uploads\\\/2024\\\/04\\\/5608604000485VinagreAgridoceFramboesa.jpg\",\"width\":1100,\"height\":1100,\"caption\":\"Garrafa de vinagre agridoce de framboesa 25cl\"},{\"@type\":\"BreadcrumbList\",\"@id\":\"https:\\\/\\\/saborbio.com\\\/sb\\\/loja\\\/vinagre-agridoce-de-framboesa\\\/#breadcrumb\",\"itemListElement\":[{\"@type\":\"ListItem\",\"position\":1,\"name\":\"Home\",\"item\":\"https:\\\/\\\/saborbio.com\\\/sb\\\/\"},{\"@type\":\"ListItem\",\"position\":2,\"name\":\"Loja\",\"item\":\"https:\\\/\\\/saborbio.com\\\/sb\\\/\"},{\"@type\":\"ListItem\",\"position\":3,\"name\":\"Vinagre Agridoce de Framboesa\"}]},{\"@type\":\"WebSite\",\"@id\":\"https:\\\/\\\/saborbio.com\\\/sb\\\/en\\\/#website\",\"url\":\"https:\\\/\\\/saborbio.com\\\/sb\\\/en\\\/\",\"name\":\"SABOR BIO\",\"description\":\"O melhor sabor da fruta\",\"publisher\":{\"@id\":\"https:\\\/\\\/saborbio.com\\\/sb\\\/en\\\/#organization\"},\"potentialAction\":[{\"@type\":\"SearchAction\",\"target\":{\"@type\":\"EntryPoint\",\"urlTemplate\":\"https:\\\/\\\/saborbio.com\\\/sb\\\/en\\\/?s={search_term_string}\"},\"query-input\":{\"@type\":\"PropertyValueSpecification\",\"valueRequired\":true,\"valueName\":\"search_term_string\"}}],\"inLanguage\":\"pt-PT\"},{\"@type\":\"Organization\",\"@id\":\"https:\\\/\\\/saborbio.com\\\/sb\\\/en\\\/#organization\",\"name\":\"SABOR BIO\",\"url\":\"https:\\\/\\\/saborbio.com\\\/sb\\\/en\\\/\",\"logo\":{\"@type\":\"ImageObject\",\"inLanguage\":\"pt-PT\",\"@id\":\"https:\\\/\\\/saborbio.com\\\/sb\\\/en\\\/#\\\/schema\\\/logo\\\/image\\\/\",\"url\":\"https:\\\/\\\/saborbio.com\\\/sb\\\/wp-content\\\/uploads\\\/2023\\\/11\\\/SaborbioWeb.png\",\"contentUrl\":\"https:\\\/\\\/saborbio.com\\\/sb\\\/wp-content\\\/uploads\\\/2023\\\/11\\\/SaborbioWeb.png\",\"width\":488,\"height\":137,\"caption\":\"SABOR BIO\"},\"image\":{\"@id\":\"https:\\\/\\\/saborbio.com\\\/sb\\\/en\\\/#\\\/schema\\\/logo\\\/image\\\/\"},\"sameAs\":[\"http:\\\/\\\/www.facebook.com\\\/saborbio\",\"https:\\\/\\\/www.linkedin.com\\\/company\\\/sabor-bio\",\"http:\\\/\\\/www.pinterest.com\\\/saborbio\\\/\"]}]}<\/script>\n<!-- \/ Yoast SEO plugin. -->","yoast_head_json":{"title":"Vinagre Agridoce de Framboesa | SABOR BIO","robots":{"index":"index","follow":"follow","max-snippet":"max-snippet:-1","max-image-preview":"max-image-preview:large","max-video-preview":"max-video-preview:-1"},"canonical":"https:\/\/saborbio.com\/sb\/loja\/vinagre-agridoce-de-framboesa\/","og_locale":"pt_PT","og_type":"article","og_title":"Vinagre Agridoce de Framboesa | SABOR BIO","og_description":"O nosso vinagre agridoce de framboesa \u00e9 produzido com vinagre de sidra, a\u00e7\u00facar e sumo de framboesa. Este vinagre \u00e9 vers\u00e1til, servindo tanto para sobremesas como para pratos salgados. Com um sabor doce e \u00e1cido a framboesa, \u00e9 um dos nossos produtos mais surpreendentes. Esta \u00e9 a nossa garrafa de 25cl.","og_url":"https:\/\/saborbio.com\/sb\/loja\/vinagre-agridoce-de-framboesa\/","og_site_name":"SABOR BIO","article_publisher":"http:\/\/www.facebook.com\/saborbio","article_modified_time":"2025-01-01T16:23:25+00:00","og_image":[{"width":1100,"height":1100,"url":"https:\/\/saborbio.com\/sb\/wp-content\/uploads\/2024\/04\/5608604000485VinagreAgridoceFramboesa.jpg","type":"image\/jpeg"}],"twitter_card":"summary_large_image","twitter_misc":{"Tempo estimado de leitura":"2 minutos"},"schema":{"@context":"https:\/\/schema.org","@graph":[{"@type":"WebPage","@id":"https:\/\/saborbio.com\/sb\/loja\/vinagre-agridoce-de-framboesa\/","url":"https:\/\/saborbio.com\/sb\/loja\/vinagre-agridoce-de-framboesa\/","name":"Vinagre Agridoce de Framboesa | SABOR BIO","isPartOf":{"@id":"https:\/\/saborbio.com\/sb\/en\/#website"},"primaryImageOfPage":{"@id":"https:\/\/saborbio.com\/sb\/loja\/vinagre-agridoce-de-framboesa\/#primaryimage"},"image":{"@id":"https:\/\/saborbio.com\/sb\/loja\/vinagre-agridoce-de-framboesa\/#primaryimage"},"thumbnailUrl":"https:\/\/saborbio.com\/sb\/wp-content\/uploads\/2024\/04\/5608604000485VinagreAgridoceFramboesa.jpg","datePublished":"2020-06-04T10:30:19+00:00","dateModified":"2025-01-01T16:23:25+00:00","breadcrumb":{"@id":"https:\/\/saborbio.com\/sb\/loja\/vinagre-agridoce-de-framboesa\/#breadcrumb"},"inLanguage":"pt-PT","potentialAction":[{"@type":"ReadAction","target":["https:\/\/saborbio.com\/sb\/loja\/vinagre-agridoce-de-framboesa\/"]}]},{"@type":"ImageObject","inLanguage":"pt-PT","@id":"https:\/\/saborbio.com\/sb\/loja\/vinagre-agridoce-de-framboesa\/#primaryimage","url":"https:\/\/saborbio.com\/sb\/wp-content\/uploads\/2024\/04\/5608604000485VinagreAgridoceFramboesa.jpg","contentUrl":"https:\/\/saborbio.com\/sb\/wp-content\/uploads\/2024\/04\/5608604000485VinagreAgridoceFramboesa.jpg","width":1100,"height":1100,"caption":"Garrafa de vinagre agridoce de framboesa 25cl"},{"@type":"BreadcrumbList","@id":"https:\/\/saborbio.com\/sb\/loja\/vinagre-agridoce-de-framboesa\/#breadcrumb","itemListElement":[{"@type":"ListItem","position":1,"name":"Home","item":"https:\/\/saborbio.com\/sb\/"},{"@type":"ListItem","position":2,"name":"Loja","item":"https:\/\/saborbio.com\/sb\/"},{"@type":"ListItem","position":3,"name":"Vinagre Agridoce de Framboesa"}]},{"@type":"WebSite","@id":"https:\/\/saborbio.com\/sb\/en\/#website","url":"https:\/\/saborbio.com\/sb\/en\/","name":"SABOR BIO","description":"O melhor sabor da fruta","publisher":{"@id":"https:\/\/saborbio.com\/sb\/en\/#organization"},"potentialAction":[{"@type":"SearchAction","target":{"@type":"EntryPoint","urlTemplate":"https:\/\/saborbio.com\/sb\/en\/?s={search_term_string}"},"query-input":{"@type":"PropertyValueSpecification","valueRequired":true,"valueName":"search_term_string"}}],"inLanguage":"pt-PT"},{"@type":"Organization","@id":"https:\/\/saborbio.com\/sb\/en\/#organization","name":"SABOR BIO","url":"https:\/\/saborbio.com\/sb\/en\/","logo":{"@type":"ImageObject","inLanguage":"pt-PT","@id":"https:\/\/saborbio.com\/sb\/en\/#\/schema\/logo\/image\/","url":"https:\/\/saborbio.com\/sb\/wp-content\/uploads\/2023\/11\/SaborbioWeb.png","contentUrl":"https:\/\/saborbio.com\/sb\/wp-content\/uploads\/2023\/11\/SaborbioWeb.png","width":488,"height":137,"caption":"SABOR BIO"},"image":{"@id":"https:\/\/saborbio.com\/sb\/en\/#\/schema\/logo\/image\/"},"sameAs":["http:\/\/www.facebook.com\/saborbio","https:\/\/www.linkedin.com\/company\/sabor-bio","http:\/\/www.pinterest.com\/saborbio\/"]}]}},"_links":{"self":[{"href":"https:\/\/saborbio.com\/sb\/wp-json\/wp\/v2\/product\/916","targetHints":{"allow":["GET"]}}],"collection":[{"href":"https:\/\/saborbio.com\/sb\/wp-json\/wp\/v2\/product"}],"about":[{"href":"https:\/\/saborbio.com\/sb\/wp-json\/wp\/v2\/types\/product"}],"replies":[{"embeddable":true,"href":"https:\/\/saborbio.com\/sb\/wp-json\/wp\/v2\/comments?post=916"}],"wp:featuredmedia":[{"embeddable":true,"href":"https:\/\/saborbio.com\/sb\/wp-json\/wp\/v2\/media\/917"}],"wp:attachment":[{"href":"https:\/\/saborbio.com\/sb\/wp-json\/wp\/v2\/media?parent=916"}],"wp:term":[{"taxonomy":"product_brand","embeddable":true,"href":"https:\/\/saborbio.com\/sb\/wp-json\/wp\/v2\/product_brand?post=916"},{"taxonomy":"product_cat","embeddable":true,"href":"https:\/\/saborbio.com\/sb\/wp-json\/wp\/v2\/product_cat?post=916"},{"taxonomy":"product_tag","embeddable":true,"href":"https:\/\/saborbio.com\/sb\/wp-json\/wp\/v2\/product_tag?post=916"}],"curies":[{"name":"wp","href":"https:\/\/api.w.org\/{rel}","templated":true}]}}